{"id":441,"date":"2021-12-02T01:28:40","date_gmt":"2021-12-02T01:28:40","guid":{"rendered":"https:\/\/sites.wp.odu.edu\/basicspanishdraft2\/?page_id=441"},"modified":"2021-12-17T18:27:03","modified_gmt":"2021-12-17T18:27:03","slug":"activities-2","status":"publish","type":"page","link":"https:\/\/sites.wp.odu.edu\/101-spanish\/activities-2\/","title":{"rendered":"Activities"},"content":{"rendered":"\n<p>Things I learned in my Spanish course were Quien soy yo? , Quien Eres Tu? , Describe Qu\u00e9 Tengo queue hacer esta semana?, Describe C\u00f3mo es mi Universidad?, and A qui\u00e9n admiro? I was able to do the work and learn how to write and speak in Spanish. I was able to do my interviews with the professor confidently and pass my interviews with a 100%<\/p>\n\n\n\n<p>Cultura:<\/p>\n\n\n\n<p>Engaging in communities: <\/p>\n\n\n\n<p>Interpretive Listening:<\/p>\n\n\n\n<p>Interpretive Reading: <\/p>\n\n\n\n<p>Presentational: <\/p>\n\n\n\n<p> <\/p>\n","protected":false},"excerpt":{"rendered":"<p>Things I learned in my Spanish course were Quien soy yo? , Quien Eres Tu? , Describe Qu\u00e9 Tengo queue hacer esta semana?, Describe C\u00f3mo es mi Universidad?, and A qui\u00e9n admiro? I was able to do the work and learn how to write and speak in Spanish. I was able to do my interviews&#8230; <\/p>\n<div class=\"link-more\"><a href=\"https:\/\/sites.wp.odu.edu\/101-spanish\/activities-2\/\">Read More<\/a><\/div>\n","protected":false},"author":22614,"featured_media":0,"parent":0,"menu_order":0,"comment_status":"closed","ping_status":"closed","template":"","meta":{"footnotes":""},"_links":{"self":[{"href":"https:\/\/sites.wp.odu.edu\/101-spanish\/wp-json\/wp\/v2\/pages\/441"}],"collection":[{"href":"https:\/\/sites.wp.odu.edu\/101-spanish\/wp-json\/wp\/v2\/pages"}],"about":[{"href":"https:\/\/sites.wp.odu.edu\/101-spanish\/wp-json\/wp\/v2\/types\/page"}],"author":[{"embeddable":true,"href":"https:\/\/sites.wp.odu.edu\/101-spanish\/wp-json\/wp\/v2\/users\/22614"}],"replies":[{"embeddable":true,"href":"https:\/\/sites.wp.odu.edu\/101-spanish\/wp-json\/wp\/v2\/comments?post=441"}],"version-history":[{"count":2,"href":"https:\/\/sites.wp.odu.edu\/101-spanish\/wp-json\/wp\/v2\/pages\/441\/revisions"}],"predecessor-version":[{"id":496,"href":"https:\/\/sites.wp.odu.edu\/101-spanish\/wp-json\/wp\/v2\/pages\/441\/revisions\/496"}],"wp:attachment":[{"href":"https:\/\/sites.wp.odu.edu\/101-spanish\/wp-json\/wp\/v2\/media?parent=441"}],"curies":[{"name":"wp","href":"https:\/\/api.w.org\/{rel}","templated":true}]}}