{"id":471,"date":"2022-01-24T17:29:07","date_gmt":"2022-01-24T17:29:07","guid":{"rendered":"https:\/\/wp.odu.edu\/spring2017-fr102-template\/?page_id=471"},"modified":"2022-04-29T15:22:26","modified_gmt":"2022-04-29T15:22:26","slug":"about-me","status":"publish","type":"page","link":"https:\/\/sites.wp.odu.edu\/2french-macey\/","title":{"rendered":"About Me"},"content":{"rendered":"<p>Bonjour!<\/p>\n<p>Je M&#8217;appelle Macey Vakos. Je habite \u00e0 Norfolk en Virginie. J&#8217;ai duix huit ans, et mon anniversaire est le neuf mai. Je suis \u00e9tudiante en deuxi\u00e8me ann\u00e9e \u00e0 l&#8217;universit\u00e9 Old Dominion. J&#8217;\u00e9tudie la communications. Je prefer les communications parce que j&#8217;aime parler aux gens. Je m&#8217;int\u00e9resse \u00e0 la musique et aux voyages.<\/p>\n<p><img loading=\"lazy\" decoding=\"async\" class=\"aligncenter wp-image-145\" src=\"https:\/\/sites.wp.odu.edu\/2french-macey\/wp-content\/uploads\/sites\/3116\/2016\/12\/P7050849-300x225.jpg\" alt=\"\" width=\"439\" height=\"329\" srcset=\"https:\/\/sites.wp.odu.edu\/2french-macey\/wp-content\/uploads\/sites\/28282\/2016\/12\/P7050849-300x225.jpg 300w, https:\/\/sites.wp.odu.edu\/2french-macey\/wp-content\/uploads\/sites\/28282\/2016\/12\/P7050849-768x576.jpg 768w, https:\/\/sites.wp.odu.edu\/2french-macey\/wp-content\/uploads\/sites\/28282\/2016\/12\/P7050849-1024x768.jpg 1024w\" sizes=\"(max-width: 439px) 100vw, 439px\" \/><\/p>\n<hr \/>\n","protected":false},"excerpt":{"rendered":"<p>Bonjour! Je M&#8217;appelle Macey Vakos. Je habite \u00e0 Norfolk en Virginie. J&#8217;ai duix huit ans, et mon anniversaire est le neuf mai. Je suis \u00e9tudiante en deuxi\u00e8me ann\u00e9e \u00e0 l&#8217;universit\u00e9 Old Dominion. J&#8217;\u00e9tudie la communications. Je prefer les communications parce&#8230; <a class=\"more-link\" href=\"https:\/\/sites.wp.odu.edu\/2french-macey\/\">Continue Reading &rarr;<\/a><\/p>\n","protected":false},"author":23311,"featured_media":0,"parent":0,"menu_order":0,"comment_status":"closed","ping_status":"closed","template":"","meta":{"footnotes":""},"_links":{"self":[{"href":"https:\/\/sites.wp.odu.edu\/2french-macey\/wp-json\/wp\/v2\/pages\/471"}],"collection":[{"href":"https:\/\/sites.wp.odu.edu\/2french-macey\/wp-json\/wp\/v2\/pages"}],"about":[{"href":"https:\/\/sites.wp.odu.edu\/2french-macey\/wp-json\/wp\/v2\/types\/page"}],"author":[{"embeddable":true,"href":"https:\/\/sites.wp.odu.edu\/2french-macey\/wp-json\/wp\/v2\/users\/23311"}],"replies":[{"embeddable":true,"href":"https:\/\/sites.wp.odu.edu\/2french-macey\/wp-json\/wp\/v2\/comments?post=471"}],"version-history":[{"count":4,"href":"https:\/\/sites.wp.odu.edu\/2french-macey\/wp-json\/wp\/v2\/pages\/471\/revisions"}],"predecessor-version":[{"id":629,"href":"https:\/\/sites.wp.odu.edu\/2french-macey\/wp-json\/wp\/v2\/pages\/471\/revisions\/629"}],"wp:attachment":[{"href":"https:\/\/sites.wp.odu.edu\/2french-macey\/wp-json\/wp\/v2\/media?parent=471"}],"curies":[{"name":"wp","href":"https:\/\/api.w.org\/{rel}","templated":true}]}}