{"id":474,"date":"2025-01-29T17:07:52","date_gmt":"2025-01-29T17:07:52","guid":{"rendered":"https:\/\/wp.odu.edu\/spring2017-fr102-template\/?page_id=474"},"modified":"2025-05-02T00:05:56","modified_gmt":"2025-05-02T00:05:56","slug":"bio","status":"publish","type":"page","link":"https:\/\/sites.wp.odu.edu\/aiyanafrench102\/bio\/","title":{"rendered":"Bio"},"content":{"rendered":"\n<p class=\"has-text-align-center\">Je suis en derni\u00e8re ann\u00e9e de l&#8217;universit\u00e9, j&#8217;\u00e9tudie la litt\u00e9rature anglaise.<\/p>\n\n\n\n<p class=\"has-text-align-center\">Ma famille vient d&#8217;Ha\u00efti, o\u00f9 ils parlent cr\u00e9ole.<\/p>\n\n\n\n<p class=\"has-text-align-center\">J&#8217;adore lire, \u00e9crire, et j&#8217;aimerais apprendre \u00e0 jouer au tennis.<\/p>\n\n\n\n<p class=\"has-text-align-center\">Ma nourriture pr\u00e9f\u00e9r\u00e9e, c&#8217;est la pizza et j&#8217;adore regarder des films romantiques !<\/p>\n\n\n\n<p class=\"has-text-align-center\">Je pense que je suis dr\u00f4le mais j\u2019esp\u00e8re que les gens sont d\u2019accord! hahaha<\/p>\n\n\n\n<figure class=\"wp-block-gallery has-nested-images columns-default is-cropped wp-block-gallery-1 is-layout-flex wp-block-gallery-is-layout-flex\">\n<figure class=\"wp-block-image size-large\"><img loading=\"lazy\" decoding=\"async\" width=\"736\" height=\"919\" data-id=\"642\" src=\"https:\/\/sites.wp.odu.edu\/aiyanafrench102\/wp-content\/uploads\/sites\/38305\/2025\/05\/Untitled-design-1-edited.png\" alt=\"\" class=\"wp-image-642\" srcset=\"https:\/\/sites.wp.odu.edu\/aiyanafrench102\/wp-content\/uploads\/sites\/38305\/2025\/05\/Untitled-design-1-edited.png 736w, https:\/\/sites.wp.odu.edu\/aiyanafrench102\/wp-content\/uploads\/sites\/38305\/2025\/05\/Untitled-design-1-edited-240x300.png 240w, https:\/\/sites.wp.odu.edu\/aiyanafrench102\/wp-content\/uploads\/sites\/38305\/2025\/05\/Untitled-design-1-edited-600x749.png 600w\" sizes=\"(max-width: 736px) 100vw, 736px\" \/><\/figure>\n\n\n\n<figure class=\"wp-block-image size-large\"><img loading=\"lazy\" decoding=\"async\" width=\"768\" height=\"1024\" data-id=\"640\" src=\"https:\/\/sites.wp.odu.edu\/aiyanafrench102\/wp-content\/uploads\/sites\/38305\/2025\/05\/IMG_0357-3-768x1024.jpg\" alt=\"\" class=\"wp-image-640\" srcset=\"https:\/\/sites.wp.odu.edu\/aiyanafrench102\/wp-content\/uploads\/sites\/38305\/2025\/05\/IMG_0357-3-768x1024.jpg 768w, https:\/\/sites.wp.odu.edu\/aiyanafrench102\/wp-content\/uploads\/sites\/38305\/2025\/05\/IMG_0357-3-225x300.jpg 225w, https:\/\/sites.wp.odu.edu\/aiyanafrench102\/wp-content\/uploads\/sites\/38305\/2025\/05\/IMG_0357-3-1152x1536.jpg 1152w, https:\/\/sites.wp.odu.edu\/aiyanafrench102\/wp-content\/uploads\/sites\/38305\/2025\/05\/IMG_0357-3-1536x2048.jpg 1536w, https:\/\/sites.wp.odu.edu\/aiyanafrench102\/wp-content\/uploads\/sites\/38305\/2025\/05\/IMG_0357-3-600x800.jpg 600w, https:\/\/sites.wp.odu.edu\/aiyanafrench102\/wp-content\/uploads\/sites\/38305\/2025\/05\/IMG_0357-3-945x1260.jpg 945w, https:\/\/sites.wp.odu.edu\/aiyanafrench102\/wp-content\/uploads\/sites\/38305\/2025\/05\/IMG_0357-3-scaled.jpg 1920w\" sizes=\"(max-width: 768px) 100vw, 768px\" \/><\/figure>\n\n\n\n<figure class=\"wp-block-image size-large\"><img loading=\"lazy\" decoding=\"async\" width=\"1024\" height=\"768\" data-id=\"639\" src=\"https:\/\/sites.wp.odu.edu\/aiyanafrench102\/wp-content\/uploads\/sites\/38305\/2025\/05\/IMG_0500-3-1024x768.jpg\" alt=\"\" class=\"wp-image-639\" srcset=\"https:\/\/sites.wp.odu.edu\/aiyanafrench102\/wp-content\/uploads\/sites\/38305\/2025\/05\/IMG_0500-3-1024x768.jpg 1024w, https:\/\/sites.wp.odu.edu\/aiyanafrench102\/wp-content\/uploads\/sites\/38305\/2025\/05\/IMG_0500-3-300x225.jpg 300w, https:\/\/sites.wp.odu.edu\/aiyanafrench102\/wp-content\/uploads\/sites\/38305\/2025\/05\/IMG_0500-3-768x576.jpg 768w, https:\/\/sites.wp.odu.edu\/aiyanafrench102\/wp-content\/uploads\/sites\/38305\/2025\/05\/IMG_0500-3-1536x1152.jpg 1536w, https:\/\/sites.wp.odu.edu\/aiyanafrench102\/wp-content\/uploads\/sites\/38305\/2025\/05\/IMG_0500-3-2048x1536.jpg 2048w, https:\/\/sites.wp.odu.edu\/aiyanafrench102\/wp-content\/uploads\/sites\/38305\/2025\/05\/IMG_0500-3-600x450.jpg 600w, https:\/\/sites.wp.odu.edu\/aiyanafrench102\/wp-content\/uploads\/sites\/38305\/2025\/05\/IMG_0500-3-945x709.jpg 945w\" sizes=\"(max-width: 1024px) 100vw, 1024px\" \/><\/figure>\n<\/figure>\n","protected":false},"excerpt":{"rendered":"<p>Je suis en derni\u00e8re ann\u00e9e de l&#8217;universit\u00e9, j&#8217;\u00e9tudie la litt\u00e9rature anglaise. Ma famille vient d&#8217;Ha\u00efti, o\u00f9 ils parlent cr\u00e9ole. J&#8217;adore lire, \u00e9crire, et j&#8217;aimerais apprendre \u00e0 jouer au tennis. Ma nourriture pr\u00e9f\u00e9r\u00e9e, c&#8217;est la pizza et j&#8217;adore regarder des films&#8230; <a class=\"more-link\" href=\"https:\/\/sites.wp.odu.edu\/aiyanafrench102\/bio\/\">Continue Reading &rarr;<\/a><\/p>\n","protected":false},"author":30458,"featured_media":0,"parent":0,"menu_order":0,"comment_status":"closed","ping_status":"closed","template":"","meta":{"footnotes":""},"_links":{"self":[{"href":"https:\/\/sites.wp.odu.edu\/aiyanafrench102\/wp-json\/wp\/v2\/pages\/474"}],"collection":[{"href":"https:\/\/sites.wp.odu.edu\/aiyanafrench102\/wp-json\/wp\/v2\/pages"}],"about":[{"href":"https:\/\/sites.wp.odu.edu\/aiyanafrench102\/wp-json\/wp\/v2\/types\/page"}],"author":[{"embeddable":true,"href":"https:\/\/sites.wp.odu.edu\/aiyanafrench102\/wp-json\/wp\/v2\/users\/30458"}],"replies":[{"embeddable":true,"href":"https:\/\/sites.wp.odu.edu\/aiyanafrench102\/wp-json\/wp\/v2\/comments?post=474"}],"version-history":[{"count":4,"href":"https:\/\/sites.wp.odu.edu\/aiyanafrench102\/wp-json\/wp\/v2\/pages\/474\/revisions"}],"predecessor-version":[{"id":721,"href":"https:\/\/sites.wp.odu.edu\/aiyanafrench102\/wp-json\/wp\/v2\/pages\/474\/revisions\/721"}],"wp:attachment":[{"href":"https:\/\/sites.wp.odu.edu\/aiyanafrench102\/wp-json\/wp\/v2\/media?parent=474"}],"curies":[{"name":"wp","href":"https:\/\/api.w.org\/{rel}","templated":true}]}}