{"id":121,"date":"2019-11-20T11:42:22","date_gmt":"2019-11-20T14:42:22","guid":{"rendered":"https:\/\/sites.wp.odu.edu\/andrewleesig-es\/?page_id=121"},"modified":"2019-11-24T23:07:44","modified_gmt":"2019-11-25T02:07:44","slug":"cursos-impartidos","status":"publish","type":"page","link":"https:\/\/sites.wp.odu.edu\/andrewleesig-es\/cursos-impartidos\/","title":{"rendered":"Cursos impartidos"},"content":{"rendered":"\n<div class=\"wp-block-image\"><figure class=\"alignright is-resized\"><img loading=\"lazy\" decoding=\"async\" src=\"https:\/\/sites.wp.odu.edu\/andrewleesig-es\/wp-content\/uploads\/sites\/17045\/2019\/11\/alameda_invierno-768x1024.jpg\" alt=\"\" class=\"wp-image-191\" width=\"291\" height=\"387\" srcset=\"https:\/\/sites.wp.odu.edu\/andrewleesig-es\/wp-content\/uploads\/sites\/17045\/2019\/11\/alameda_invierno.jpg 768w, https:\/\/sites.wp.odu.edu\/andrewleesig-es\/wp-content\/uploads\/sites\/17045\/2019\/11\/alameda_invierno-225x300.jpg 225w, https:\/\/sites.wp.odu.edu\/andrewleesig-es\/wp-content\/uploads\/sites\/17045\/2019\/11\/alameda_invierno-600x800.jpg 600w\" sizes=\"(max-width: 291px) 100vw, 291px\" \/><\/figure><\/div>\n\n\n\n<h4 class=\"wp-block-heading\"><strong>Cursos impartidos actualmente \/ con frecuencia:<\/strong><\/h4>\n\n\n\n<p>Escritura Acad\u00e9mica I, II, and III  <br>Escritura en Ingl\u00e9s I &amp; II (cursos introductorios)<br>Tecnolog\u00eda y Recursos en la Ense\u00f1anza de Ingl\u00e9s (<em>enfocado en TICs<\/em>)<br>Ayudas Audiovisuales en la Ense\u00f1anza de Ingl\u00e9s (<em>enfocado en TICs<\/em>)<br>Ex\u00e1menes Internacionales<br>*Guia de Tesis<\/p>\n\n\n\n<h4 class=\"wp-block-heading\"><strong>Cursos impartidos ocasionalmente \/ anteriormente:<\/strong><\/h4>\n\n\n\n<p>Lenguaje (ingl\u00e9s nivel B1)<br>Lenguaje (ingl\u00e9s nivel B2)<br>Lenguaje (ingl\u00e9s nivel C1)<br>Comprensi\u00f3n Oral<br>Comprensi\u00f3n Escrita<br>Cultura Contempor\u00e1nea Angloparlante<br>Ingl\u00e9s Comercial Avanzado<br>Ingl\u00e9s para fines especiales (varios cursos en las \u00e1reas STEM)<br>Sesiones de conversaci\u00f3n en ingl\u00e9s<br><\/p>\n","protected":false},"excerpt":{"rendered":"<p>Cursos impartidos actualmente \/ con frecuencia: Escritura Acad\u00e9mica I, II, and III Escritura en Ingl\u00e9s I &amp; II (cursos introductorios)Tecnolog\u00eda y Recursos en la Ense\u00f1anza de Ingl\u00e9s (enfocado en TICs)Ayudas Audiovisuales en la Ense\u00f1anza de Ingl\u00e9s (enfocado en TICs)Ex\u00e1menes Internacionales*Guia de Tesis Cursos impartidos ocasionalmente \/ anteriormente: Lenguaje (ingl\u00e9s nivel B1)Lenguaje (ingl\u00e9s nivel B2)Lenguaje (ingl\u00e9s [&hellip;]<\/p>\n","protected":false},"author":15568,"featured_media":0,"parent":0,"menu_order":0,"comment_status":"closed","ping_status":"closed","template":"full-width-page.php","meta":{"footnotes":""},"_links":{"self":[{"href":"https:\/\/sites.wp.odu.edu\/andrewleesig-es\/wp-json\/wp\/v2\/pages\/121"}],"collection":[{"href":"https:\/\/sites.wp.odu.edu\/andrewleesig-es\/wp-json\/wp\/v2\/pages"}],"about":[{"href":"https:\/\/sites.wp.odu.edu\/andrewleesig-es\/wp-json\/wp\/v2\/types\/page"}],"author":[{"embeddable":true,"href":"https:\/\/sites.wp.odu.edu\/andrewleesig-es\/wp-json\/wp\/v2\/users\/15568"}],"replies":[{"embeddable":true,"href":"https:\/\/sites.wp.odu.edu\/andrewleesig-es\/wp-json\/wp\/v2\/comments?post=121"}],"version-history":[{"count":5,"href":"https:\/\/sites.wp.odu.edu\/andrewleesig-es\/wp-json\/wp\/v2\/pages\/121\/revisions"}],"predecessor-version":[{"id":192,"href":"https:\/\/sites.wp.odu.edu\/andrewleesig-es\/wp-json\/wp\/v2\/pages\/121\/revisions\/192"}],"wp:attachment":[{"href":"https:\/\/sites.wp.odu.edu\/andrewleesig-es\/wp-json\/wp\/v2\/media?parent=121"}],"curies":[{"name":"wp","href":"https:\/\/api.w.org\/{rel}","templated":true}]}}