{"id":123,"date":"2019-11-20T11:42:51","date_gmt":"2019-11-20T14:42:51","guid":{"rendered":"https:\/\/sites.wp.odu.edu\/andrewleesig-es\/?page_id=123"},"modified":"2019-11-24T23:10:43","modified_gmt":"2019-11-25T02:10:43","slug":"proyectos-actuales","status":"publish","type":"page","link":"https:\/\/sites.wp.odu.edu\/andrewleesig-es\/proyectos-actuales\/","title":{"rendered":"Proyectos actuales"},"content":{"rendered":"\n<h4 class=\"wp-block-heading\"><strong>Las percepciones de los profesores de ingl\u00e9s en formaci\u00f3n sobre el uso de las TICs en el aula<\/strong><\/h4>\n\n\n\n<p>Este proyecto se creci\u00f3 de la investigaci\u00f3n cumplido para la tesis de mi Mag\u00edster en English-TESOL en el 2017, y he presentado ponencias sobre \u00e9l en la secci\u00f3n de Educaci\u00f3n de la Asociaci\u00f3n de Estudios Latinoamericanos y en un taller relacionado para profesores de ingl\u00e9s de la Regi\u00f3n de Los R\u00edos. Actualmente estoy preparando un art\u00edculo acad\u00e9mico para exponer los resultados de un estudio cualitativo sobre este tema llevado a cabo con 11 docentes durante sus pr\u00e1cticas profesionales en el sur de Chile. <\/p>\n\n\n\n<h4 class=\"wp-block-heading\"><strong>Estudiantes provenientes de pueblos originarios en campos STEM de nivel posgrado y su experiencia con el ingl\u00e9s acad\u00e9mico<\/strong><\/h4>\n\n\n\n<p>Soy ayudante de investigaci\u00f3n en el Proyecto de FONDECYT de Iniciaci\u00f3n #1117094, \u201cAcademic Trajectories of Indigenous Graduate Students in STEM Fields in State Universities in South-central Chile,\u201d y mis roles espec\u00edficamente han incluido investigaci\u00f3n y escritura, traducci\u00f3n, y interpretaci\u00f3n. Cada vez m\u00e1s estoy enfoc\u00e1ndome en el tema de ingl\u00e9s acad\u00e9mico dentro del \u00e1mbito de investigaci\u00f3n de este proyecto, examinando el rol que tiene en la experiencia de estudiantes provenientes de pueblos originarios en Chile y en otros pa\u00edses a trav\u00e9s de sus trayectorias educativas formales. <\/p>\n\n\n\n<p>Sitio de web del proyecto: (pronto estar\u00e1 disponible)<\/p>\n\n\n\n<h4 class=\"wp-block-heading\"><strong>La adaptaci\u00f3n de &#8220;ecocomposition&#8221; (la composici\u00f3n vista ecol\u00f3gicamente) al contexto de TESOL en Am\u00e9rica Latina<\/strong><\/h4>\n\n\n\n<p>Proyecto en desarrollo: ver <a href=\"https:\/\/sites.wp.odu.edu\/andrewleesig-es\/ponencias-y-talleres\/\">ponencias<\/a> y <a href=\"https:\/\/sites.wp.odu.edu\/andrewleesig-es\/publicaciones\/\">publicaciones<\/a>.<\/p>\n\n\n\n<div class=\"wp-block-image\"><figure class=\"aligncenter is-resized\"><img loading=\"lazy\" decoding=\"async\" src=\"http:\/\/sites.wp.odu.edu\/andrewleesig-es\/wp-content\/uploads\/sites\/17045\/2019\/11\/800px-Playa_curinanco.jpg\" alt=\"\" class=\"wp-image-193\" width=\"490\" height=\"253\" srcset=\"https:\/\/sites.wp.odu.edu\/andrewleesig-es\/wp-content\/uploads\/sites\/17045\/2019\/11\/800px-Playa_curinanco.jpg 800w, https:\/\/sites.wp.odu.edu\/andrewleesig-es\/wp-content\/uploads\/sites\/17045\/2019\/11\/800px-Playa_curinanco-300x155.jpg 300w, https:\/\/sites.wp.odu.edu\/andrewleesig-es\/wp-content\/uploads\/sites\/17045\/2019\/11\/800px-Playa_curinanco-768x396.jpg 768w\" sizes=\"(max-width: 490px) 100vw, 490px\" \/><\/figure><\/div>\n","protected":false},"excerpt":{"rendered":"<p>Las percepciones de los profesores de ingl\u00e9s en formaci\u00f3n sobre el uso de las TICs en el aula Este proyecto se creci\u00f3 de la investigaci\u00f3n cumplido para la tesis de mi Mag\u00edster en English-TESOL en el 2017, y he presentado ponencias sobre \u00e9l en la secci\u00f3n de Educaci\u00f3n de la Asociaci\u00f3n de Estudios Latinoamericanos y [&hellip;]<\/p>\n","protected":false},"author":15568,"featured_media":0,"parent":0,"menu_order":0,"comment_status":"closed","ping_status":"closed","template":"full-width-page.php","meta":{"footnotes":""},"_links":{"self":[{"href":"https:\/\/sites.wp.odu.edu\/andrewleesig-es\/wp-json\/wp\/v2\/pages\/123"}],"collection":[{"href":"https:\/\/sites.wp.odu.edu\/andrewleesig-es\/wp-json\/wp\/v2\/pages"}],"about":[{"href":"https:\/\/sites.wp.odu.edu\/andrewleesig-es\/wp-json\/wp\/v2\/types\/page"}],"author":[{"embeddable":true,"href":"https:\/\/sites.wp.odu.edu\/andrewleesig-es\/wp-json\/wp\/v2\/users\/15568"}],"replies":[{"embeddable":true,"href":"https:\/\/sites.wp.odu.edu\/andrewleesig-es\/wp-json\/wp\/v2\/comments?post=123"}],"version-history":[{"count":5,"href":"https:\/\/sites.wp.odu.edu\/andrewleesig-es\/wp-json\/wp\/v2\/pages\/123\/revisions"}],"predecessor-version":[{"id":195,"href":"https:\/\/sites.wp.odu.edu\/andrewleesig-es\/wp-json\/wp\/v2\/pages\/123\/revisions\/195"}],"wp:attachment":[{"href":"https:\/\/sites.wp.odu.edu\/andrewleesig-es\/wp-json\/wp\/v2\/media?parent=123"}],"curies":[{"name":"wp","href":"https:\/\/api.w.org\/{rel}","templated":true}]}}