{"id":127,"date":"2019-11-20T11:46:53","date_gmt":"2019-11-20T14:46:53","guid":{"rendered":"https:\/\/sites.wp.odu.edu\/andrewleesig-es\/?page_id=127"},"modified":"2019-11-24T11:18:25","modified_gmt":"2019-11-24T14:18:25","slug":"ponencias-y-talleres","status":"publish","type":"page","link":"https:\/\/sites.wp.odu.edu\/andrewleesig-es\/ponencias-y-talleres\/","title":{"rendered":"Ponencias y talleres"},"content":{"rendered":"\n<h4 class=\"wp-block-heading\">Ponencias en Conferencias<\/h4>\n\n\n\n<ul><li><strong>\u201c \u2018Could You Please Explain Some of Your Idioms?\u2019: Engaging EFL Students in Southern Chile through Discussions about Their Local Language and Culture,\u201d<\/strong>&nbsp;Congreso de la Asociaci\u00f3n de Estudios Latinoamericanos, Boston, EEUU, Mayo de 2019.<br><br><\/li><li><strong>\u201cEcocomposition in Latin American EFL Instruction: Bridging the Local and the Global with Environmental Topics,\u201d<\/strong>&nbsp;Congreso de la Asociaci\u00f3n de Estudios Latinoamericanos, Barcelona, Espa\u00f1a, Mayo de 2018.<br><br><\/li><li><strong>\u201cPreservice Chilean EFL Teachers\u2019 Attitudes toward the Use of Web 2.0 Tools in the Classroom: Positivity Tempered by Expected Barriers,\u201d<\/strong>&nbsp;Congreso de la Asociaci\u00f3n de Estudios Latinoamericanos, Lima, Per\u00fa, Mayo de 2017.<\/li><\/ul>\n\n\n\n<h4 class=\"wp-block-heading\">Talleres<\/h4>\n\n\n\n<ul><li><strong>\u201cInnovative Teaching Methodologies Training Course: ICT Resources in English Teaching.\u201d<\/strong>&nbsp;Ministerio de Educaci\u00f3n, Regi\u00f3n de Los R\u00edos \/ Universidad San Sebasti\u00e1n, Sede Valdivia. Enero de 2018. (Director del taller.)<\/li><\/ul>\n","protected":false},"excerpt":{"rendered":"<p>Ponencias en Conferencias \u201c \u2018Could You Please Explain Some of Your Idioms?\u2019: Engaging EFL Students in Southern Chile through Discussions about Their Local Language and Culture,\u201d&nbsp;Congreso de la Asociaci\u00f3n de Estudios Latinoamericanos, Boston, EEUU, Mayo de 2019. \u201cEcocomposition in Latin American EFL Instruction: Bridging the Local and the Global with Environmental Topics,\u201d&nbsp;Congreso de la Asociaci\u00f3n [&hellip;]<\/p>\n","protected":false},"author":15568,"featured_media":0,"parent":0,"menu_order":0,"comment_status":"closed","ping_status":"closed","template":"full-width-page.php","meta":{"footnotes":""},"_links":{"self":[{"href":"https:\/\/sites.wp.odu.edu\/andrewleesig-es\/wp-json\/wp\/v2\/pages\/127"}],"collection":[{"href":"https:\/\/sites.wp.odu.edu\/andrewleesig-es\/wp-json\/wp\/v2\/pages"}],"about":[{"href":"https:\/\/sites.wp.odu.edu\/andrewleesig-es\/wp-json\/wp\/v2\/types\/page"}],"author":[{"embeddable":true,"href":"https:\/\/sites.wp.odu.edu\/andrewleesig-es\/wp-json\/wp\/v2\/users\/15568"}],"replies":[{"embeddable":true,"href":"https:\/\/sites.wp.odu.edu\/andrewleesig-es\/wp-json\/wp\/v2\/comments?post=127"}],"version-history":[{"count":3,"href":"https:\/\/sites.wp.odu.edu\/andrewleesig-es\/wp-json\/wp\/v2\/pages\/127\/revisions"}],"predecessor-version":[{"id":168,"href":"https:\/\/sites.wp.odu.edu\/andrewleesig-es\/wp-json\/wp\/v2\/pages\/127\/revisions\/168"}],"wp:attachment":[{"href":"https:\/\/sites.wp.odu.edu\/andrewleesig-es\/wp-json\/wp\/v2\/media?parent=127"}],"curies":[{"name":"wp","href":"https:\/\/api.w.org\/{rel}","templated":true}]}}