{"id":86,"date":"2019-11-15T19:18:51","date_gmt":"2019-11-15T22:18:51","guid":{"rendered":"https:\/\/sites.wp.odu.edu\/andrewleesig-es\/?page_id=86"},"modified":"2019-11-24T11:16:02","modified_gmt":"2019-11-24T14:16:02","slug":"curriculum-vitae","status":"publish","type":"page","link":"https:\/\/sites.wp.odu.edu\/andrewleesig-es\/curriculum-vitae\/","title":{"rendered":"Curr\u00edculum Vitae"},"content":{"rendered":"\n<h4 class=\"wp-block-heading\">PDF en espa\u00f1ol <\/h4>\n\n\n\n<p>Pronto estar\u00e1 disponible. Por favor <a href=\"https:\/\/sites.wp.odu.edu\/andrewleesig-es\/contacto\/\">cont\u00e1cteme<\/a> si tiene consultas sobre mi experiencia acad\u00e9mica y\/o profesional.<\/p>\n\n\n\n<h4 class=\"wp-block-heading\">PDF en ingl\u00e9s<\/h4>\n\n\n<a href=\"https:\/\/sites.wp.odu.edu\/andrewleesig-es\/wp-content\/uploads\/sites\/17045\/2019\/11\/CV_ASigerson_Dec2019_PDF.pdf\" class=\"pdfemb-viewer\" style=\"\" data-width=\"max\" data-height=\"max\"  data-toolbar=\"bottom\" data-toolbar-fixed=\"off\">CV_ASigerson_Dec2019_PDF<br\/><\/a>\n<p class=\"wp-block-pdfemb-pdf-embedder-viewer\"><\/p>\n","protected":false},"excerpt":{"rendered":"<p>PDF en espa\u00f1ol Pronto estar\u00e1 disponible. Por favor cont\u00e1cteme si tiene consultas sobre mi experiencia acad\u00e9mica y\/o profesional. PDF en ingl\u00e9s<\/p>\n","protected":false},"author":15568,"featured_media":0,"parent":0,"menu_order":0,"comment_status":"closed","ping_status":"closed","template":"full-width-page.php","meta":{"footnotes":""},"_links":{"self":[{"href":"https:\/\/sites.wp.odu.edu\/andrewleesig-es\/wp-json\/wp\/v2\/pages\/86"}],"collection":[{"href":"https:\/\/sites.wp.odu.edu\/andrewleesig-es\/wp-json\/wp\/v2\/pages"}],"about":[{"href":"https:\/\/sites.wp.odu.edu\/andrewleesig-es\/wp-json\/wp\/v2\/types\/page"}],"author":[{"embeddable":true,"href":"https:\/\/sites.wp.odu.edu\/andrewleesig-es\/wp-json\/wp\/v2\/users\/15568"}],"replies":[{"embeddable":true,"href":"https:\/\/sites.wp.odu.edu\/andrewleesig-es\/wp-json\/wp\/v2\/comments?post=86"}],"version-history":[{"count":4,"href":"https:\/\/sites.wp.odu.edu\/andrewleesig-es\/wp-json\/wp\/v2\/pages\/86\/revisions"}],"predecessor-version":[{"id":118,"href":"https:\/\/sites.wp.odu.edu\/andrewleesig-es\/wp-json\/wp\/v2\/pages\/86\/revisions\/118"}],"wp:attachment":[{"href":"https:\/\/sites.wp.odu.edu\/andrewleesig-es\/wp-json\/wp\/v2\/media?parent=86"}],"curies":[{"name":"wp","href":"https:\/\/api.w.org\/{rel}","templated":true}]}}