{"id":90,"date":"2019-11-15T19:24:18","date_gmt":"2019-11-15T22:24:18","guid":{"rendered":"https:\/\/sites.wp.odu.edu\/andrewleesig-es\/?page_id=90"},"modified":"2019-12-09T12:45:19","modified_gmt":"2019-12-09T15:45:19","slug":"bienvenidos","status":"publish","type":"page","link":"https:\/\/sites.wp.odu.edu\/andrewleesig-es\/","title":{"rendered":"Bienvenidos"},"content":{"rendered":"\n<div class=\"wp-block-image\"><figure class=\"alignleft is-resized\"><img loading=\"lazy\" decoding=\"async\" src=\"https:\/\/sites.wp.odu.edu\/andrewleesig-es\/wp-content\/uploads\/sites\/17045\/2019\/11\/pic_greendragon-1-1024x932-1024x932.jpg\" alt=\"\" class=\"wp-image-180\" width=\"298\" height=\"271\" srcset=\"https:\/\/sites.wp.odu.edu\/andrewleesig-es\/wp-content\/uploads\/sites\/17045\/2019\/11\/pic_greendragon-1-1024x932.jpg 1024w, https:\/\/sites.wp.odu.edu\/andrewleesig-es\/wp-content\/uploads\/sites\/17045\/2019\/11\/pic_greendragon-1-1024x932-300x273.jpg 300w, https:\/\/sites.wp.odu.edu\/andrewleesig-es\/wp-content\/uploads\/sites\/17045\/2019\/11\/pic_greendragon-1-1024x932-768x699.jpg 768w, https:\/\/sites.wp.odu.edu\/andrewleesig-es\/wp-content\/uploads\/sites\/17045\/2019\/11\/pic_greendragon-1-1024x932-800x728.jpg 800w\" sizes=\"(max-width: 298px) 100vw, 298px\" \/><\/figure><\/div>\n\n\n\n<p>Soy profesor de ingl\u00e9s en el programa de Pedagog\u00eda en Comunicaci\u00f3n en Lengua Inglesa de la Facultad de Filosof\u00eda y Humanidades de la Universidad Austral de Chile (UACh), asimismo estudio actualmente en el programa doctoral de Ingl\u00e9s de Old Dominion University en Norfolk, Virginia, EEUU, enfoc\u00e1ndome en las \u00e1reas de las TICs y la composici\u00f3n escrita, ambos dentro del \u00e1mbito de la ense\u00f1anza de ingl\u00e9s como lengua extranjera. <\/p>\n\n\n\n<p>Adem\u00e1s de mi trabajo en la UACh, imparto algunas asignaturas en el programa de Pedagog\u00eda de Educaci\u00f3n Media en Ingl\u00e9s de la Universidad San Sebasti\u00e1n, Sede Valdivia. <\/p>\n\n\n\n<p>Tambi\u00e9n hago <a href=\"https:\/\/sites.wp.odu.edu\/andrewleesig-es\/trabajo-freelance\/\">trabajo freelance<\/a> en escritura, edici\u00f3n de textos, y traducci\u00f3n, especializ\u00e1ndome en documentos acad\u00e9micos, t\u00e9cnicos, y profesionales, el cual respalda a su vez a mi pr\u00e1ctica como profesor de ingl\u00e9s a nivel universitario, particularmente en el \u00e1rea de ingl\u00e9s acad\u00e9mico. <\/p>\n\n\n\n<p>Puede ver m\u00e1s informaci\u00f3n sobre mi trabajo actual y mi experiencia acad\u00e9mica y profesional siguiendo los enlaces en el men\u00fa principal, y por favor no dude en <a href=\"https:\/\/sites.wp.odu.edu\/andrewleesig-es\/contacto\/\">contactarme<\/a>. <\/p>\n\n\n","protected":false},"excerpt":{"rendered":"<p>Soy profesor de ingl\u00e9s en el programa de Pedagog\u00eda en Comunicaci\u00f3n en Lengua Inglesa de la Facultad de Filosof\u00eda y Humanidades de la Universidad Austral de Chile (UACh), asimismo estudio actualmente en el programa doctoral de Ingl\u00e9s de Old Dominion University en Norfolk, Virginia, EEUU, enfoc\u00e1ndome en las \u00e1reas de las TICs y la composici\u00f3n [&hellip;]<\/p>\n","protected":false},"author":15568,"featured_media":0,"parent":0,"menu_order":0,"comment_status":"closed","ping_status":"closed","template":"full-width-page.php","meta":{"footnotes":""},"_links":{"self":[{"href":"https:\/\/sites.wp.odu.edu\/andrewleesig-es\/wp-json\/wp\/v2\/pages\/90"}],"collection":[{"href":"https:\/\/sites.wp.odu.edu\/andrewleesig-es\/wp-json\/wp\/v2\/pages"}],"about":[{"href":"https:\/\/sites.wp.odu.edu\/andrewleesig-es\/wp-json\/wp\/v2\/types\/page"}],"author":[{"embeddable":true,"href":"https:\/\/sites.wp.odu.edu\/andrewleesig-es\/wp-json\/wp\/v2\/users\/15568"}],"replies":[{"embeddable":true,"href":"https:\/\/sites.wp.odu.edu\/andrewleesig-es\/wp-json\/wp\/v2\/comments?post=90"}],"version-history":[{"count":5,"href":"https:\/\/sites.wp.odu.edu\/andrewleesig-es\/wp-json\/wp\/v2\/pages\/90\/revisions"}],"predecessor-version":[{"id":206,"href":"https:\/\/sites.wp.odu.edu\/andrewleesig-es\/wp-json\/wp\/v2\/pages\/90\/revisions\/206"}],"wp:attachment":[{"href":"https:\/\/sites.wp.odu.edu\/andrewleesig-es\/wp-json\/wp\/v2\/media?parent=90"}],"curies":[{"name":"wp","href":"https:\/\/api.w.org\/{rel}","templated":true}]}}