{"id":474,"date":"2022-01-24T17:12:46","date_gmt":"2022-01-24T17:12:46","guid":{"rendered":"https:\/\/wp.odu.edu\/spring2017-fr102-template\/?page_id=474"},"modified":"2022-04-29T11:47:59","modified_gmt":"2022-04-29T11:47:59","slug":"bio","status":"publish","type":"page","link":"https:\/\/sites.wp.odu.edu\/anthonylutz\/bio\/","title":{"rendered":"Bio"},"content":{"rendered":"<p>Je m&#8217;appelle Anthony Lutz. J&#8217;ai 19 ans.<\/p>\n<p><span style=\"font-weight: 400\">Je suis de<\/span><span style=\"font-weight: 400\"> les \u00c9tats-Unis. J\u2019habite en Virginie, \u00e0 VA Beach. Je suis de taille moyenne. J\u2019ai les yeux bleus. Les gens me disent j\u2019ai les yeux beaux. J\u2019ai les cheveux bruns. Je suis tr\u00e8s calme, je ne suis pas f\u00e2ch\u00e9. Je suis sympathique et gentil. Je suis parfois dr\u00f4le. Je suis souvent fatigu\u00e9. Mon anniversaire est le quatorze octobre. Mon anniversaire est le en automne. Je suis balance. Je lis des livres. J\u2019aime surfer sur internet. J\u2019adore \u00e9crire.\u00a0 Je joue aux jeux de strat\u00e9gie. Je joue du piano et de la guitare. Je joue aux \u00e9checs. Je ne fais pas de sport. J\u2019aime aller au cin\u00e9ma. J\u2019adore regarder les enfants qui pleurent. J\u2019aime visiter les libraires et acheter des livres. J\u2019adore \u00e9couter de la musique. En \u00e9t\u00e9, quand il fait chaud, je d\u00e9teste sortir. Je joue habituellement \u00e0 des jeux vid\u00e9o.<\/span><\/p>\n<p><b>J&#8217;aime etudie le francais.<\/b><\/p>\n","protected":false},"excerpt":{"rendered":"<p>Je m&#8217;appelle Anthony Lutz. J&#8217;ai 19 ans. Je suis de les \u00c9tats-Unis. J\u2019habite en Virginie, \u00e0 VA Beach. Je suis de taille moyenne. J\u2019ai les yeux bleus. Les gens me disent j\u2019ai les yeux beaux. J\u2019ai les cheveux bruns. Je&#8230; <a class=\"more-link\" href=\"https:\/\/sites.wp.odu.edu\/anthonylutz\/bio\/\">Continue Reading &rarr;<\/a><\/p>\n","protected":false},"author":23309,"featured_media":0,"parent":0,"menu_order":0,"comment_status":"closed","ping_status":"closed","template":"","meta":{"footnotes":""},"_links":{"self":[{"href":"https:\/\/sites.wp.odu.edu\/anthonylutz\/wp-json\/wp\/v2\/pages\/474"}],"collection":[{"href":"https:\/\/sites.wp.odu.edu\/anthonylutz\/wp-json\/wp\/v2\/pages"}],"about":[{"href":"https:\/\/sites.wp.odu.edu\/anthonylutz\/wp-json\/wp\/v2\/types\/page"}],"author":[{"embeddable":true,"href":"https:\/\/sites.wp.odu.edu\/anthonylutz\/wp-json\/wp\/v2\/users\/23309"}],"replies":[{"embeddable":true,"href":"https:\/\/sites.wp.odu.edu\/anthonylutz\/wp-json\/wp\/v2\/comments?post=474"}],"version-history":[{"count":4,"href":"https:\/\/sites.wp.odu.edu\/anthonylutz\/wp-json\/wp\/v2\/pages\/474\/revisions"}],"predecessor-version":[{"id":621,"href":"https:\/\/sites.wp.odu.edu\/anthonylutz\/wp-json\/wp\/v2\/pages\/474\/revisions\/621"}],"wp:attachment":[{"href":"https:\/\/sites.wp.odu.edu\/anthonylutz\/wp-json\/wp\/v2\/media?parent=474"}],"curies":[{"name":"wp","href":"https:\/\/api.w.org\/{rel}","templated":true}]}}