{"id":505,"date":"2022-01-24T17:12:46","date_gmt":"2022-01-24T17:12:46","guid":{"rendered":"https:\/\/wp.odu.edu\/spring2017-fr102-template\/?page_id=505"},"modified":"2022-04-29T14:09:32","modified_gmt":"2022-04-29T14:09:32","slug":"forum-de-discussion","status":"publish","type":"page","link":"https:\/\/sites.wp.odu.edu\/anthonylutz\/forum-de-discussion\/","title":{"rendered":"Forum de Discussion"},"content":{"rendered":"<p>Pour L&#8217;\u00e2ge de la majorit\u00e9 aux \u00c9tats-Unis, je pense que c&#8217;est une bonne id\u00e9e de le baisser. Il enseigne la responsabilit\u00e9 des enfants. Baisser-la a 18.<\/p>\n<p>Je pense l&#8217;americain syst\u00e8me de sant\u00e9 est tres mauvrais. On devrait avoir mieux opportunit\u00e9s. Ce devrait \u00eatre la responsabilit\u00e9 du gouvernement de fournir des soins de sant\u00e9. Je n&#8217;aime pas notre situation economie. La France a de meilleurs soins de sant\u00e9. Le gouvernement devrait aider les pauvres.<\/p>\n<p>Les entreprises peuvent faire ce qu&#8217;elles veulent. Je pense que fumer c&#8217;est mal. Mais ils peuvent vivre leur vie. Mais si une entreprise ne veut pas de l&#8217;odeur, elle ne devrait pas autoriser les fumeurs. D\u00e9penser plus d&#8217;argent pour la r\u00e9habilitation. Aider les gens peut-\u00eatre.<\/p>\n<p>Je recommande d&#8217;aller en Californie. c&#8217;est tr\u00e8s amusant. Je suis all\u00e9 pendant les vacances de printemps pour rendre visite \u00e0 mon oncle. C&#8217;est tr\u00e8s vivant et joli. Les restaurants sont bons. Universal est tr\u00e8s amusant. L&#8217;oc\u00e9an est magnifique. Mais il y a du vent.<\/p>\n","protected":false},"excerpt":{"rendered":"<p>Pour L&#8217;\u00e2ge de la majorit\u00e9 aux \u00c9tats-Unis, je pense que c&#8217;est une bonne id\u00e9e de le baisser. Il enseigne la responsabilit\u00e9 des enfants. Baisser-la a 18. Je pense l&#8217;americain syst\u00e8me de sant\u00e9 est tres mauvrais. On devrait avoir mieux opportunit\u00e9s&#8230;. <a class=\"more-link\" href=\"https:\/\/sites.wp.odu.edu\/anthonylutz\/forum-de-discussion\/\">Continue Reading &rarr;<\/a><\/p>\n","protected":false},"author":23309,"featured_media":0,"parent":0,"menu_order":0,"comment_status":"closed","ping_status":"closed","template":"","meta":{"footnotes":""},"_links":{"self":[{"href":"https:\/\/sites.wp.odu.edu\/anthonylutz\/wp-json\/wp\/v2\/pages\/505"}],"collection":[{"href":"https:\/\/sites.wp.odu.edu\/anthonylutz\/wp-json\/wp\/v2\/pages"}],"about":[{"href":"https:\/\/sites.wp.odu.edu\/anthonylutz\/wp-json\/wp\/v2\/types\/page"}],"author":[{"embeddable":true,"href":"https:\/\/sites.wp.odu.edu\/anthonylutz\/wp-json\/wp\/v2\/users\/23309"}],"replies":[{"embeddable":true,"href":"https:\/\/sites.wp.odu.edu\/anthonylutz\/wp-json\/wp\/v2\/comments?post=505"}],"version-history":[{"count":3,"href":"https:\/\/sites.wp.odu.edu\/anthonylutz\/wp-json\/wp\/v2\/pages\/505\/revisions"}],"predecessor-version":[{"id":627,"href":"https:\/\/sites.wp.odu.edu\/anthonylutz\/wp-json\/wp\/v2\/pages\/505\/revisions\/627"}],"wp:attachment":[{"href":"https:\/\/sites.wp.odu.edu\/anthonylutz\/wp-json\/wp\/v2\/media?parent=505"}],"curies":[{"name":"wp","href":"https:\/\/api.w.org\/{rel}","templated":true}]}}