{"id":507,"date":"2022-01-24T17:12:46","date_gmt":"2022-01-24T17:12:46","guid":{"rendered":"https:\/\/wp.odu.edu\/spring2017-fr102-template\/?page_id=507"},"modified":"2022-04-29T15:24:04","modified_gmt":"2022-04-29T15:24:04","slug":"redaction","status":"publish","type":"page","link":"https:\/\/sites.wp.odu.edu\/anthonylutz\/redaction\/","title":{"rendered":"R\u00e9daction"},"content":{"rendered":"<p><span style=\"font-weight: 400\">Qu\u2019est-ce que vous \u00e9tudiez maintenant? Pendant encore combien de temps <\/span><b>serez<\/b><span style=\"font-weight: 400\">-vous\u00a0<\/span><\/p>\n<p><span style=\"font-weight: 400\">J&#8217;\u00e9tudie le Francais, langlais, la psychologie. J&#8217;\u00e9tudie a l\u2019university pour 3 annee.<\/span><\/p>\n<p><span style=\"font-weight: 400\">Qu\u2019est-ce que vous <\/span><b>ferez<\/b><span style=\"font-weight: 400\"> apr\u00e8s avoir re\u00e7u votre dipl\u00f4me?<\/span><\/p>\n<p>Je ne sais pas. Je veux aller vivre avec ma soeur.<\/p>\n<p><span style=\"font-weight: 400\">Dans <\/span><b>l\u2019id\u00e9al<\/b><span style=\"font-weight: 400\">, qu\u2019<\/span><b>aimeriez<\/b><span style=\"font-weight: 400\">-vous faire plus tard?<\/span><\/p>\n<p>Je voudrais \u00eatre sc\u00e9nariste ou doubleur.<\/p>\n<p><span style=\"font-weight: 400\">Que pensez-vous du march\u00e9 du travail (<\/span><i><span style=\"font-weight: 400\">job market<\/span><\/i><span style=\"font-weight: 400\">) dans votre domaine? \u00cates-vous optimiste ou pessimiste? Pourquoi?<\/span><\/p>\n<p>Il est tr\u00e8s difficile de l&#8217;obtenir. Je vais devoir \u00eatre tr\u00e8s chanceux. Je suis optimiste parce que je connais des gens.<\/p>\n<p><span style=\"font-weight: 400\">Quelles sont vos exp\u00e9riences professionnelles? Est-ce que vous devez avoir plus d\u2019exp\u00e9rience (stages, travail b\u00e9n\u00e9vole&#8230;) avant de poser votre candidature?<\/span><\/p>\n<p>Je n&#8217;ai pas d&#8217;exp\u00e9rience. J&#8217;ai besoin de toute l&#8217;exp\u00e9rience.<\/p>\n","protected":false},"excerpt":{"rendered":"<p>Qu\u2019est-ce que vous \u00e9tudiez maintenant? Pendant encore combien de temps serez-vous\u00a0 J&#8217;\u00e9tudie le Francais, langlais, la psychologie. J&#8217;\u00e9tudie a l\u2019university pour 3 annee. Qu\u2019est-ce que vous ferez apr\u00e8s avoir re\u00e7u votre dipl\u00f4me? Je ne sais pas. Je veux aller vivre&#8230; <a class=\"more-link\" href=\"https:\/\/sites.wp.odu.edu\/anthonylutz\/redaction\/\">Continue Reading &rarr;<\/a><\/p>\n","protected":false},"author":23309,"featured_media":0,"parent":0,"menu_order":0,"comment_status":"closed","ping_status":"closed","template":"","meta":{"footnotes":""},"_links":{"self":[{"href":"https:\/\/sites.wp.odu.edu\/anthonylutz\/wp-json\/wp\/v2\/pages\/507"}],"collection":[{"href":"https:\/\/sites.wp.odu.edu\/anthonylutz\/wp-json\/wp\/v2\/pages"}],"about":[{"href":"https:\/\/sites.wp.odu.edu\/anthonylutz\/wp-json\/wp\/v2\/types\/page"}],"author":[{"embeddable":true,"href":"https:\/\/sites.wp.odu.edu\/anthonylutz\/wp-json\/wp\/v2\/users\/23309"}],"replies":[{"embeddable":true,"href":"https:\/\/sites.wp.odu.edu\/anthonylutz\/wp-json\/wp\/v2\/comments?post=507"}],"version-history":[{"count":3,"href":"https:\/\/sites.wp.odu.edu\/anthonylutz\/wp-json\/wp\/v2\/pages\/507\/revisions"}],"predecessor-version":[{"id":637,"href":"https:\/\/sites.wp.odu.edu\/anthonylutz\/wp-json\/wp\/v2\/pages\/507\/revisions\/637"}],"wp:attachment":[{"href":"https:\/\/sites.wp.odu.edu\/anthonylutz\/wp-json\/wp\/v2\/media?parent=507"}],"curies":[{"name":"wp","href":"https:\/\/api.w.org\/{rel}","templated":true}]}}