{"id":278,"date":"2021-05-02T23:16:19","date_gmt":"2021-05-02T23:16:19","guid":{"rendered":"https:\/\/sites.wp.odu.edu\/wordlanguagesminor\/?page_id=278"},"modified":"2021-05-03T04:27:17","modified_gmt":"2021-05-03T04:27:17","slug":"minor-in-world-cultures-values-and-visions","status":"publish","type":"page","link":"https:\/\/sites.wp.odu.edu\/ariannanoorzaii\/lecturas\/minor-in-world-cultures-values-and-visions\/","title":{"rendered":"Lecturas"},"content":{"rendered":"\n<h2 class=\"wp-block-heading\"><\/h2>\n\n\n\n<div class=\"wp-block-file\"><a href=\"https:\/\/sites.wp.odu.edu\/ariannanoorzaii\/wp-content\/uploads\/sites\/24702\/2021\/05\/La-prohibicio\u0301n-silenciosa.pdf\">La-prohibicio\u0301n-silenciosa<\/a><a href=\"https:\/\/sites.wp.odu.edu\/ariannanoorzaii\/wp-content\/uploads\/sites\/24702\/2021\/05\/La-prohibicio\u0301n-silenciosa.pdf\" class=\"wp-block-file__button\" download>Download<\/a><\/div>\n\n\n\n<p>While reading La prohibici\u00f3n silenciosa I learned some new vocabulary and how to argue more effectively in Spanish. I was had to focus on using different words rather than what I was used to saying. In the reading, I had to focus on saying the word &#8220;m\u00f3vil&#8221; rather than saying &#8220;celular&#8221;. I learned the word \u00a0&#8220;lidiar&#8221; from the phrase &#8220;Ning\u00fan menor de 12 a\u00f1os deber\u00eda tener m\u00f3vil con acceso a Internet; no est\u00e1n preparados para lidiar con ello&#8221;. I learned that journalist was trying to say &#8220;they are not prepared to deal with it.&#8221; I had some trouble with figuring out if there were two sides to the argument or if not. I had to reread the article to know that were two sides to the argument. The two sides of the argument were to prohibit use of cellphones or allow for the usage of cellphones.  <\/p>\n\n\n\n<p><\/p>\n\n\n\n<h2 class=\"wp-block-heading\"><\/h2>\n\n\n\n<p><\/p>\n","protected":false},"excerpt":{"rendered":"<p>While reading La prohibici\u00f3n silenciosa I learned some new vocabulary and how to argue more effectively in Spanish. I was had to focus on using different words rather than what I was used to saying. In the reading, I had to focus on saying the word &#8220;m\u00f3vil&#8221; rather than saying &#8220;celular&#8221;. I learned the word&#8230; <\/p>\n<div class=\"link-more\"><a href=\"https:\/\/sites.wp.odu.edu\/ariannanoorzaii\/lecturas\/minor-in-world-cultures-values-and-visions\/\">Read More<\/a><\/div>\n","protected":false},"author":20461,"featured_media":0,"parent":83,"menu_order":0,"comment_status":"closed","ping_status":"closed","template":"","meta":{"footnotes":""},"_links":{"self":[{"href":"https:\/\/sites.wp.odu.edu\/ariannanoorzaii\/wp-json\/wp\/v2\/pages\/278"}],"collection":[{"href":"https:\/\/sites.wp.odu.edu\/ariannanoorzaii\/wp-json\/wp\/v2\/pages"}],"about":[{"href":"https:\/\/sites.wp.odu.edu\/ariannanoorzaii\/wp-json\/wp\/v2\/types\/page"}],"author":[{"embeddable":true,"href":"https:\/\/sites.wp.odu.edu\/ariannanoorzaii\/wp-json\/wp\/v2\/users\/20461"}],"replies":[{"embeddable":true,"href":"https:\/\/sites.wp.odu.edu\/ariannanoorzaii\/wp-json\/wp\/v2\/comments?post=278"}],"version-history":[{"count":5,"href":"https:\/\/sites.wp.odu.edu\/ariannanoorzaii\/wp-json\/wp\/v2\/pages\/278\/revisions"}],"predecessor-version":[{"id":417,"href":"https:\/\/sites.wp.odu.edu\/ariannanoorzaii\/wp-json\/wp\/v2\/pages\/278\/revisions\/417"}],"up":[{"embeddable":true,"href":"https:\/\/sites.wp.odu.edu\/ariannanoorzaii\/wp-json\/wp\/v2\/pages\/83"}],"wp:attachment":[{"href":"https:\/\/sites.wp.odu.edu\/ariannanoorzaii\/wp-json\/wp\/v2\/media?parent=278"}],"curies":[{"name":"wp","href":"https:\/\/api.w.org\/{rel}","templated":true}]}}