{"id":102,"date":"2019-12-12T00:45:34","date_gmt":"2019-12-12T00:45:34","guid":{"rendered":"https:\/\/sites.wp.odu.edu\/french101-102\/?page_id=102"},"modified":"2019-12-12T01:06:03","modified_gmt":"2019-12-12T01:06:03","slug":"video","status":"publish","type":"page","link":"https:\/\/sites.wp.odu.edu\/astalfrench202\/telecollaborative-conversations\/video\/","title":{"rendered":"Vid\u00e9o"},"content":{"rendered":"<p>Apr\u00e8s avoir termin\u00e9 votre vid\u00e9o, s&#8217;il vous pla\u00eet t\u00e9l\u00e9charger dans cette page.<\/p>\n<p><strong>After you finish your video, please download in this page.<\/strong><\/p>\n\n\n<div class=\"wp-block-file\"><a href=\"http:\/\/sites.wp.odu.edu\/astalfrench202\/wp-content\/uploads\/sites\/17641\/2019\/12\/Video-Project-Final.pptx\">Video Project &#8211; Final<\/a><a href=\"http:\/\/sites.wp.odu.edu\/astalfrench202\/wp-content\/uploads\/sites\/17641\/2019\/12\/Video-Project-Final.pptx\" class=\"wp-block-file__button\" download>Download<\/a><\/div>\n","protected":false},"excerpt":{"rendered":"<p>Apr\u00e8s avoir termin\u00e9 votre vid\u00e9o, s&#8217;il vous pla\u00eet t\u00e9l\u00e9charger dans cette page. After you finish your video, please download in this page.<\/p>\n","protected":false},"author":6330,"featured_media":0,"parent":193,"menu_order":0,"comment_status":"closed","ping_status":"closed","template":"","meta":{"footnotes":""},"_links":{"self":[{"href":"https:\/\/sites.wp.odu.edu\/astalfrench202\/wp-json\/wp\/v2\/pages\/102"}],"collection":[{"href":"https:\/\/sites.wp.odu.edu\/astalfrench202\/wp-json\/wp\/v2\/pages"}],"about":[{"href":"https:\/\/sites.wp.odu.edu\/astalfrench202\/wp-json\/wp\/v2\/types\/page"}],"author":[{"embeddable":true,"href":"https:\/\/sites.wp.odu.edu\/astalfrench202\/wp-json\/wp\/v2\/users\/6330"}],"replies":[{"embeddable":true,"href":"https:\/\/sites.wp.odu.edu\/astalfrench202\/wp-json\/wp\/v2\/comments?post=102"}],"version-history":[{"count":2,"href":"https:\/\/sites.wp.odu.edu\/astalfrench202\/wp-json\/wp\/v2\/pages\/102\/revisions"}],"predecessor-version":[{"id":385,"href":"https:\/\/sites.wp.odu.edu\/astalfrench202\/wp-json\/wp\/v2\/pages\/102\/revisions\/385"}],"up":[{"embeddable":true,"href":"https:\/\/sites.wp.odu.edu\/astalfrench202\/wp-json\/wp\/v2\/pages\/193"}],"wp:attachment":[{"href":"https:\/\/sites.wp.odu.edu\/astalfrench202\/wp-json\/wp\/v2\/media?parent=102"}],"curies":[{"name":"wp","href":"https:\/\/api.w.org\/{rel}","templated":true}]}}