{"id":116,"date":"2019-12-12T00:45:34","date_gmt":"2019-12-12T00:45:34","guid":{"rendered":"https:\/\/sites.wp.odu.edu\/french101-102\/?page_id=116"},"modified":"2019-12-12T00:45:34","modified_gmt":"2019-12-12T00:45:34","slug":"analytic-rubric","status":"publish","type":"page","link":"https:\/\/sites.wp.odu.edu\/astalfrench202\/assessment\/analytic-rubric\/","title":{"rendered":"Analytic Rubric"},"content":{"rendered":"<p>Cette rubrique analytique vous permet d\u2019\u00eatre inform\u00e9 sur comment vous allez \u00eatre \u00e9valu\u00e9 pour votre telecolaborative conversation.<\/p>\n<p><strong>This analytic rubric allows you to be informed about how you will be evaluated on your telecolaborative conversations<\/strong><\/p>\n<a href=\"https:\/\/sites.wp.odu.edu\/astalfrench202\/wp-content\/uploads\/sites\/6308\/2016\/12\/Level-1-Speaking-Tasks-Analytic-Rubric-1.pdf\" class=\"pdfemb-viewer\" style=\"\" data-width=\"max\" data-height=\"max\"  data-toolbar=\"bottom\" data-toolbar-fixed=\"off\">level-1-speaking-tasks-analytic-rubric<br\/><\/a>\n","protected":false},"excerpt":{"rendered":"<p>Cette rubrique analytique vous permet d\u2019\u00eatre inform\u00e9 sur comment vous allez \u00eatre \u00e9valu\u00e9 pour votre telecolaborative conversation. This analytic rubric allows you to be informed about how you will be evaluated on your telecolaborative conversations<\/p>\n","protected":false},"author":6330,"featured_media":0,"parent":94,"menu_order":0,"comment_status":"closed","ping_status":"closed","template":"","meta":{"footnotes":""},"_links":{"self":[{"href":"https:\/\/sites.wp.odu.edu\/astalfrench202\/wp-json\/wp\/v2\/pages\/116"}],"collection":[{"href":"https:\/\/sites.wp.odu.edu\/astalfrench202\/wp-json\/wp\/v2\/pages"}],"about":[{"href":"https:\/\/sites.wp.odu.edu\/astalfrench202\/wp-json\/wp\/v2\/types\/page"}],"author":[{"embeddable":true,"href":"https:\/\/sites.wp.odu.edu\/astalfrench202\/wp-json\/wp\/v2\/users\/6330"}],"replies":[{"embeddable":true,"href":"https:\/\/sites.wp.odu.edu\/astalfrench202\/wp-json\/wp\/v2\/comments?post=116"}],"version-history":[{"count":1,"href":"https:\/\/sites.wp.odu.edu\/astalfrench202\/wp-json\/wp\/v2\/pages\/116\/revisions"}],"predecessor-version":[{"id":373,"href":"https:\/\/sites.wp.odu.edu\/astalfrench202\/wp-json\/wp\/v2\/pages\/116\/revisions\/373"}],"up":[{"embeddable":true,"href":"https:\/\/sites.wp.odu.edu\/astalfrench202\/wp-json\/wp\/v2\/pages\/94"}],"wp:attachment":[{"href":"https:\/\/sites.wp.odu.edu\/astalfrench202\/wp-json\/wp\/v2\/media?parent=116"}],"curies":[{"name":"wp","href":"https:\/\/api.w.org\/{rel}","templated":true}]}}