{"id":172,"date":"2019-12-12T00:45:34","date_gmt":"2019-12-12T00:45:34","guid":{"rendered":"https:\/\/sites.wp.odu.edu\/french101-102\/?page_id=172"},"modified":"2019-12-12T01:11:39","modified_gmt":"2019-12-12T01:11:39","slug":"telecolaborative-conversation-1","status":"publish","type":"page","link":"https:\/\/sites.wp.odu.edu\/astalfrench202\/telecollaborative-conversations\/telecolaborative-conversation-1\/","title":{"rendered":"Telecolaborative Conversation #1"},"content":{"rendered":"\n<figure class=\"wp-block-audio\"><audio controls src=\"https:\/\/sites.wp.odu.edu\/astalfrench202\/wp-content\/uploads\/sites\/17641\/2019\/12\/Aubrey-Stalcup-Conversation-1.mp3\"><\/audio><\/figure>\n\n\n<div class=\"entry-content\">\n<p>Apr\u00e8s avoir termin\u00e9 votre enregistrement 1, s&#8217;il vous pla\u00eet t\u00e9l\u00e9charger dans cette page.<\/p>\n<p><strong>After you finish your recording 1, please download in this page.<\/strong><\/p>\n<\/div>","protected":false},"excerpt":{"rendered":"<p>Apr\u00e8s avoir termin\u00e9 votre enregistrement 1, s&#8217;il vous pla\u00eet t\u00e9l\u00e9charger dans cette page. After you finish your recording 1, please download in this page.<\/p>\n","protected":false},"author":6330,"featured_media":0,"parent":193,"menu_order":0,"comment_status":"closed","ping_status":"closed","template":"","meta":{"footnotes":""},"_links":{"self":[{"href":"https:\/\/sites.wp.odu.edu\/astalfrench202\/wp-json\/wp\/v2\/pages\/172"}],"collection":[{"href":"https:\/\/sites.wp.odu.edu\/astalfrench202\/wp-json\/wp\/v2\/pages"}],"about":[{"href":"https:\/\/sites.wp.odu.edu\/astalfrench202\/wp-json\/wp\/v2\/types\/page"}],"author":[{"embeddable":true,"href":"https:\/\/sites.wp.odu.edu\/astalfrench202\/wp-json\/wp\/v2\/users\/6330"}],"replies":[{"embeddable":true,"href":"https:\/\/sites.wp.odu.edu\/astalfrench202\/wp-json\/wp\/v2\/comments?post=172"}],"version-history":[{"count":2,"href":"https:\/\/sites.wp.odu.edu\/astalfrench202\/wp-json\/wp\/v2\/pages\/172\/revisions"}],"predecessor-version":[{"id":391,"href":"https:\/\/sites.wp.odu.edu\/astalfrench202\/wp-json\/wp\/v2\/pages\/172\/revisions\/391"}],"up":[{"embeddable":true,"href":"https:\/\/sites.wp.odu.edu\/astalfrench202\/wp-json\/wp\/v2\/pages\/193"}],"wp:attachment":[{"href":"https:\/\/sites.wp.odu.edu\/astalfrench202\/wp-json\/wp\/v2\/media?parent=172"}],"curies":[{"name":"wp","href":"https:\/\/api.w.org\/{rel}","templated":true}]}}