{"id":31,"date":"2019-04-02T17:51:58","date_gmt":"2019-04-02T17:51:58","guid":{"rendered":"http:\/\/totesa.website\/student\/?page_id=31"},"modified":"2019-05-06T13:14:45","modified_gmt":"2019-05-06T13:14:45","slug":"about-me","status":"publish","type":"page","link":"https:\/\/sites.wp.odu.edu\/aubreystalcup\/","title":{"rendered":"\u00c0 propos de moi"},"content":{"rendered":"<div class=\"entry-content\">\n<p><strong>Bonjour, je m&#8217;appelle Aubrey Stalcup.\u00a0 <\/strong>Je suis une \u00e9tudiante \u00e0 Old Dominion University et je vais obtenir mon dipl\u00f4me en histoire \u00e0 l&#8217;automne 2019.\u00a0 Je suis n\u00e9e \u00e0 Woodbridge Virginia, pr\u00e8s de Washington DC, mais maintenant j&#8217;habite \u00e0 Norfolk Virginia parcque mon mari est\u00a0mon mari est un marin de service actif.\u00a0 J&#8217;ai deux fils et un chien et j&#8217;ai 40 ans.\u00a0Cette semestre, j&#8217;ai cinq cours.\u00a0 J&#8217;ai deux cours de l&#8217;histoire, deux cours de litterature, et une cours de fran\u00e7ais.\u00a0 Ma sp\u00e9cialisation est l&#8217;histoire.\u00a0 \u00a0Apr\u00e8s j&#8217;ai obtenu mon licence, je vais gagner un master \u00e0 l&#8217;histoire et puis je voudrais travailler dans une mus\u00e9e.<\/p>\n<p><a href=\"http:\/\/sites.wp.odu.edu\/aubreystalcup\/wp-content\/uploads\/sites\/14054\/2019\/05\/rick.jpg\"><img loading=\"lazy\" decoding=\"async\" class=\"size-medium wp-image-425 aligncenter\" src=\"http:\/\/sites.wp.odu.edu\/aubreystalcup\/wp-content\/uploads\/sites\/14054\/2019\/05\/rick-169x300.jpg\" alt=\"\" width=\"169\" height=\"300\" srcset=\"https:\/\/sites.wp.odu.edu\/aubreystalcup\/wp-content\/uploads\/sites\/14054\/2019\/05\/rick-169x300.jpg 169w, https:\/\/sites.wp.odu.edu\/aubreystalcup\/wp-content\/uploads\/sites\/14054\/2019\/05\/rick.jpg 540w\" sizes=\"(max-width: 169px) 100vw, 169px\" \/><\/a><\/p>\n<p><strong>Une description de moi.\u00a0\u00a0<\/strong>\u00a0Je suis une femme petite avec les yeux noisettes et les cheveux ch\u00e2tains.\u00a0 Je suis tres d\u00e9contract\u00e9e et sympathique.\u00a0 Parfois je suis tres timide.\u00a0 Je suis d&#8217;am\u00e9ricaine, et je parle fran\u00e7ais et anglais.<\/p>\n<p><strong>Dans ma temps libres.\u00a0<\/strong>\u00a0Je suis toujours occupp\u00e9e avec ma famille et mes \u00e9tudes.\u00a0 Ma famille et moi, nous aimons le camping, la randon\u00e9e, et le pein air.\u00a0 J&#8217;adore lire et cuisiner, et parler avec ma m\u00e8re et ma soeur au t\u00e9l\u00e9phone.\u00a0 Je regarde en peu la t\u00e9l\u00e9vision, juste deux ou trois \u00e9missions.<\/p>\n<p><a href=\"http:\/\/sites.wp.odu.edu\/aubreystalcup\/wp-content\/uploads\/sites\/14054\/2019\/05\/53674815_10218110772378923_585296865830895616_n.jpg\"><img loading=\"lazy\" decoding=\"async\" class=\"size-medium wp-image-427 aligncenter\" src=\"http:\/\/sites.wp.odu.edu\/aubreystalcup\/wp-content\/uploads\/sites\/14054\/2019\/05\/53674815_10218110772378923_585296865830895616_n-300x300.jpg\" alt=\"\" width=\"300\" height=\"300\" srcset=\"https:\/\/sites.wp.odu.edu\/aubreystalcup\/wp-content\/uploads\/sites\/14054\/2019\/05\/53674815_10218110772378923_585296865830895616_n-300x300.jpg 300w, https:\/\/sites.wp.odu.edu\/aubreystalcup\/wp-content\/uploads\/sites\/14054\/2019\/05\/53674815_10218110772378923_585296865830895616_n-150x150.jpg 150w, https:\/\/sites.wp.odu.edu\/aubreystalcup\/wp-content\/uploads\/sites\/14054\/2019\/05\/53674815_10218110772378923_585296865830895616_n-768x768.jpg 768w, https:\/\/sites.wp.odu.edu\/aubreystalcup\/wp-content\/uploads\/sites\/14054\/2019\/05\/53674815_10218110772378923_585296865830895616_n.jpg 960w\" sizes=\"(max-width: 300px) 100vw, 300px\" \/><\/a><\/p>\n<p>&nbsp;<\/p>\n<p>&nbsp;<\/p>\n<\/div>\n","protected":false},"excerpt":{"rendered":"<p>Bonjour, je m&#8217;appelle Aubrey Stalcup.\u00a0 Je suis une \u00e9tudiante \u00e0 Old Dominion University et je vais obtenir mon dipl\u00f4me en histoire \u00e0 l&#8217;automne 2019.\u00a0 Je suis n\u00e9e \u00e0 Woodbridge Virginia, pr\u00e8s de Washington DC, mais maintenant j&#8217;habite \u00e0 Norfolk Virginia parcque mon mari est\u00a0mon mari est un marin de service actif.\u00a0 J&#8217;ai deux fils et&#8230; <\/p>\n<div class=\"link-more\"><a href=\"https:\/\/sites.wp.odu.edu\/aubreystalcup\/\">Read More<\/a><\/div>\n","protected":false},"author":6330,"featured_media":0,"parent":0,"menu_order":0,"comment_status":"closed","ping_status":"closed","template":"","meta":{"footnotes":""},"_links":{"self":[{"href":"https:\/\/sites.wp.odu.edu\/aubreystalcup\/wp-json\/wp\/v2\/pages\/31"}],"collection":[{"href":"https:\/\/sites.wp.odu.edu\/aubreystalcup\/wp-json\/wp\/v2\/pages"}],"about":[{"href":"https:\/\/sites.wp.odu.edu\/aubreystalcup\/wp-json\/wp\/v2\/types\/page"}],"author":[{"embeddable":true,"href":"https:\/\/sites.wp.odu.edu\/aubreystalcup\/wp-json\/wp\/v2\/users\/6330"}],"replies":[{"embeddable":true,"href":"https:\/\/sites.wp.odu.edu\/aubreystalcup\/wp-json\/wp\/v2\/comments?post=31"}],"version-history":[{"count":4,"href":"https:\/\/sites.wp.odu.edu\/aubreystalcup\/wp-json\/wp\/v2\/pages\/31\/revisions"}],"predecessor-version":[{"id":428,"href":"https:\/\/sites.wp.odu.edu\/aubreystalcup\/wp-json\/wp\/v2\/pages\/31\/revisions\/428"}],"wp:attachment":[{"href":"https:\/\/sites.wp.odu.edu\/aubreystalcup\/wp-json\/wp\/v2\/media?parent=31"}],"curies":[{"name":"wp","href":"https:\/\/api.w.org\/{rel}","templated":true}]}}