{"id":478,"date":"2025-01-29T17:15:12","date_gmt":"2025-01-29T17:15:12","guid":{"rendered":"https:\/\/wp.odu.edu\/spring2017-fr102-template\/?page_id=478"},"modified":"2025-01-29T17:15:12","modified_gmt":"2025-01-29T17:15:12","slug":"resume","status":"publish","type":"page","link":"https:\/\/sites.wp.odu.edu\/avengers\/resume\/","title":{"rendered":"R\u00e9sum\u00e9"},"content":{"rendered":"<p>This is where you add content for your French r\u00e9sum\u00e9. Please be mindful of the personal address and phone numbers included on a public website.<\/p>\n<p><strong>Be sure to remove the instructional language when you have completed updating content on this page.<\/strong><\/p>\n","protected":false},"excerpt":{"rendered":"<p>This is where you add content for your French r\u00e9sum\u00e9. Please be mindful of the personal address and phone numbers included on a public website. Be sure to remove the instructional language when you have completed updating content on this&#8230; <a class=\"more-link\" href=\"https:\/\/sites.wp.odu.edu\/avengers\/resume\/\">Continue Reading &rarr;<\/a><\/p>\n","protected":false},"author":30456,"featured_media":0,"parent":0,"menu_order":0,"comment_status":"closed","ping_status":"closed","template":"","meta":{"footnotes":""},"_links":{"self":[{"href":"https:\/\/sites.wp.odu.edu\/avengers\/wp-json\/wp\/v2\/pages\/478"}],"collection":[{"href":"https:\/\/sites.wp.odu.edu\/avengers\/wp-json\/wp\/v2\/pages"}],"about":[{"href":"https:\/\/sites.wp.odu.edu\/avengers\/wp-json\/wp\/v2\/types\/page"}],"author":[{"embeddable":true,"href":"https:\/\/sites.wp.odu.edu\/avengers\/wp-json\/wp\/v2\/users\/30456"}],"replies":[{"embeddable":true,"href":"https:\/\/sites.wp.odu.edu\/avengers\/wp-json\/wp\/v2\/comments?post=478"}],"version-history":[{"count":3,"href":"https:\/\/sites.wp.odu.edu\/avengers\/wp-json\/wp\/v2\/pages\/478\/revisions"}],"predecessor-version":[{"id":581,"href":"https:\/\/sites.wp.odu.edu\/avengers\/wp-json\/wp\/v2\/pages\/478\/revisions\/581"}],"wp:attachment":[{"href":"https:\/\/sites.wp.odu.edu\/avengers\/wp-json\/wp\/v2\/media?parent=478"}],"curies":[{"name":"wp","href":"https:\/\/api.w.org\/{rel}","templated":true}]}}