{"id":486,"date":"2025-01-29T17:15:12","date_gmt":"2025-01-29T17:15:12","guid":{"rendered":"https:\/\/wp.odu.edu\/spring2017-fr102-template\/?page_id=486"},"modified":"2025-01-29T17:15:12","modified_gmt":"2025-01-29T17:15:12","slug":"profil","status":"publish","type":"page","link":"https:\/\/sites.wp.odu.edu\/avengers\/profil\/","title":{"rendered":"Profil"},"content":{"rendered":"<p>This is where you will provide: nom de famille, pr\u00e9nom, courriel, ville\/\u00e9tat\/pays de naissance, \u00e2ge, \u00e9tudes, sp\u00e9cialisation, loisirs (activit\u00e9s pr\u00e9f\u00e9r\u00e9es).<\/p>\n<p>In addition, please reflect on the following questions and provide complete and developed answers in English:<\/p>\n<ol>\n<li>Why is it important to study a world language?<\/li>\n<li>Why are you studying French?<\/li>\n<\/ol>\n<p><strong>Be sure to remove the instructional language when you have completed updating content on this page.<\/strong><\/p>\n","protected":false},"excerpt":{"rendered":"<p>This is where you will provide: nom de famille, pr\u00e9nom, courriel, ville\/\u00e9tat\/pays de naissance, \u00e2ge, \u00e9tudes, sp\u00e9cialisation, loisirs (activit\u00e9s pr\u00e9f\u00e9r\u00e9es). In addition, please reflect on the following questions and provide complete and developed answers in English: Why is it important&#8230; <a class=\"more-link\" href=\"https:\/\/sites.wp.odu.edu\/avengers\/profil\/\">Continue Reading &rarr;<\/a><\/p>\n","protected":false},"author":30456,"featured_media":0,"parent":0,"menu_order":0,"comment_status":"closed","ping_status":"closed","template":"","meta":{"footnotes":""},"_links":{"self":[{"href":"https:\/\/sites.wp.odu.edu\/avengers\/wp-json\/wp\/v2\/pages\/486"}],"collection":[{"href":"https:\/\/sites.wp.odu.edu\/avengers\/wp-json\/wp\/v2\/pages"}],"about":[{"href":"https:\/\/sites.wp.odu.edu\/avengers\/wp-json\/wp\/v2\/types\/page"}],"author":[{"embeddable":true,"href":"https:\/\/sites.wp.odu.edu\/avengers\/wp-json\/wp\/v2\/users\/30456"}],"replies":[{"embeddable":true,"href":"https:\/\/sites.wp.odu.edu\/avengers\/wp-json\/wp\/v2\/comments?post=486"}],"version-history":[{"count":5,"href":"https:\/\/sites.wp.odu.edu\/avengers\/wp-json\/wp\/v2\/pages\/486\/revisions"}],"predecessor-version":[{"id":583,"href":"https:\/\/sites.wp.odu.edu\/avengers\/wp-json\/wp\/v2\/pages\/486\/revisions\/583"}],"wp:attachment":[{"href":"https:\/\/sites.wp.odu.edu\/avengers\/wp-json\/wp\/v2\/media?parent=486"}],"curies":[{"name":"wp","href":"https:\/\/api.w.org\/{rel}","templated":true}]}}