{"id":554,"date":"2026-04-17T01:56:31","date_gmt":"2026-04-17T01:56:31","guid":{"rendered":"https:\/\/sites.wp.odu.edu\/barshis-lab\/?page_id=554"},"modified":"2026-04-17T03:28:30","modified_gmt":"2026-04-17T03:28:30","slug":"research-publications","status":"publish","type":"page","link":"https:\/\/sites.wp.odu.edu\/barshis-lab\/research-publications\/","title":{"rendered":"Research &amp; Publications"},"content":{"rendered":"\n<p><strong>The Evolution of Stress Tolerance in Marine Invertebrates<\/strong><\/p>\n\n\n\n<p>Our approach is to investigate species that naturally occur at the edges of their physiological tolerance limits in order to understand the molecular mechanisms that allow some organisms to survive while others cannot. By understanding how organisms have naturally evolved to tolerate environmental variability, we can then begin to predict how populations may respond to the accelerated rates of global climate change.<\/p>\n\n\n\n<p>Specifically our research focuses on the physiological responses of a population of back-reef corals in American Samoa that routinely survive temperatures thought to cause bleaching and mortality in most other areas. If we can understand how this particular group of corals is able to survive these extreme exposures, then we can start to identify other populations of corals that may be best adapted to survive future stresses caused by climate change.<\/p>\n\n\n\n<p>We use molecular tools (genomic, proteomic) combined with experimental ecology and physiology to explore the evolutionary basis for phenotypic variability in stress tolerance limits of marine invertebrates.<\/p>\n\n\n\n<p><strong>Current Projects:<\/strong><\/p>\n\n\n\n<ul>\n<li>Resilience-based Coral Reef Restoration and Bleaching Resistant Coral Nursery Design in American Samoa (NOAA)<\/li>\n\n\n\n<li>Biobanking American Samoan Resilient Corals (Paul M. Angell Family Foundation)<\/li>\n\n\n\n<li>Reefs of Hope: Nature-based Assisted Coral Adaptation (CORDAP)<\/li>\n\n\n\n<li>Mesophotic Coral Ecosystems of American Samoa (NOAA)<\/li>\n<\/ul>\n\n\n\n<p><strong>Publications (updated April 2026):<\/strong><\/p>\n\n\n\n<p><strong>Copyright Notice:<\/strong>\u00a0These documents are protected by various copyright laws. However, we may\u00a0distribute copies to individuals for personal, research use. Your click on any of the PDF links below constitutes your request for a personal copy of the linked article and our delivery of a personal copy. Any other use or distribution is prohibited. These are\u00a0provided as a means to ensure timely dissemination of scholarly and technical work on a noncommercial basis.<\/p>\n\n\n\n<p>Google Scholar:\u00a0<a href=\"https:\/\/scholar.google.com\/citations?user=fxHxwoEAAAAJ&amp;hl=en&amp;oi=ao\" target=\"_blank\" rel=\"noreferrer noopener\">https:\/\/scholar.google.com.au\/citations?user=fxHxwoEAAAAJ&amp;hl=en&amp;oi=ao<\/a><\/p>\n\n\n\n<ul>\n<li>Adhikary NR,\u00a0<strong>Barshis DJ<\/strong>, Baeza JA (Accepted) Mitochondrial genome of the Indo-Pacific mesophotic coral\u00a0<em>Leptoseris columna<\/em>\u00a0(Scleractinia: Agariciidae) assembled using PacBio long-read sequencing.\u00a0<em>Ecology and Evolution<\/em><\/li>\n\n\n\n<li>Fiesinger A*, Alderdice R, Colin L, Manns H, Perna G, Stankiewicz KH, Valenzuela JJ, Bay LK,\u00a0<strong>Barshis DJ<\/strong>, Baliga NS, Baums IB, Burt JA, Voolstra CR (2025) Symbiodiniaceae restructuring over the last decade on the hottest coral reefs on Earth.\u00a0<em>Coral Reefs.<\/em>\u00a0<a href=\"https:\/\/doi.org\/10.1007\/s00338-025-02767-x\">https:\/\/doi.org\/10.1007\/s00338-025-02767-x<\/a><\/li>\n\n\n\n<li>Blanco Pimentel M*, Calle-Trivi\u00f1o J,\u00a0<strong>Barshis DJ<\/strong>, van der Meij SET, Morikawa MK\u00a0(2025)\u00a0Building heat-resilient Caribbean reefs: integrating thermal thresholds and coral colonies selection in restoration.\u00a0<em>PeerJ.<\/em>\u00a013:e19987\u00a0<a href=\"https:\/\/doi.org\/10.7717\/peerj.19987\">https:\/\/doi.org\/10.7717\/peerj.19987<\/a><\/li>\n\n\n\n<li>Sheffey HL*,\u00a0<strong>Barshis DJ,\u00a0<\/strong>Bochdansky AB, Dobbs FC (2025) Do microplastics,\u00a0<em>Vibrio<\/em>\u00a0bacteria, and warming water temperatures impact the health and physiology of the Northern Star Coral,\u00a0<em>Astrangia poculata<\/em>?\u00a0<em>Marine Pollution Bulletin.\u00a0<\/em>217, 118066.\u00a0<a href=\"https:\/\/doi.org\/10.1016\/j.marpolbul.2025.118066\">https:\/\/doi.org\/10.1016\/j.marpolbul.2025.118066<\/a><\/li>\n\n\n\n<li>Radice VZ, Gijsbers J, Vimercati S*,\u00a0<strong>Barshis DJ\u00a0<\/strong>(2025)<strong>\u00a0<\/strong>First reference genomes for two mesophotic, reef-building coral species:\u00a0<em>Leptoseris\u00a0<\/em>cf.\u00a0<em>scabra\u00a0<\/em>and\u00a0<em>Montipora\u00a0<\/em>cf.\u00a0<em>grisea. Journal of Heredity<\/em>.\u00a0<a href=\"https:\/\/doi.org\/10.1093\/jhered\/esaf010\">https:\/\/doi.org\/10.1093\/jhered\/esaf010<\/a><\/li>\n\n\n\n<li>Harman TE,\u00a0<strong>Barshis DJ<\/strong>, Hauff Salas B, Strychar KB (2025) Cellular Responses of\u00a0<em>Astrangia poculata<\/em>\u00a0(Ellis and Solander, 1786) and Its Symbiont to Experimental Heat Stress.\u00a0<em>Water\u00a0<\/em>17(3), 411.\u00a0<a href=\"https:\/\/doi.org\/10.3390\/w17030411\">https:\/\/doi.org\/10.3390\/w17030411<\/a><\/li>\n\n\n\n<li>Radice VZ, Martinez A, Paytan A, Potts DC,\u00a0<strong>Barshis DJ<\/strong>\u00a0(2023) Complex dynamics of coral gene expression responses to low pH across species.\u00a0<em>Molecular Ecology<\/em>. 33(1), e17186.\u00a0<a href=\"https:\/\/doi.org\/10.1111\/mec.17186\">https:\/\/doi.org\/10.1111\/mec.17186<\/a><\/li>\n\n\n\n<li>Evensen NR<sup>\u2020<\/sup>, Bateman TG*, Klepac CN, Schmidt-Roach S, Barreto M*, Aranda M, Warner ME,\u00a0<strong>Barshis DJ<\/strong><sup>\u2020<\/sup>\u00a0(2023) The roles of heating rate, intensity, and duration on the response of corals to thermal stress.\u00a0<em>Journal of Experimental Marine Biology and Ecology.<\/em>\u00a0567, 151930.\u00a0<a href=\"https:\/\/doi.org\/10.1016\/j.jembe.2023.151930\">https:\/\/doi.org\/10.1016\/j.jembe.2023.151930<\/a><\/li>\n\n\n\n<li>Evensen NR<sup>\u2020<\/sup>, Parker KE*, Oliver TA, Palumbi SR, Logan CA, Ryan SJ, Klepac CN, Perna G, Warner ME, Voolstra CR<sup>\u2020<\/sup>,\u00a0<strong>Barshis DJ<\/strong><sup>\u2020<\/sup><strong>\u00a0(<\/strong>2023) The Coral Bleaching Automated Stress System (CBASS): a low cost, portable system for the standardized empirical assessment of coral thermal limits.\u00a0<em>Limnology and Oceanography: Methods.<\/em>\u00a021(7), 421-434.\u00a0<a href=\"https:\/\/doi.org\/10.1002\/lom3.10555\">https:\/\/doi.org\/10.1002\/lom3.10555<\/a><\/li>\n\n\n\n<li>Schoepf V, Baumann JH,\u00a0<strong>Barshis DJ<\/strong>, Browne NK, Camp EF, Comeau S, Cornwall CE, Guzm\u00e1n HM, Riegl B, Metalpa R, Sommer B (2023) Corals at the edge of environmental limits: A new conceptual framework to re-define marginal and extreme coral communities.\u00a0<em>Science of the Total Environment.\u00a0<\/em>884, 163688.\u00a0<a href=\"https:\/\/doi.org\/10.1016\/j.scitotenv.2023.163688\" target=\"_blank\" rel=\"noreferrer noopener\">https:\/\/doi.org\/10.1016\/j.scitotenv.2023.163688<\/a><\/li>\n\n\n\n<li>Buitrago-Lopez C*, Cardena A, Hume BCC, Gosselin T, Staubach F, Aranda M,\u00a0<strong>Barshis DJ<\/strong>, Sawall Y, Voolstra CR (2023)\u00a0Disparate population and holobiont structure of pocilloporid corals across the Red Sea gradient demonstrate species-specific evolutionary trajectories.\u00a0<em>Molecular Ecology.\u00a0<\/em>32(9), 2151-2173.\u00a0<a href=\"https:\/\/doi.org\/10.1111\/mec.16871\">https:\/\/doi.org\/10.1111\/mec.16871<\/a><\/li>\n\n\n\n<li>Vega Thurber R, Schmeltzer ER, McLachlan RH, van Woesik R, Toonen RJ, Warner ME, Dobson KL, Barott KL,\u00a0<strong>Barshis DJ<\/strong>, Baumann J, Chapron L, Combosch DJ, Correa AM, DeCarlo TM, Hagedorn M, H\u00e9douin L, Hoadley, K, Felis T, Ferrier-Pag\u00e9s, Kenkel C, Kuffner IB, Matthews J, Medina M, Meyer C, Oster C, Price J, Putnam HM, Sawall Y (2022) Unified methods in collecting, preserving, and archiving coral bleaching and restoration specimens to increase sample utility and interdisciplinary collaboration.\u00a0<em>PeerJ.\u00a0<\/em>10, e14176.\u00a0<a href=\"https:\/\/doi.org\/10.7717\/peerj.14176\">https:\/\/doi.org\/10.7717\/peerj.14176<\/a><\/li>\n\n\n\n<li>Harman TE*,\u00a0<strong>Barshis DJ<\/strong>, Hauf-Salas B, Hamsher SE, Strychar KB (2022) Indications of symbiotic state influencing melanin-synthesis immune response in the facultative coral,\u00a0<em>Astrangia poculata<\/em>.\u00a0<em>Diseases of Aquatic Organisms.<\/em>151, 63-74.\u00a0<a href=\"https:\/\/doi.org\/10.3354\/dao03695\">https:\/\/doi.org\/10.3354\/dao03695<\/a><\/li>\n\n\n\n<li>Blanco-Pimentel M, Evensen NR, Cort\u00e9s-Useche C, Calle-Trivi\u00f1o J, Barshis DJ, Galvan V, Harms E, Morikawa MK (2022) All-inclusive coral reef restoration: how the tourism sector can boost restoration efforts in the Caribbean. Frontiers in Marine Science<\/li>\n\n\n\n<li>Klepac CN, Barshis DJ (2022) High-resolution in situ thermal metrics coupled with acute heat stress experiments reveal differential coral bleaching susceptibility. Coral Reefs 41:1045\u20131057<\/li>\n\n\n\n<li>Evensen NR, Voolstra CR, Fine M, Perna G, Cardenas A, Buitrago-Lopez C, Rowe K, Barshis DJ (2022) Empirically derived thermal thresholds of four coral species along the Red Sea using a portable and standardized experimental approach. Coral Reefs. 41:239\u2013252<\/li>\n\n\n\n<li>Banc-Prandi G, Evensen NR, Barshis DJ, Perna G, Omar YM, Fine M (2022) Assessment of temperature optimum signatures of corals at both latitudinal extremes of the Red Sea. Conservation Physiology 10(1):coac002<\/li>\n\n\n\n<li>Naugle MS, Oliver TA, Barshis DJ, Gates RD and Logan CA (2021) Variation in Coral Thermotolerance Across a Pollution Gradient Erodes as Coral Symbionts Shift to More Heat-Tolerant Genera. Frontiers in Marine Science 8:760891<\/li>\n\n\n\n<li>Voolstra CR, Suggett DJ, Peixoto RS, Parkinson JE, Quigley KM, Silveira CB, Sweet M, Muller EM, Barshis DJ, Bourne DG, Aranda M (2021) Extending the natural adaptive capacity of coral holobionts. Nature Reviews Earth &amp; Environment 2(11):747\u2013762<\/li>\n\n\n\n<li>Voolstra CR, Valenzuela JJ, Turkarslan S, Ca \u0301rdenas A, Hume BCC, Perna G, Buitrago-Lo \u0301pez C, Rowe K, Orellana MV, Baliga NS, Paranjape S, Banc-Prandi G, Bellworthy J, Fine M, Frias-Torres S, Barshis DJ (2021a) Contrasting heat stress response patterns of coral holobionts across the Red Sea suggest distinct mech- anisms of thermal tolerance. Molecular Ecology 30:4466\u20134480<\/li>\n\n\n\n<li>Savary R, Barshis DJ, Voolstra CR, C\u00e1rdenas A, Evensen NR, Banc-Prandi G, Fine M, Meibom A (2021) Fast and pervasive transcriptomic resilience and acclimation of extremely heat-tolerant coral holobionts from the northern Red Sea. Proceedings of the National Academy of Sciences 118(19):e2023298118<\/li>\n\n\n\n<li>Evensen NR, Fine M, Perna G, Voolstra CR, Barshis DJ (2021) Remarkably high and consistent tolerance of a Red Sea coral to acute and chronic thermal stress exposures. Limnology and Oceanography 66(5):1718-29<\/li>\n\n\n\n<li>Voolstra CR, Quigley KM, Davies SW, Parkinson JE, Peixoto RS, Aranda M, Baker AC, Barno AR, Barshis DJ, Benzoni F, Bonito V. Consensus guidelines for advancing coral holobiont genome and specimen voucher deposition. Frontiers in Marine Science 2021:1029.<\/li>\n\n\n\n<li>Aichelman HE, Barshis DJ (2020) Adaptive divergence, neutral panmixia, and algal symbiont population structure in the temperate coral&nbsp;<em>Astrangia poculata<\/em>&nbsp;along the Mid-Atlantic United States. PeerJ 8:e10201<\/li>\n\n\n\n<li>Klepac CN, Barshis DJ (2020) Reduced thermal tolerance of massive coral species in a highly variable environment. Proceedings of the Royal Society B. 287:20201379<\/li>\n\n\n\n<li>Voolstra CR, Buitrago\u2010L\u00f3pez C, Perna G, C\u00e1rdenas A, Hume BC, R\u00e4decker N, Barshis DJ (2020) Standardized short\u2010term acute heat stress assays resolve historical differences in coral thermotolerance across microhabitat reef sites. Global Change Biology 26(8):4328-43<\/li>\n\n\n\n<li>Kleinhaus K, Al-Sawalmih A, Barshis DJ, Genin A, Grace LN, Hoegh-Guldberg O, Loya Y, Meibom A, Osman EO, Ruch J-D, Shaked Y, Voolstra CR, Zvuloni A, Fine M (2020) Science, Diplomacy, and the Red Sea\u2019s Unique Coral Reef: It\u2019s Time for Action. Frontiers in Marine Science 7:90. doi: 10.3389\/fmars.2020.00090<\/li>\n\n\n\n<li>Martinez A, Crook ED, Barshis DJ, Potts DC, Rebolledo-Vieyra M, Hernandez L, Paytan A&nbsp;(2019) Species-specific calcification response of Caribbean corals after 2-year transplantation to a low aragonite saturation submarine spring. Proceedings of the Royal Society B. 2862019057220190572<\/li>\n\n\n\n<li>Aichelman HE, Zimmerman RC, Barshis DJ (2019) Adaptive signatures in thermal performance of the temperate coral&nbsp;<em>Astrangia poculata<\/em>. Journal of Experimental Biology 222, jeb189225<\/li>\n\n\n\n<li>Barshis, DJ, Birkeland, C, Toonen, RJ, Gates, RD, Stillman, JH (2018) High-frequency temperature variability mirrors fixed differences in thermal limits of the massive coral Porites lobata. Journal of Experimental Biology 221, jeb188581<\/li>\n\n\n\n<li>Safaie, A., Silbiger, N.J., McClanahan, T.R. et al. (2018) High frequency temperature variability reduces the risk of coral bleaching. Nature Communications 9<strong>,&nbsp;<\/strong>1671<\/li>\n\n\n\n<li>Torda G, Donelson JM, Aranda M, Barshis DJ, et al. (2017) Rapid adaptive responses to climate change in corals. Nature Climate Change. 7, 627-636. Selected for Journal Cover<\/li>\n\n\n\n<li>McKeon S, Weber M, Alter SE, Seavy N, Crandall E, Barshis DJ, et al. (2016) Melting barriers to faunal exchange across ocean basins. Global Change Biology. 22, 465-471. Selected for journal cover and featured in the&nbsp;<a href=\"https:\/\/web.archive.org\/web\/20250118182041\/https:\/\/www.washingtonpost.com\/news\/energy-environment\/wp\/2015\/11\/30\/animals-are-showing-up-in-really-strange-places-this-is-the-surprising-reason-why\/\" target=\"_blank\" rel=\"noreferrer noopener\">Washington Post<\/a><\/li>\n\n\n\n<li>Egekwu N, Sonenshine DE, Garman H, Barshis DJ, Cox N, Bissinger BW, Roe RM&nbsp;(2016) Comparing synganglion neuropeptides, neuropeptide receptors and neurotransmitter recepters and their gene expression response to feeding in&nbsp;Ixodes scapularis (Ixodidae) versus Ornithodoros turicata (Argasidae). Insect&nbsp;Molecular Biology 25, 72-92<\/li>\n\n\n\n<li>McKeon S, Tunberg BG, Johnston CA, Barshis DJ (2015) Ecological drivers and habitat associations of esturaine bivalves. PeerJ. 3:e1348<\/li>\n\n\n\n<li>Palumbi SR, Barshis DJ, Traylor-Knowles N, Bay RA (2014) Mechanisms of reef coral resistance to future climate change. Science. 344, 895-898 (<a href=\"https:\/\/web.archive.org\/web\/20250118182041\/http:\/\/www.sciencemag.org\/content\/early\/2014\/04\/23\/science.1251336\" target=\"_blank\" rel=\"noreferrer noopener\">pdf<\/a>)<\/li>\n\n\n\n<li>Barshis DJ, Ladner JT, Oliver TA, Palumbi SR (2014) Lineage specific transcriptional profiles of Symbiodinium spp. unaltered by heat stress in a coral host. Molecular Biology and Evolution. 31, 1343-1352 (<a href=\"https:\/\/web.archive.org\/web\/20250118182041\/http:\/\/mbe.oxfordjournals.org\/content\/early\/2014\/04\/07\/molbev.msu107\">pdf<\/a>)<\/li>\n\n\n\n<li>Anderson EC, Skaug HJ, Barshis DJ (2014) Next-generation sequencing for molecular ecology: A caveat regarding pooled samples. Molecular Ecology. 23, 502-512<\/li>\n\n\n\n<li>Barshis DJ, Oliver TA, Ladner JT, Seneca FO, Traylor-Knowles N, Palumbi SR (2013) Genomic basis for coral resilience to climate change. Proceedings of the National Academy of Sciences. 110, 1387-1392, Selected for journal cover and&nbsp;the subject of over 30 popular press articles (<a href=\"https:\/\/web.archive.org\/web\/20250118182041\/http:\/\/deepseanews.com\/2014\/01\/coral-reefs-lets-unzip-your-genes\/\">this one\u2019s the best<\/a>) (<a href=\"https:\/\/web.archive.org\/web\/20250118182041\/http:\/\/www.pnas.org\/content\/early\/2013\/01\/02\/1210224110.full.pdf+html?with-ds=yes\">open access pdf<\/a>)<\/li>\n\n\n\n<li>Ladner JT, Barshis DJ, Palumbi SR (2012) Amino acid sequence evolution in four Symbiodinium clades: an exploration into the genetic basis of thermal tolerance in Symbiodinium clade D. BMC Evolutionary Biology 12:217 (<a href=\"https:\/\/web.archive.org\/web\/20250118182041\/http:\/\/www.biomedcentral.com\/content\/pdf\/1471-2148-12-217.pdf\">open access pdf<\/a>)<\/li>\n\n\n\n<li>Amend A, Barshis DJ, Oliver TA (2012) Coral-associated marine fungi form novel lineages and heterogeneous assemblages. The ISME Journal. 6:1291-1301 (<a href=\"https:\/\/web.archive.org\/web\/20250118182041\/http:\/\/www.nature.com\/ismej\/journal\/v6\/n7\/pdf\/ismej2011193a.pdf\">open access pdf<\/a>)<\/li>\n\n\n\n<li>DeWit P, Pespeni MH, Ladner JT, Barshis DJ et al. (2012) The simple fool\u2019s guide&nbsp;to population genomics via RNA-Seq: an introduction to high-throughput sequencing data analysis. Molecular Ecology Resources. 12:1058-1067 (<a href=\"https:\/\/web.archive.org\/web\/20250118182041\/http:\/\/palumbi.stanford.edu\/manuscripts\/simplefoolsguide.pdf\">pdf<\/a>)<\/li>\n\n\n\n<li>Padilla-Gamino J, Bidigare RR, Barshis DJ, Alamaru A et al. (2012) Are all eggs created equal? A case study from the Hawaiian reef building coral Montipora capitata. Coral Reefs. 31, 137-152 (<a href=\"https:\/\/web.archive.org\/web\/20250118182041\/http:\/\/link.springer.com\/article\/10.1007%2Fs00338-012-0957-1\">link<\/a>)<\/li>\n\n\n\n<li>Barshis DJ, Sotka EE, Kelly RP, Sivasundar A, Menge BA, Barth JA, Palumbi SR (2011) A link between coastal upwelling and temporal genetic variability in the Acorn Barnacle Balanus glandula. Marine Ecology Progress Series. 439:139-150 (<a href=\"https:\/\/web.archive.org\/web\/20250118182041\/http:\/\/www.int-res.com\/abstracts\/meps\/v439\/p139-150\/\">link<\/a>)<\/li>\n\n\n\n<li>Barshis DJ, Stillman JH, Gates RD, Toonen RJ, Smith LW, Birkeland C (2010) Protein expression and genetic structure of the coral Porites lobata in an environmentally extreme Samoan back reef: does host genotype limit phenotypic plasticity? Molecular Ecology 19(8):1705-1720<\/li>\n\n\n\n<li>Brown DP, Basch L, Barshis DJ, Forsman Z, Fenner D, Goldberg J (2009) American Samoa\u2019s island of giants: Massive Porites colonies at Ta\u2019u Island. Coral Reefs 28:735<\/li>\n\n\n\n<li>Forsman Z, Barshis DJ, Hunter C, Toonen RJ (2009) Shape-shifting corals: Molecular markers show morphology is evolutionarily plastic in Porites. BMC Evolutionary Biology 9:45 (<a href=\"https:\/\/web.archive.org\/web\/20250118182041\/http:\/\/www.biomedcentral.com\/content\/pdf\/1471-2148-9-45.pdf\">open access pdf<\/a>)<\/li>\n\n\n\n<li>Smith LW, Barshis DJ, Birkeland C (2007) Phenotypic plasticity for skeletal growth, density and calcification of Porites lobata in response to habitat type. Coral Reefs 26:559-567<\/li>\n<\/ul>\n\n\n\n<p><strong>Other Publications<\/strong>:<\/p>\n\n\n\n<ul>\n<li>Barshis DJ (2015) Genomic potential for coral survival of climate change. In: Coral Reefs in the Anthropocene (C. Birkeland, editor), Springer, Netherlands. 133-146<\/li>\n\n\n\n<li>Willette DA, Allendorf FW, Barber PH, Barshis DJ et al. (2014) So, you want to use next-generation sequencing in marine systems? Insight from the Pan-Pacific Advanced Studies Institute. Bulletin of Marine Science. 90(1), 79-122<\/li>\n\n\n\n<li>Pinsky ML, Kroeker KJ, Logan CA, Barshis DJ (2013) Marine conservation and climate change. In: Encyclopedia of Biodiversity (S. Levin, editor), Academic Press, San Diego. 32-44<\/li>\n\n\n\n<li>Spalding H, Gupta A, Barshis DJ, Knope M, Tice K, Dirzo R, Wilber C (2010) Broader impacts from the bottom-up: integrating K-12 education into your grant applications. Frontiers in Ecology and the Environment 8(4), 217-218<\/li>\n<\/ul>\n","protected":false},"excerpt":{"rendered":"<p>The Evolution of Stress Tolerance in Marine Invertebrates Our approach is to investigate species that naturally occur at the edges of their physiological tolerance limits in order to understand the molecular mechanisms that allow some organisms to survive while others cannot. By understanding how organisms have naturally evolved to tolerate environmental variability, we can then&#8230; <\/p>\n<div class=\"link-more\"><a href=\"https:\/\/sites.wp.odu.edu\/barshis-lab\/research-publications\/\">Read More<\/a><\/div>\n","protected":false},"author":232,"featured_media":0,"parent":0,"menu_order":0,"comment_status":"closed","ping_status":"closed","template":"","meta":{"footnotes":""},"_links":{"self":[{"href":"https:\/\/sites.wp.odu.edu\/barshis-lab\/wp-json\/wp\/v2\/pages\/554"}],"collection":[{"href":"https:\/\/sites.wp.odu.edu\/barshis-lab\/wp-json\/wp\/v2\/pages"}],"about":[{"href":"https:\/\/sites.wp.odu.edu\/barshis-lab\/wp-json\/wp\/v2\/types\/page"}],"author":[{"embeddable":true,"href":"https:\/\/sites.wp.odu.edu\/barshis-lab\/wp-json\/wp\/v2\/users\/232"}],"replies":[{"embeddable":true,"href":"https:\/\/sites.wp.odu.edu\/barshis-lab\/wp-json\/wp\/v2\/comments?post=554"}],"version-history":[{"count":3,"href":"https:\/\/sites.wp.odu.edu\/barshis-lab\/wp-json\/wp\/v2\/pages\/554\/revisions"}],"predecessor-version":[{"id":607,"href":"https:\/\/sites.wp.odu.edu\/barshis-lab\/wp-json\/wp\/v2\/pages\/554\/revisions\/607"}],"wp:attachment":[{"href":"https:\/\/sites.wp.odu.edu\/barshis-lab\/wp-json\/wp\/v2\/media?parent=554"}],"curies":[{"name":"wp","href":"https:\/\/api.w.org\/{rel}","templated":true}]}}