{"id":173,"date":"2023-03-23T17:44:34","date_gmt":"2023-03-23T17:44:34","guid":{"rendered":"https:\/\/wp.odu.edu\/odupresentationtemplate\/?page_id=2"},"modified":"2023-04-05T22:02:47","modified_gmt":"2023-04-05T22:02:47","slug":"sample-page-2","status":"publish","type":"page","link":"https:\/\/sites.wp.odu.edu\/bburk\/","title":{"rendered":"\u00a1Hola!"},"content":{"rendered":"\n<p><\/p>\n\n\n\n<p>\u00a1Hola! Mi nombre es Brock Burkholder, soy un estudiante de ODU que estudia higiene dental. La escuela es mi principal ocupaci\u00f3n, y tambi\u00e9n hago otros proyectos. La educaci\u00f3n es muy importante para m\u00ed.<\/p>\n\n\n\n<div class=\"wp-block-group is-layout-constrained wp-block-group-is-layout-constrained\"><div class=\"wp-block-group__inner-container\">\n<div class=\"wp-block-columns is-layout-flex wp-container-core-columns-layout-1 wp-block-columns-is-layout-flex\">\n<div class=\"wp-block-column is-layout-flow wp-block-column-is-layout-flow\" style=\"flex-basis:100%\">\n<figure class=\"wp-block-gallery has-nested-images columns-default is-cropped wp-block-gallery-1 is-layout-flex wp-block-gallery-is-layout-flex\">\n<figure class=\"wp-block-image size-full is-style-rounded\"><a href=\"https:\/\/sites.wp.odu.edu\/bburk\/wp-content\/uploads\/sites\/32908\/2023\/04\/pic-2.jpg\"><img loading=\"lazy\" decoding=\"async\" width=\"740\" height=\"986\" src=\"https:\/\/sites.wp.odu.edu\/bburk\/wp-content\/uploads\/sites\/32908\/2023\/04\/pic-2.jpg\" alt=\"\" class=\"wp-image-484\" srcset=\"https:\/\/sites.wp.odu.edu\/bburk\/wp-content\/uploads\/sites\/32908\/2023\/04\/pic-2.jpg 740w, https:\/\/sites.wp.odu.edu\/bburk\/wp-content\/uploads\/sites\/32908\/2023\/04\/pic-2-225x300.jpg 225w, https:\/\/sites.wp.odu.edu\/bburk\/wp-content\/uploads\/sites\/32908\/2023\/04\/pic-2-630x840.jpg 630w\" sizes=\"(max-width: 740px) 100vw, 740px\" \/><\/a><\/figure>\n<\/figure>\n<\/div>\n<\/div>\n<\/div><\/div>\n","protected":false},"excerpt":{"rendered":"<p>\u00a1Hola! Mi nombre es Brock Burkholder, soy un estudiante de ODU que estudia higiene dental. La escuela es mi principal ocupaci\u00f3n, y tambi\u00e9n hago otros proyectos. La educaci\u00f3n es muy importante para m\u00ed.<\/p>\n","protected":false},"author":26419,"featured_media":0,"parent":0,"menu_order":0,"comment_status":"closed","ping_status":"open","template":"","meta":{"footnotes":""},"_links":{"self":[{"href":"https:\/\/sites.wp.odu.edu\/bburk\/wp-json\/wp\/v2\/pages\/173"}],"collection":[{"href":"https:\/\/sites.wp.odu.edu\/bburk\/wp-json\/wp\/v2\/pages"}],"about":[{"href":"https:\/\/sites.wp.odu.edu\/bburk\/wp-json\/wp\/v2\/types\/page"}],"author":[{"embeddable":true,"href":"https:\/\/sites.wp.odu.edu\/bburk\/wp-json\/wp\/v2\/users\/26419"}],"replies":[{"embeddable":true,"href":"https:\/\/sites.wp.odu.edu\/bburk\/wp-json\/wp\/v2\/comments?post=173"}],"version-history":[{"count":2,"href":"https:\/\/sites.wp.odu.edu\/bburk\/wp-json\/wp\/v2\/pages\/173\/revisions"}],"predecessor-version":[{"id":509,"href":"https:\/\/sites.wp.odu.edu\/bburk\/wp-json\/wp\/v2\/pages\/173\/revisions\/509"}],"wp:attachment":[{"href":"https:\/\/sites.wp.odu.edu\/bburk\/wp-json\/wp\/v2\/media?parent=173"}],"curies":[{"name":"wp","href":"https:\/\/api.w.org\/{rel}","templated":true}]}}