{"id":173,"date":"2020-02-25T20:46:24","date_gmt":"2020-02-25T20:46:24","guid":{"rendered":"https:\/\/wp.odu.edu\/odupresentationtemplate\/?page_id=2"},"modified":"2020-04-23T01:02:01","modified_gmt":"2020-04-23T01:02:01","slug":"sample-page-2","status":"publish","type":"page","link":"https:\/\/sites.wp.odu.edu\/blspan266\/","title":{"rendered":"About Me"},"content":{"rendered":"\n<p> Hello, my name is Benjamin Legere and I am a senior at Old Dominion University with a major in biology. I will begin medical school at Campbell University in the fall of 2020. Outside of my academic life I enjoy surfing, hiking, and travelling. I originally became interested in Spanish to give the best quality of care to patients that may speak Spanish as a primary language. If you have any questions regarding any information on my e-portfolio please email me at blege003@odu.edu.<br><\/p>\n\n\n\n<hr class=\"wp-block-separator\" \/>\n\n\n\n<p>Hola, me llamo Benjam\u00edn Legere y estoy en mi \u00faltimo a\u00f1o en la universidad de Old Dominion con una especializaci\u00f3n en biolog\u00eda.&nbsp; Voy a comenzar la escuela de medicina en la universidad de Campbell en el oto\u00f1o 2020.&nbsp; Fuera de mi vida acad\u00e9mica me gusta surfear, caminar, y viajar. Me interesa aprender&nbsp; espa\u00f1ol para poder prestar la mejor calidad de atenci\u00f3n a los pacientes que hablan espa\u00f1ol como su idioma principal. Si tiene alguna pregunta con respecto a cualquier informaci\u00f3n sobre mi portafolio electr\u00f3nico env\u00edeme un correo electr\u00f3nico a blege003@odu.edu<br><\/p>\n\n\n\n<figure class=\"wp-block-image\"><img loading=\"lazy\" decoding=\"async\" width=\"1024\" height=\"768\" src=\"https:\/\/sites.wp.odu.edu\/blspan266\/wp-content\/uploads\/sites\/18847\/2020\/04\/Student-Biography-1-1-1024x768.jpg\" alt=\"\" class=\"wp-image-232\" srcset=\"https:\/\/sites.wp.odu.edu\/blspan266\/wp-content\/uploads\/sites\/18847\/2020\/04\/Student-Biography-1-1-1024x768.jpg 1024w, https:\/\/sites.wp.odu.edu\/blspan266\/wp-content\/uploads\/sites\/18847\/2020\/04\/Student-Biography-1-1-300x225.jpg 300w, https:\/\/sites.wp.odu.edu\/blspan266\/wp-content\/uploads\/sites\/18847\/2020\/04\/Student-Biography-1-1-768x576.jpg 768w, https:\/\/sites.wp.odu.edu\/blspan266\/wp-content\/uploads\/sites\/18847\/2020\/04\/Student-Biography-1-1-400x300.jpg 400w\" sizes=\"(max-width: 1024px) 100vw, 1024px\" \/><\/figure>\n","protected":false},"excerpt":{"rendered":"<p>Hello, my name is Benjamin Legere and I am a senior at Old Dominion University with a major in biology. I will begin medical school at Campbell University in the fall of 2020. Outside of my academic life I enjoy surfing, hiking, and travelling. I originally became interested in Spanish to give the best quality&#8230; <\/p>\n<div class=\"link-more\"><a href=\"https:\/\/sites.wp.odu.edu\/blspan266\/\">Read More<\/a><\/div>\n","protected":false},"author":16885,"featured_media":0,"parent":0,"menu_order":0,"comment_status":"closed","ping_status":"open","template":"","meta":{"footnotes":""},"_links":{"self":[{"href":"https:\/\/sites.wp.odu.edu\/blspan266\/wp-json\/wp\/v2\/pages\/173"}],"collection":[{"href":"https:\/\/sites.wp.odu.edu\/blspan266\/wp-json\/wp\/v2\/pages"}],"about":[{"href":"https:\/\/sites.wp.odu.edu\/blspan266\/wp-json\/wp\/v2\/types\/page"}],"author":[{"embeddable":true,"href":"https:\/\/sites.wp.odu.edu\/blspan266\/wp-json\/wp\/v2\/users\/16885"}],"replies":[{"embeddable":true,"href":"https:\/\/sites.wp.odu.edu\/blspan266\/wp-json\/wp\/v2\/comments?post=173"}],"version-history":[{"count":5,"href":"https:\/\/sites.wp.odu.edu\/blspan266\/wp-json\/wp\/v2\/pages\/173\/revisions"}],"predecessor-version":[{"id":234,"href":"https:\/\/sites.wp.odu.edu\/blspan266\/wp-json\/wp\/v2\/pages\/173\/revisions\/234"}],"wp:attachment":[{"href":"https:\/\/sites.wp.odu.edu\/blspan266\/wp-json\/wp\/v2\/media?parent=173"}],"curies":[{"name":"wp","href":"https:\/\/api.w.org\/{rel}","templated":true}]}}