{"id":128,"date":"2023-02-06T01:34:11","date_gmt":"2023-02-06T01:34:11","guid":{"rendered":"https:\/\/sites.wp.odu.edu\/span330draft\/?page_id=96"},"modified":"2023-02-06T01:34:11","modified_gmt":"2023-02-06T01:34:11","slug":"obra-creativa%e2%80%a9","status":"publish","type":"page","link":"https:\/\/sites.wp.odu.edu\/buzzard\/obra-creativa%e2%80%a9\/","title":{"rendered":"Obra Creativa"},"content":{"rendered":"\n<p><strong>Escoge una de la lista de sugerencias o puedes inventar tu propia obra.<\/strong><\/p>\n\n\n\n<ul><li>Escr\u00edbele una carta a tu familia desde un lugar de exilio. Debes de incluir: la raz\u00f3n por el exilio, la cantidad de tiempo, descripciones del nuevo lugar, comparaciones entre tu tierra natal y el nuevo lugar, etc.<\/li><li>Escribe un diario que explica tu vida como una mujer (hombre, soldado, monja, etc.) en la Edad media o en el Renacimiento.&nbsp; Debes de incluir: d\u00f3nde vives, c\u00f3mo vives, descripci\u00f3n de tus actividades diarias, un evento importante, tu ropa, lo que comes, etc.<\/li><li>Escribe un soneto que expresa tu propia idea de belleza. Sigue el formato de Sor Juana y Garcilaso de la Vega.<\/li><li>Crea un nuevo fin o una nueva escena para&nbsp;<em>Fuenteovejuna.<\/em>&nbsp;Sigue el formato de la obra de teatro.<\/li><li>Escribe un poema o una cr\u00f3nica de vivir la vida de un marginado. Puede ser un poema como los de Espronceda, Morej\u00f3n, o Lorca, o una cr\u00f3nica como&nbsp;<em>Mart\u00edn Fierro<\/em>.&nbsp;<\/li><li>Escribe un cuento surrealista. Puedes seguir el formato de Quiroga, Borges, o Cort\u00e1zar.&nbsp;<\/li><\/ul>\n","protected":false},"excerpt":{"rendered":"<p>Escoge una de la lista de sugerencias o puedes inventar tu propia obra. Escr\u00edbele una carta a tu familia desde un lugar de exilio. Debes de incluir: la raz\u00f3n por el exilio, la cantidad de tiempo, descripciones del nuevo lugar, comparaciones entre tu tierra natal y el nuevo lugar, etc. Escribe un diario que explica&#8230; <\/p>\n<div class=\"link-more\"><a href=\"https:\/\/sites.wp.odu.edu\/buzzard\/obra-creativa%e2%80%a9\/\">Read More<\/a><\/div>\n","protected":false},"author":26214,"featured_media":0,"parent":0,"menu_order":0,"comment_status":"closed","ping_status":"closed","template":"","meta":{"footnotes":""},"_links":{"self":[{"href":"https:\/\/sites.wp.odu.edu\/buzzard\/wp-json\/wp\/v2\/pages\/128"}],"collection":[{"href":"https:\/\/sites.wp.odu.edu\/buzzard\/wp-json\/wp\/v2\/pages"}],"about":[{"href":"https:\/\/sites.wp.odu.edu\/buzzard\/wp-json\/wp\/v2\/types\/page"}],"author":[{"embeddable":true,"href":"https:\/\/sites.wp.odu.edu\/buzzard\/wp-json\/wp\/v2\/users\/26214"}],"replies":[{"embeddable":true,"href":"https:\/\/sites.wp.odu.edu\/buzzard\/wp-json\/wp\/v2\/comments?post=128"}],"version-history":[{"count":1,"href":"https:\/\/sites.wp.odu.edu\/buzzard\/wp-json\/wp\/v2\/pages\/128\/revisions"}],"predecessor-version":[{"id":138,"href":"https:\/\/sites.wp.odu.edu\/buzzard\/wp-json\/wp\/v2\/pages\/128\/revisions\/138"}],"wp:attachment":[{"href":"https:\/\/sites.wp.odu.edu\/buzzard\/wp-json\/wp\/v2\/media?parent=128"}],"curies":[{"name":"wp","href":"https:\/\/api.w.org\/{rel}","templated":true}]}}