{"id":217,"date":"2022-11-09T19:17:52","date_gmt":"2022-11-09T19:17:52","guid":{"rendered":"https:\/\/sites.wp.odu.edu\/basicspanishdraft\/?page_id=217"},"modified":"2022-11-16T14:44:14","modified_gmt":"2022-11-16T14:44:14","slug":"bio","status":"publish","type":"page","link":"https:\/\/sites.wp.odu.edu\/cartyspanish101\/bio\/","title":{"rendered":"About Me"},"content":{"rendered":"\n<p><\/p>\n\n\n\n<p>Hola! Mi nombre es Emma. Mi apellido es Carty. Tengo dieciocho a\u00f1os. Yo soy de Lexington, Kentucky. Mi fecha de nacimiento es el diecinueve de marzo del dos mil y cuatro . Yo soy generosa, trabajadora y estudiosa. Ahora estoy ocupada y contenta. Tengo sue\u00f1o y calor.\u00a0Soy estudiante de biolog\u00eda marina en la Universidad Old Dominion. Mis clases favoritas son biolog\u00eda e ingl\u00e9s. Mis lugares favoritos en el campus son mi dormitorio, la biblioteca y el centro de estudiantes.<\/p>\n\n\n\n<figure class=\"wp-block-gallery has-nested-images columns-default is-cropped wp-block-gallery-1 is-layout-flex wp-block-gallery-is-layout-flex\">\n<figure class=\"wp-block-image size-large\"><a href=\"https:\/\/sites.wp.odu.edu\/cartyspanish101\/wp-content\/uploads\/sites\/31281\/2022\/11\/362CC8A9-1066-43A2-B425-38F5C278BBC6-scaled.jpeg\"><img loading=\"lazy\" decoding=\"async\" width=\"2560\" height=\"2560\" data-id=\"485\" src=\"https:\/\/sites.wp.odu.edu\/cartyspanish101\/wp-content\/uploads\/sites\/31281\/2022\/11\/362CC8A9-1066-43A2-B425-38F5C278BBC6-edited-scaled.jpeg\" alt=\"\" class=\"wp-image-485\" srcset=\"https:\/\/sites.wp.odu.edu\/cartyspanish101\/wp-content\/uploads\/sites\/31281\/2022\/11\/362CC8A9-1066-43A2-B425-38F5C278BBC6-edited-scaled.jpeg 2560w, https:\/\/sites.wp.odu.edu\/cartyspanish101\/wp-content\/uploads\/sites\/31281\/2022\/11\/362CC8A9-1066-43A2-B425-38F5C278BBC6-edited-300x300.jpeg 300w, https:\/\/sites.wp.odu.edu\/cartyspanish101\/wp-content\/uploads\/sites\/31281\/2022\/11\/362CC8A9-1066-43A2-B425-38F5C278BBC6-edited-1024x1024.jpeg 1024w, https:\/\/sites.wp.odu.edu\/cartyspanish101\/wp-content\/uploads\/sites\/31281\/2022\/11\/362CC8A9-1066-43A2-B425-38F5C278BBC6-edited-150x150.jpeg 150w, https:\/\/sites.wp.odu.edu\/cartyspanish101\/wp-content\/uploads\/sites\/31281\/2022\/11\/362CC8A9-1066-43A2-B425-38F5C278BBC6-edited-768x768.jpeg 768w, https:\/\/sites.wp.odu.edu\/cartyspanish101\/wp-content\/uploads\/sites\/31281\/2022\/11\/362CC8A9-1066-43A2-B425-38F5C278BBC6-edited-1536x1536.jpeg 1536w, https:\/\/sites.wp.odu.edu\/cartyspanish101\/wp-content\/uploads\/sites\/31281\/2022\/11\/362CC8A9-1066-43A2-B425-38F5C278BBC6-edited-2048x2048.jpeg 2048w\" sizes=\"(max-width: 2560px) 100vw, 2560px\" \/><\/a><figcaption>Esta es mi hermana y mejor amiga, Caroline.<\/figcaption><\/figure>\n<\/figure>\n","protected":false},"excerpt":{"rendered":"<p>Hola! Mi nombre es Emma. Mi apellido es Carty. Tengo dieciocho a\u00f1os. Yo soy de Lexington, Kentucky. Mi fecha de nacimiento es el diecinueve de marzo del dos mil y cuatro . Yo soy generosa, trabajadora y estudiosa. Ahora estoy ocupada y contenta. Tengo sue\u00f1o y calor.\u00a0Soy estudiante de biolog\u00eda marina en la Universidad Old&#8230; <\/p>\n<div class=\"link-more\"><a href=\"https:\/\/sites.wp.odu.edu\/cartyspanish101\/bio\/\">Read More<\/a><\/div>\n","protected":false},"author":25063,"featured_media":0,"parent":0,"menu_order":0,"comment_status":"closed","ping_status":"closed","template":"","meta":{"footnotes":""},"_links":{"self":[{"href":"https:\/\/sites.wp.odu.edu\/cartyspanish101\/wp-json\/wp\/v2\/pages\/217"}],"collection":[{"href":"https:\/\/sites.wp.odu.edu\/cartyspanish101\/wp-json\/wp\/v2\/pages"}],"about":[{"href":"https:\/\/sites.wp.odu.edu\/cartyspanish101\/wp-json\/wp\/v2\/types\/page"}],"author":[{"embeddable":true,"href":"https:\/\/sites.wp.odu.edu\/cartyspanish101\/wp-json\/wp\/v2\/users\/25063"}],"replies":[{"embeddable":true,"href":"https:\/\/sites.wp.odu.edu\/cartyspanish101\/wp-json\/wp\/v2\/comments?post=217"}],"version-history":[{"count":1,"href":"https:\/\/sites.wp.odu.edu\/cartyspanish101\/wp-json\/wp\/v2\/pages\/217\/revisions"}],"predecessor-version":[{"id":486,"href":"https:\/\/sites.wp.odu.edu\/cartyspanish101\/wp-json\/wp\/v2\/pages\/217\/revisions\/486"}],"wp:attachment":[{"href":"https:\/\/sites.wp.odu.edu\/cartyspanish101\/wp-json\/wp\/v2\/media?parent=217"}],"curies":[{"name":"wp","href":"https:\/\/api.w.org\/{rel}","templated":true}]}}