{"id":471,"date":"2024-01-22T17:08:27","date_gmt":"2024-01-22T17:08:27","guid":{"rendered":"https:\/\/wp.odu.edu\/spring2017-fr102-template\/?page_id=471"},"modified":"2024-04-23T22:41:07","modified_gmt":"2024-04-23T22:41:07","slug":"about-me","status":"publish","type":"page","link":"https:\/\/sites.wp.odu.edu\/ccrom\/","title":{"rendered":"About Me: Cris Cromwell"},"content":{"rendered":"<p>Hi! I&#8217;m Cris Cromwell, I&#8217;m 20 years old. I&#8217;m currently a student full-time at Old Dominion University. I&#8217;m in my sophomore year and I intend to graduate in 2026. I drive to ODU everyday from where I live in Chesapeake, Virginie. I also work at a grocery store part time to make money for gas and other activities.<\/p>\n<p>Some of my hobbies are playing video games, exercising, listening to music and collecting CDs.\u00a0<\/p>\n<p>&#8220;Bonjour! Je m&#8217;appelle Cris Cromwell, j&#8217;ai vingt ans! Je suis \u00e9tudiant temps plein \u00e0 l&#8217;universit\u00e9 Old Dominion. Je suis \u00e9tudiant de deuxi\u00e8me ann\u00e9e et intention obtiendrai une dipl\u00f4me en 2026. Je roule \u00e0 l&#8217;universit\u00e9 d&#8217;o\u00f9 j&#8217;habite \u00e0 Chesapeake, Virginie. Je aussi travaille \u00e0 l&#8217;\u00e9picerie o\u00f9 temps partiel faire argent pour essence et autre frais.<\/p>\n<p>Quelques hobbys j&#8217;ai inclure joue jeu vid\u00e9o, faire du l&#8217;exercise et collectionne des CDs pour \u00e9couter la musique.&#8221;<\/p>\n\n\n<figure class=\"wp-block-embed is-type-video is-provider-youtube wp-block-embed-youtube wp-embed-aspect-16-9 wp-has-aspect-ratio\"><div class=\"wp-block-embed__wrapper\">\n<iframe loading=\"lazy\" title=\"About Me, En Francais\" width=\"1000\" height=\"563\" src=\"https:\/\/www.youtube.com\/embed\/ZQpXVhUPfS0\" frameborder=\"0\" allow=\"accelerometer; autoplay; clipboard-write; encrypted-media; gyroscope; picture-in-picture; web-share\" referrerpolicy=\"strict-origin-when-cross-origin\" allowfullscreen><\/iframe>\n<\/div><\/figure>\n\n\n\n<div class=\"wp-block-buttons is-layout-flex wp-block-buttons-is-layout-flex\">\n<div class=\"wp-block-button\"><a class=\"wp-block-button__link wp-element-button\" href=\"https:\/\/www.youtube.com\/watch?v=ZQpXVhUPfS0\" target=\"_blank\" rel=\"noreferrer noopener\">https:\/\/www.youtube.com\/watch?v=ZQpXVhUPfS0<\/a><\/div>\n<\/div>\n\n\n\n<p>(Link to the YT video)<\/p>\n","protected":false},"excerpt":{"rendered":"<p>Hi! I&#8217;m Cris Cromwell, I&#8217;m 20 years old. I&#8217;m currently a student full-time at Old Dominion University. I&#8217;m in my sophomore year and I intend to graduate in 2026. I drive to ODU everyday from where I live in Chesapeake, Virginie. I also work at a grocery store part time to make money for gas&#8230; <\/p>\n<div class=\"link-more\"><a href=\"https:\/\/sites.wp.odu.edu\/ccrom\/\">Read More<\/a><\/div>\n","protected":false},"author":28495,"featured_media":0,"parent":0,"menu_order":0,"comment_status":"closed","ping_status":"closed","template":"","meta":{"footnotes":""},"_links":{"self":[{"href":"https:\/\/sites.wp.odu.edu\/ccrom\/wp-json\/wp\/v2\/pages\/471"}],"collection":[{"href":"https:\/\/sites.wp.odu.edu\/ccrom\/wp-json\/wp\/v2\/pages"}],"about":[{"href":"https:\/\/sites.wp.odu.edu\/ccrom\/wp-json\/wp\/v2\/types\/page"}],"author":[{"embeddable":true,"href":"https:\/\/sites.wp.odu.edu\/ccrom\/wp-json\/wp\/v2\/users\/28495"}],"replies":[{"embeddable":true,"href":"https:\/\/sites.wp.odu.edu\/ccrom\/wp-json\/wp\/v2\/comments?post=471"}],"version-history":[{"count":4,"href":"https:\/\/sites.wp.odu.edu\/ccrom\/wp-json\/wp\/v2\/pages\/471\/revisions"}],"predecessor-version":[{"id":709,"href":"https:\/\/sites.wp.odu.edu\/ccrom\/wp-json\/wp\/v2\/pages\/471\/revisions\/709"}],"wp:attachment":[{"href":"https:\/\/sites.wp.odu.edu\/ccrom\/wp-json\/wp\/v2\/media?parent=471"}],"curies":[{"name":"wp","href":"https:\/\/api.w.org\/{rel}","templated":true}]}}