{"id":474,"date":"2024-01-22T17:08:27","date_gmt":"2024-01-22T17:08:27","guid":{"rendered":"https:\/\/wp.odu.edu\/spring2017-fr102-template\/?page_id=474"},"modified":"2024-04-23T22:42:13","modified_gmt":"2024-04-23T22:42:13","slug":"bio","status":"publish","type":"page","link":"https:\/\/sites.wp.odu.edu\/ccrom\/bio\/","title":{"rendered":"Bio"},"content":{"rendered":"<p>Nom: Cris Cromwell<\/p>\n<p>Profession: \u00c9tudiant<\/p>\n<p>Origine: Am\u00e9ricain et Allemagne<\/p>\n<p>\u00c2ge: 20 ans<\/p>\n<p>Universit\u00e9: Old Dominion &#8217;26, Mati\u00e8re Principale est l&#8217;histoire.<\/p>\n<p>Mon Apparence: Peau blanc, les cheveux marron, les yeux bleu, je mesure 6 pieds, et 160 livres.<\/p>\n<p>Mon Personnalit\u00e9: Honn\u00eate, patient, aventureux s\u00fbr de soi, et ambitieux.<\/p>\n<p>Mon Pr\u00e9f\u00e9rences:<\/p>\n<ul>\n<li>Mati\u00e8re favorite: L&#8217;histoire<\/li>\n<li>Film favorite: Gremlins<\/li>\n<li>\u00c9mission de TV favorite: Star Wars The Clone Wars<\/li>\n<li>Coca ou Pepsi: Pepsi<\/li>\n<li>V\u00eatements favorite: Athl\u00e9tique<\/li>\n<li>Genre de musique favorite: Le m\u00e9tal et le rock<\/li>\n<\/ul>\n<p>Mon Activit\u00e9s: Faire du l&#8217;exercise, joue le foot, et jeu vid\u00e9o<\/p>\n<p>Mon Famille: Mon famille proche se compose de ma m\u00e8re, mon p\u00e8re, me et mon fr\u00e8re.<\/p>\n<p>Mon Maison: Mon maison est 2 \u00e9tages. Mes parents et mon fr\u00e8re habitent sur l&#8217;\u00e9tage premier en j&#8217;habite sur l&#8217;\u00e9tage deuxi\u00e8me.<\/p>\n<p>Mon Travail: Je travaille \u00e0 l&#8217;\u00e9picerie \u00e0 temps partiel. Je desire \u00eatre historian en le futur.<\/p>\n","protected":false},"excerpt":{"rendered":"<p>Nom: Cris Cromwell Profession: \u00c9tudiant Origine: Am\u00e9ricain et Allemagne \u00c2ge: 20 ans Universit\u00e9: Old Dominion &#8217;26, Mati\u00e8re Principale est l&#8217;histoire. Mon Apparence: Peau blanc, les cheveux marron, les yeux bleu, je mesure 6 pieds, et 160 livres. Mon Personnalit\u00e9: Honn\u00eate, patient, aventureux s\u00fbr de soi, et ambitieux. Mon Pr\u00e9f\u00e9rences: Mati\u00e8re favorite: L&#8217;histoire Film favorite: Gremlins&#8230; <\/p>\n<div class=\"link-more\"><a href=\"https:\/\/sites.wp.odu.edu\/ccrom\/bio\/\">Read More<\/a><\/div>\n","protected":false},"author":28495,"featured_media":0,"parent":0,"menu_order":0,"comment_status":"closed","ping_status":"closed","template":"","meta":{"footnotes":""},"_links":{"self":[{"href":"https:\/\/sites.wp.odu.edu\/ccrom\/wp-json\/wp\/v2\/pages\/474"}],"collection":[{"href":"https:\/\/sites.wp.odu.edu\/ccrom\/wp-json\/wp\/v2\/pages"}],"about":[{"href":"https:\/\/sites.wp.odu.edu\/ccrom\/wp-json\/wp\/v2\/types\/page"}],"author":[{"embeddable":true,"href":"https:\/\/sites.wp.odu.edu\/ccrom\/wp-json\/wp\/v2\/users\/28495"}],"replies":[{"embeddable":true,"href":"https:\/\/sites.wp.odu.edu\/ccrom\/wp-json\/wp\/v2\/comments?post=474"}],"version-history":[{"count":5,"href":"https:\/\/sites.wp.odu.edu\/ccrom\/wp-json\/wp\/v2\/pages\/474\/revisions"}],"predecessor-version":[{"id":710,"href":"https:\/\/sites.wp.odu.edu\/ccrom\/wp-json\/wp\/v2\/pages\/474\/revisions\/710"}],"wp:attachment":[{"href":"https:\/\/sites.wp.odu.edu\/ccrom\/wp-json\/wp\/v2\/media?parent=474"}],"curies":[{"name":"wp","href":"https:\/\/api.w.org\/{rel}","templated":true}]}}