{"id":486,"date":"2024-01-22T17:08:27","date_gmt":"2024-01-22T17:08:27","guid":{"rendered":"https:\/\/wp.odu.edu\/spring2017-fr102-template\/?page_id=486"},"modified":"2024-04-24T16:03:22","modified_gmt":"2024-04-24T16:03:22","slug":"profil","status":"publish","type":"page","link":"https:\/\/sites.wp.odu.edu\/ccrom\/profil\/","title":{"rendered":"Mon Profil"},"content":{"rendered":"<p>Nom de Famille: Cromwell<\/p>\n<p>Pr\u00e9nom: Cris<\/p>\n<p>Courriel: ccrom004@odu.edu<\/p>\n<p>Ville\/\u00c9tat\/Pays de Naissance: Chesapeake\/Virginie\/\u00c9tats-Unis<\/p>\n<p>\u00c2ge: 20 ans<\/p>\n<p>\u00c9tudes: Mati\u00e8re Principale en l&#8217;histoire. J&#8217;\u00e9tudie actuellement l&#8217;histoire, la philosophie connaissance, science Terre, et la philosophie de grec.<\/p>\n<p>Loisirs: Joue jeu vid\u00e9o, faire du l&#8217;exercise, collectionne des CDs, Faire du et regarder le foot (soccer).<\/p>\n<ol>\n<li>Why is it important to study a world language?<\/li>\n<\/ol>\n<p><strong>It&#8217;s important to study a world language because it gives valuable skills that will be needed throughout life. It also raises an individuals awareness of the world around them and gives a wider perspective on the world. It&#8217;s so easy to have a one sided view of everything, everyone has a bias to their perspective, and I&#8217;m not saying to disregard this, but it is important to understand others&#8217;.\u00a0<\/strong><\/p>\n<p>2. Why are you studying French?<\/p>\n<p><strong>Believe it or not, the main reason I&#8217;m studying French is because I randomly chose it over other options. I almost chose Russian, but my mom said that it would be too hard, which I eventually agreed. Whenever I think of a language I envision the physical setting, when I think of French, I think of Paris which sounded cooler than any other language. I&#8217;d say I&#8217;ve found a very interesting language, French is spread all across the world from Quebec to France to even Morocco, so I get a wide range of perspectives.\u00a0<\/strong><\/p>\n","protected":false},"excerpt":{"rendered":"<p>Nom de Famille: Cromwell Pr\u00e9nom: Cris Courriel: ccrom004@odu.edu Ville\/\u00c9tat\/Pays de Naissance: Chesapeake\/Virginie\/\u00c9tats-Unis \u00c2ge: 20 ans \u00c9tudes: Mati\u00e8re Principale en l&#8217;histoire. J&#8217;\u00e9tudie actuellement l&#8217;histoire, la philosophie connaissance, science Terre, et la philosophie de grec. Loisirs: Joue jeu vid\u00e9o, faire du l&#8217;exercise, collectionne des CDs, Faire du et regarder le foot (soccer). Why is it important to&#8230; <\/p>\n<div class=\"link-more\"><a href=\"https:\/\/sites.wp.odu.edu\/ccrom\/profil\/\">Read More<\/a><\/div>\n","protected":false},"author":28495,"featured_media":0,"parent":0,"menu_order":0,"comment_status":"closed","ping_status":"closed","template":"","meta":{"footnotes":""},"_links":{"self":[{"href":"https:\/\/sites.wp.odu.edu\/ccrom\/wp-json\/wp\/v2\/pages\/486"}],"collection":[{"href":"https:\/\/sites.wp.odu.edu\/ccrom\/wp-json\/wp\/v2\/pages"}],"about":[{"href":"https:\/\/sites.wp.odu.edu\/ccrom\/wp-json\/wp\/v2\/types\/page"}],"author":[{"embeddable":true,"href":"https:\/\/sites.wp.odu.edu\/ccrom\/wp-json\/wp\/v2\/users\/28495"}],"replies":[{"embeddable":true,"href":"https:\/\/sites.wp.odu.edu\/ccrom\/wp-json\/wp\/v2\/comments?post=486"}],"version-history":[{"count":6,"href":"https:\/\/sites.wp.odu.edu\/ccrom\/wp-json\/wp\/v2\/pages\/486\/revisions"}],"predecessor-version":[{"id":715,"href":"https:\/\/sites.wp.odu.edu\/ccrom\/wp-json\/wp\/v2\/pages\/486\/revisions\/715"}],"wp:attachment":[{"href":"https:\/\/sites.wp.odu.edu\/ccrom\/wp-json\/wp\/v2\/media?parent=486"}],"curies":[{"name":"wp","href":"https:\/\/api.w.org\/{rel}","templated":true}]}}