{"id":392,"date":"2024-03-27T18:12:44","date_gmt":"2024-03-27T18:12:44","guid":{"rendered":"https:\/\/sites.wp.odu.edu\/cdeweesspan311\/?page_id=392"},"modified":"2024-04-22T16:03:16","modified_gmt":"2024-04-22T16:03:16","slug":"410-2","status":"publish","type":"page","link":"https:\/\/sites.wp.odu.edu\/cdeweesspan311\/410-2\/","title":{"rendered":"410"},"content":{"rendered":"\n<p class=\"has-text-align-center\"><strong>Resumen de la clase<\/strong><\/p>\n\n\n\n<p class=\"has-text-align-center\">En esta clase, hemos revisado siete m\u00f3dulos incluyendo: Conceptos Fundamentales, Historia de la lengua, Fonolog\u00eda y Fon\u00e9tica, Morfolog\u00eda, Sintaxis, Sem\u00e1ntica y Pragm\u00e1tica, y Adquisici\u00f3n. El prop\u00f3sito de estos m\u00f3dulos es darnos una mejor comprensi\u00f3n de la lengua. Podemos analizar todos los temas para entender mejor el espa\u00f1ol. Con una mejor comprensi\u00f3n de la lengua, puedo controlar y hablar mejor tambi\u00e9n. Aprend\u00ed mucho m\u00e1s de lo que esperaba. Al final de cada cap\u00edtulo, ten\u00edamos que hacer una prueba sobre lo que hab\u00edamos aprendido. Para mi, las pruebas fueron motivaci\u00f3n para asegurar que entend\u00ed el material que est\u00e1bamos aprendiendo en clase. <\/p>\n\n\n\n<p class=\"has-text-align-center\"><strong>Actividades<\/strong><\/p>\n\n\n\n<p class=\"has-text-align-center\">Para cada cap\u00edtulo, hice unas actividades que pertenecen a la lecci\u00f3n. Cada actividad ten\u00eda su propio significado, y me ayud\u00f3 a comprender mejor el tema. Para mi, las actividades me dieron la experiencia y la pr\u00e1ctica que necesitaba para que pude sentir comfortable con la informaci\u00f3n del cap\u00edtulo. He incluido algunas actividades que hice durante el semestre. Tambi\u00e9n las actividades me ayudaban a obtener buenos resultados en los ex\u00e1menes.<\/p>\n\n\n<a href=\"https:\/\/sites.wp.odu.edu\/cdeweesspan311\/wp-content\/uploads\/sites\/31567\/2024\/04\/mo\u0301dulo-2-span-410-actividades.pdf\" class=\"pdfemb-viewer\" style=\"\" data-width=\"max\" data-height=\"max\"  data-toolbar=\"bottom\" data-toolbar-fixed=\"off\">mo\u0301dulo-2-span-410-actividades<br\/><\/a>\n<p class=\"wp-block-pdfemb-pdf-embedder-viewer\"><\/p>\n\n\n<a href=\"https:\/\/sites.wp.odu.edu\/cdeweesspan311\/wp-content\/uploads\/sites\/31567\/2024\/04\/mo\u0301dulo-3-span-410-actividades.pdf\" class=\"pdfemb-viewer\" style=\"\" data-width=\"max\" data-height=\"max\"  data-toolbar=\"bottom\" data-toolbar-fixed=\"off\">mo\u0301dulo-3-span-410-actividades<br\/><\/a>\n<p class=\"wp-block-pdfemb-pdf-embedder-viewer\"><\/p>\n\n\n<a href=\"https:\/\/sites.wp.odu.edu\/cdeweesspan311\/wp-content\/uploads\/sites\/31567\/2024\/04\/mo\u0301dulo-5-span-410-actividades.pdf\" class=\"pdfemb-viewer\" style=\"\" data-width=\"max\" data-height=\"max\"  data-toolbar=\"bottom\" data-toolbar-fixed=\"off\">mo\u0301dulo-5-span-410-actividades<br\/><\/a>\n<p class=\"wp-block-pdfemb-pdf-embedder-viewer\"><\/p>\n\n\n<a href=\"https:\/\/sites.wp.odu.edu\/cdeweesspan311\/wp-content\/uploads\/sites\/31567\/2024\/04\/mo\u0301dulo-7-actividades-span-410.pdf\" class=\"pdfemb-viewer\" style=\"\" data-width=\"max\" data-height=\"max\"  data-toolbar=\"bottom\" data-toolbar-fixed=\"off\">mo\u0301dulo-7-actividades-span-410<br\/><\/a>\n<p class=\"wp-block-pdfemb-pdf-embedder-viewer\"><\/p>\n\n\n\n<p class=\"has-text-align-center\"><strong>Art\u00edculo de Investigaci\u00f3n<\/strong><\/p>\n\n\n\n<p class=\"has-text-align-center\">Durante este semestre, eleg\u00ed un art\u00edculo para investigar, y tuve que responder a algunos avisos. Esta tarea me desaf\u00eda porque tuve que investigar para encontrar un art\u00edculo que correspond\u00eda al tema. Despu\u00e9s tuve que analizar el texto para entender lo que est\u00e1 diciendo y hacer un an\u00e1lisis del art\u00edculo. Creo que me ayudaba mucho porque pude practicar leer en espa\u00f1ol y de verdad tuve que entender el art\u00edculo para que pude dar respuestas adecuadas y que tuvieron sentido.<\/p>\n\n\n<a href=\"https:\/\/sites.wp.odu.edu\/cdeweesspan311\/wp-content\/uploads\/sites\/31567\/2024\/04\/Arti\u0301culo-de-Investigacio\u0301n-1.pdf\" class=\"pdfemb-viewer\" style=\"\" data-width=\"max\" data-height=\"max\"  data-toolbar=\"bottom\" data-toolbar-fixed=\"off\">Arti\u0301culo-de-Investigacio\u0301n-1<br\/><\/a>\n<p class=\"wp-block-pdfemb-pdf-embedder-viewer\"><\/p>\n\n\n\n<p class=\"has-text-align-center\"><strong>Presentaciones<\/strong><\/p>\n\n\n\n<p class=\"has-text-align-center\">He hecho una presentaci\u00f3n para cada cap\u00edtulo que he estudiado en esta clase. Abajo son las presentaciones en orden. Las presentaciones me ha dado la oportunidad de practicar el espa\u00f1ol en diferentes formas. Tuve que buscar informaci\u00f3n, organizarla, y presentarla a mi clase. Pude practicar hablar frente a la gente en esta lengua. Aprend\u00ed mucho sobre la lengua y la cultura cuando hice las presentaciones porque me desaf\u00edan encontrar informaci\u00f3n nuevo y aprenderla para que pude dar a mi clase informaci\u00f3n adecuada.<\/p>\n\n\n<a href=\"https:\/\/sites.wp.odu.edu\/cdeweesspan311\/wp-content\/uploads\/sites\/31567\/2024\/04\/Proyecto-Modulo-1.pdf\" class=\"pdfemb-viewer\" style=\"\" data-width=\"max\" data-height=\"max\"  data-toolbar=\"bottom\" data-toolbar-fixed=\"off\">Proyecto-Modulo-1<br\/><\/a>\n<p class=\"wp-block-pdfemb-pdf-embedder-viewer\"><\/p>\n\n\n<a href=\"https:\/\/sites.wp.odu.edu\/cdeweesspan311\/wp-content\/uploads\/sites\/31567\/2024\/04\/Proyecto-mo\u0301dulo-2.pdf\" class=\"pdfemb-viewer\" style=\"\" data-width=\"max\" data-height=\"max\"  data-toolbar=\"bottom\" data-toolbar-fixed=\"off\">Proyecto-mo\u0301dulo-2<br\/><\/a>\n<p class=\"wp-block-pdfemb-pdf-embedder-viewer\"><\/p>\n\n\n<a href=\"https:\/\/sites.wp.odu.edu\/cdeweesspan311\/wp-content\/uploads\/sites\/31567\/2024\/04\/Proyecto-mo\u0301dulo-3.pdf\" class=\"pdfemb-viewer\" style=\"\" data-width=\"max\" data-height=\"max\"  data-toolbar=\"bottom\" data-toolbar-fixed=\"off\">Proyecto-mo\u0301dulo-3<br\/><\/a>\n<p class=\"wp-block-pdfemb-pdf-embedder-viewer\"><\/p>\n\n\n<a href=\"https:\/\/sites.wp.odu.edu\/cdeweesspan311\/wp-content\/uploads\/sites\/31567\/2024\/04\/Proyecto-mo\u0301dulo-4.pdf\" class=\"pdfemb-viewer\" style=\"\" data-width=\"max\" data-height=\"max\"  data-toolbar=\"bottom\" data-toolbar-fixed=\"off\">Proyecto-mo\u0301dulo-4<br\/><\/a>\n<p class=\"wp-block-pdfemb-pdf-embedder-viewer\"><\/p>\n\n\n<a href=\"https:\/\/sites.wp.odu.edu\/cdeweesspan311\/wp-content\/uploads\/sites\/31567\/2024\/04\/Proyecto-Mo\u0301dulo-5.pdf\" class=\"pdfemb-viewer\" style=\"\" data-width=\"max\" data-height=\"max\"  data-toolbar=\"bottom\" data-toolbar-fixed=\"off\">Proyecto-Mo\u0301dulo-5<br\/><\/a>\n<p class=\"wp-block-pdfemb-pdf-embedder-viewer\"><\/p>\n\n\n<a href=\"https:\/\/sites.wp.odu.edu\/cdeweesspan311\/wp-content\/uploads\/sites\/31567\/2024\/04\/Proyecto-Mo\u0301dulo-6.pdf\" class=\"pdfemb-viewer\" style=\"\" data-width=\"max\" data-height=\"max\"  data-toolbar=\"bottom\" data-toolbar-fixed=\"off\">Proyecto-Mo\u0301dulo-6<br\/><\/a>\n<p class=\"wp-block-pdfemb-pdf-embedder-viewer\"><\/p>\n\n\n<a href=\"https:\/\/sites.wp.odu.edu\/cdeweesspan311\/wp-content\/uploads\/sites\/31567\/2024\/04\/Proyecto-Mo\u0301dulo-7.pdf\" class=\"pdfemb-viewer\" style=\"\" data-width=\"max\" data-height=\"max\"  data-toolbar=\"bottom\" data-toolbar-fixed=\"off\">Proyecto-Mo\u0301dulo-7<br\/><\/a>\n<p class=\"wp-block-pdfemb-pdf-embedder-viewer\"><\/p>\n\n\n\n<p class=\"has-text-align-center\"><strong>ImmerseMe<\/strong><\/p>\n\n\n\n<p class=\"has-text-align-center\">Finalmente, hicimos tareas en ImmerseMe. Es una plataforma donde puedo practicar el espa\u00f1ol en una conversaci\u00f3n predeterminada. Estas tareas fueron para practicar con la plataforma y dar opiniones sobre su funci\u00f3n. Adem\u00e1s de esto, creo que la parte m\u00e1s ayudante para mi fue traducci\u00f3n. Practiqu\u00e9 escuchar y luego escribir lo que escuch\u00e9. Inclu\u00ed las reflexiones de tres de las tareas. Tambi\u00e9n aprend\u00ed sobre diferentes cosas culturales de Espa\u00f1a que fue muy interesante.  <\/p>\n\n\n<a href=\"https:\/\/sites.wp.odu.edu\/cdeweesspan311\/wp-content\/uploads\/sites\/31567\/2024\/04\/ImmerseMe-Reflection-1.pdf\" class=\"pdfemb-viewer\" style=\"\" data-width=\"max\" data-height=\"max\"  data-toolbar=\"bottom\" data-toolbar-fixed=\"off\">ImmerseMe-Reflection-1<br\/><\/a>\n<p class=\"wp-block-pdfemb-pdf-embedder-viewer\"><\/p>\n\n\n<a href=\"https:\/\/sites.wp.odu.edu\/cdeweesspan311\/wp-content\/uploads\/sites\/31567\/2024\/04\/ImmerseMe-Reflection-2.pdf\" class=\"pdfemb-viewer\" style=\"\" data-width=\"max\" data-height=\"max\"  data-toolbar=\"bottom\" data-toolbar-fixed=\"off\">ImmerseMe-Reflection-2<br\/><\/a>\n<p class=\"wp-block-pdfemb-pdf-embedder-viewer\"><\/p>\n\n\n<a href=\"https:\/\/sites.wp.odu.edu\/cdeweesspan311\/wp-content\/uploads\/sites\/31567\/2024\/04\/ImmerseMe-Reflection-3.pdf\" class=\"pdfemb-viewer\" style=\"\" data-width=\"max\" data-height=\"max\"  data-toolbar=\"bottom\" data-toolbar-fixed=\"off\">ImmerseMe-Reflection-3<br\/><\/a>\n<p class=\"wp-block-pdfemb-pdf-embedder-viewer\"><\/p>\n\n\n\n<p class=\"has-text-align-center\"><strong>Reflexi\u00f3n<\/strong><\/p>\n\n\n\n<p class=\"has-text-align-center\">Personalmente, esta clase me ha dado mucha informaci\u00f3n sobre el espa\u00f1ol. Puedo analizar palabras y oraciones en profundidad y entender lo que estoy haciendo y viendo. Tengo m\u00e1s conocimiento de la lengua y puedo usar lo que aprend\u00ed en mi trabajo en el Chesapeake Care Clinic y espero que pueda usar m\u00e1s en mi carrera en el futuro. Me gustar\u00eda ser contadora para personas que hablen espa\u00f1ol. Tambi\u00e9n, mucho m\u00e1s en el futuro, me gustar\u00eda ser profesora de espa\u00f1ol y definitivamente puedo usar esta informaci\u00f3n en mis clases. Como estudiante de espa\u00f1ol, siento como he aumentado mi nivel de controlar y usar la lengua. He tenido pr\u00e1ctica hablar, escribir, escuchar, y leer y siento como puedo hacer cualquier cosa en espa\u00f1ol en la vida real. <\/p>\n","protected":false},"excerpt":{"rendered":"<p>Resumen de la clase En esta clase, hemos revisado siete m\u00f3dulos incluyendo: Conceptos Fundamentales, Historia de la lengua, Fonolog\u00eda y Fon\u00e9tica, Morfolog\u00eda, Sintaxis, Sem\u00e1ntica y Pragm\u00e1tica, y Adquisici\u00f3n. El prop\u00f3sito de estos m\u00f3dulos es darnos una mejor comprensi\u00f3n de la lengua. Podemos analizar todos los temas para entender mejor el espa\u00f1ol. Con una mejor comprensi\u00f3n&#8230; <\/p>\n<div class=\"link-more\"><a href=\"https:\/\/sites.wp.odu.edu\/cdeweesspan311\/410-2\/\">Read More<\/a><\/div>\n","protected":false},"author":25492,"featured_media":0,"parent":0,"menu_order":0,"comment_status":"closed","ping_status":"closed","template":"","meta":{"footnotes":""},"_links":{"self":[{"href":"https:\/\/sites.wp.odu.edu\/cdeweesspan311\/wp-json\/wp\/v2\/pages\/392"}],"collection":[{"href":"https:\/\/sites.wp.odu.edu\/cdeweesspan311\/wp-json\/wp\/v2\/pages"}],"about":[{"href":"https:\/\/sites.wp.odu.edu\/cdeweesspan311\/wp-json\/wp\/v2\/types\/page"}],"author":[{"embeddable":true,"href":"https:\/\/sites.wp.odu.edu\/cdeweesspan311\/wp-json\/wp\/v2\/users\/25492"}],"replies":[{"embeddable":true,"href":"https:\/\/sites.wp.odu.edu\/cdeweesspan311\/wp-json\/wp\/v2\/comments?post=392"}],"version-history":[{"count":4,"href":"https:\/\/sites.wp.odu.edu\/cdeweesspan311\/wp-json\/wp\/v2\/pages\/392\/revisions"}],"predecessor-version":[{"id":471,"href":"https:\/\/sites.wp.odu.edu\/cdeweesspan311\/wp-json\/wp\/v2\/pages\/392\/revisions\/471"}],"wp:attachment":[{"href":"https:\/\/sites.wp.odu.edu\/cdeweesspan311\/wp-json\/wp\/v2\/media?parent=392"}],"curies":[{"name":"wp","href":"https:\/\/api.w.org\/{rel}","templated":true}]}}