{"id":474,"date":"2025-04-23T16:04:39","date_gmt":"2025-04-23T16:04:39","guid":{"rendered":"https:\/\/wp.odu.edu\/spring2017-fr102-template\/?page_id=474"},"modified":"2025-04-23T16:04:39","modified_gmt":"2025-04-23T16:04:39","slug":"bio","status":"publish","type":"page","link":"https:\/\/sites.wp.odu.edu\/cheyenne\/bio\/","title":{"rendered":"Bio"},"content":{"rendered":"<p>This is where you will provide content about yourself en fran\u00e7ais (vos \u00e9tudes, vos origines, votre \u00e2ge, votre apparence, votre personnalit\u00e9, vos pr\u00e9f\u00e9rences, vos activit\u00e9s, votre famille, votre maison, votre travail, etc.)<\/p>\n<p><strong>Be sure to remove the instructional language when you have completed updating content on this page.<\/strong><\/p>\n","protected":false},"excerpt":{"rendered":"<p>This is where you will provide content about yourself en fran\u00e7ais (vos \u00e9tudes, vos origines, votre \u00e2ge, votre apparence, votre personnalit\u00e9, vos pr\u00e9f\u00e9rences, vos activit\u00e9s, votre famille, votre maison, votre travail, etc.) Be sure to remove the instructional language when&#8230; <a class=\"more-link\" href=\"https:\/\/sites.wp.odu.edu\/cheyenne\/bio\/\">Continue Reading &rarr;<\/a><\/p>\n","protected":false},"author":27746,"featured_media":0,"parent":0,"menu_order":0,"comment_status":"closed","ping_status":"closed","template":"","meta":{"footnotes":""},"_links":{"self":[{"href":"https:\/\/sites.wp.odu.edu\/cheyenne\/wp-json\/wp\/v2\/pages\/474"}],"collection":[{"href":"https:\/\/sites.wp.odu.edu\/cheyenne\/wp-json\/wp\/v2\/pages"}],"about":[{"href":"https:\/\/sites.wp.odu.edu\/cheyenne\/wp-json\/wp\/v2\/types\/page"}],"author":[{"embeddable":true,"href":"https:\/\/sites.wp.odu.edu\/cheyenne\/wp-json\/wp\/v2\/users\/27746"}],"replies":[{"embeddable":true,"href":"https:\/\/sites.wp.odu.edu\/cheyenne\/wp-json\/wp\/v2\/comments?post=474"}],"version-history":[{"count":2,"href":"https:\/\/sites.wp.odu.edu\/cheyenne\/wp-json\/wp\/v2\/pages\/474\/revisions"}],"predecessor-version":[{"id":580,"href":"https:\/\/sites.wp.odu.edu\/cheyenne\/wp-json\/wp\/v2\/pages\/474\/revisions\/580"}],"wp:attachment":[{"href":"https:\/\/sites.wp.odu.edu\/cheyenne\/wp-json\/wp\/v2\/media?parent=474"}],"curies":[{"name":"wp","href":"https:\/\/api.w.org\/{rel}","templated":true}]}}