{"id":423,"date":"2023-03-23T22:04:57","date_gmt":"2023-03-23T22:04:57","guid":{"rendered":"https:\/\/sites.wp.odu.edu\/basicspanishdraft2\/?page_id=423"},"modified":"2023-05-03T01:45:56","modified_gmt":"2023-05-03T01:45:56","slug":"101-2","status":"publish","type":"page","link":"https:\/\/sites.wp.odu.edu\/crspanish\/101-2\/","title":{"rendered":"SPAN 101"},"content":{"rendered":"\n<p>&nbsp;For Spanish 101 we used a platform called LingroLearning. Lingro is a website that&nbsp;helps students learn languages and invites them to contribute their own knowledge. Students can learn another language or build on preexisting skills. the platform offers a few different ways to study: Practices and lessons that focus on specific topics and difficulty levels, they can review word lists they&#8217;ve created using Lingro&#8217;s online flashcards, and so much more. Through Lingro&#8217;s dictionary, which is composed of multiple individual contributions, they&#8217;ll see that a language is defined by the people who speak it.<\/p>\n\n\n\n<p>The course used in this class was Contrase\u00f1a: Your Password to Foundational Spanish 5.0                                   <\/p>\n\n\n\n<figure class=\"wp-block-image\"><img decoding=\"async\" src=\"https:\/\/sites.wp.odu.edu\/crspanish\/wp-content\/uploads\/sites\/32926\/2023\/05\/contrasena_logo_tagline-1024x541.png\" alt=\"\" \/><\/figure>\n\n\n\n<p class=\"has-text-align-center\"><strong>Reflection <\/strong><\/p>\n\n\n\n<p>During the course, I have improved my Spanish skills not only in sentence formatting but also in pronunciation and body language. throughout this course, I learned that in many Spanish-speaking countries, someone&#8217;s body language and expressions are very vital to conversations. The units in the LingroLearning platform don&#8217;t go too fast and include very helpful videos that give you a more in-depth understanding of how to use vocabulary and formatting. <\/p>\n\n\n\n<p>the artifacts that will be shown in the next section are projects and in-class conversations that were documented. they have given me a better understanding of how Spanish can be used in or interpreted in many different settings. they have also shown me how to make Spanish conversations flow better so that it is casual and comfortable. <\/p>\n\n\n\n<p class=\"has-text-align-center\"><strong>Artifacts<\/strong><\/p>\n\n\n\n<p>A good artifact is a portion or clip of an assignment. It needs to be carefully selected to provide evidence\/proof that supports what you are saying in your reflection.<\/p>\n\n\n\n<p>Your reflection will help you determine what that will be. It is a quest for quality. It will represent you academically and professionally, and have personal meaning. It can be written, audio, or video.<\/p>\n\n\n\n<p>At the end, ask yourself if the artifacts best demonstrates your abilities and growth over time.<\/p>\n\n\n\n<p>At the end of your reflection in each section, link or embed the assignment\/artifact. If the assignment has multiple pages and seems to overwhelm the section, consider adding just the first page and offering to provide the rest upon request.<\/p>\n\n\n\n<p>Horario (schedule) project: <\/p>\n\n\n\n<figure class=\"wp-block-image size-large\"><a href=\"http:\/\/sites.wp.odu.edu\/crspanish\/wp-content\/uploads\/sites\/32926\/2023\/05\/Image-5-2-23-at-8.53-PM-scaled.jpeg\"><img loading=\"lazy\" decoding=\"async\" width=\"1024\" height=\"665\" src=\"http:\/\/sites.wp.odu.edu\/crspanish\/wp-content\/uploads\/sites\/32926\/2023\/05\/Image-5-2-23-at-8.53-PM-1024x665.jpeg\" alt=\"\" class=\"wp-image-493\" srcset=\"https:\/\/sites.wp.odu.edu\/crspanish\/wp-content\/uploads\/sites\/32926\/2023\/05\/Image-5-2-23-at-8.53-PM-1024x665.jpeg 1024w, https:\/\/sites.wp.odu.edu\/crspanish\/wp-content\/uploads\/sites\/32926\/2023\/05\/Image-5-2-23-at-8.53-PM-300x195.jpeg 300w, https:\/\/sites.wp.odu.edu\/crspanish\/wp-content\/uploads\/sites\/32926\/2023\/05\/Image-5-2-23-at-8.53-PM-768x499.jpeg 768w, https:\/\/sites.wp.odu.edu\/crspanish\/wp-content\/uploads\/sites\/32926\/2023\/05\/Image-5-2-23-at-8.53-PM-1536x998.jpeg 1536w, https:\/\/sites.wp.odu.edu\/crspanish\/wp-content\/uploads\/sites\/32926\/2023\/05\/Image-5-2-23-at-8.53-PM-2048x1330.jpeg 2048w, https:\/\/sites.wp.odu.edu\/crspanish\/wp-content\/uploads\/sites\/32926\/2023\/05\/Image-5-2-23-at-8.53-PM-462x300.jpeg 462w\" sizes=\"(max-width: 1024px) 100vw, 1024px\" \/><\/a><figcaption class=\"wp-element-caption\">a las ocho de la ma\u00f1ana yo siempre levantar y tomar mi medicina. Tres d\u00edas de la semana, voy a desayunar en la cafeter\u00eda a las diez de la ma\u00f1ana. los lunes,mi\u00e9rcoles y viernes&nbsp; tengo clase de matem\u00e1ticas a las doce de la tarde. Despu\u00e9s, tengo que asistir a la clase de ingl\u00e9s a las dos de la tarde. Los martes y jueves tengo tres clases. Voy a clase de hisor\u00eda africana a las nueve y media de la ma\u00f1ana y clase de polit\u00edca americana a las once de la ma\u00f1ana. voy a tener almorzar en panera con mis amigos despu\u00e9s de clase.&nbsp; a las seis menos cuarto tengo que ir a la clase de espa\u00f1ol. A las seis o siete de la noche tengo ganas de cenar en la cafeter\u00eda o el centro Webb.&nbsp;<\/figcaption><\/figure>\n\n\n\n<p class=\"has-text-align-left\">Interview 1:                                                                                                                                                                                     <\/p>\n\n\n\n<p>\u00a1Hola!<\/p>\n\n\n\n<p>\u00a1Buenos tardes, c\u00f3mo est\u00e1s?<\/p>\n\n\n\n<p>\u00bfTe gusta ir al cine?&nbsp;<\/p>\n\n\n\n<p>Si, me gusta ir al cine los fines de semana<\/p>\n\n\n\n<p>\u00bf C\u00f3mo vas a preparar para la clase de la tarde?<\/p>\n\n\n\n<p>Tengo que estar relajada y comer&nbsp;<\/p>\n\n\n\n<p>\u00bf Qu\u00e9 tienes ganas de comer m\u00e1s tarde?&nbsp;<\/p>\n\n\n\n<p>Tengo ganas de comer un s\u00e1ndwich&nbsp;<\/p>\n\n\n\n<p>\u00bfQu\u00e9 tienes que hacer este fin de semana?<\/p>\n\n\n\n<p>Tengo que ir a casa philadelphia este fine de semana<\/p>\n\n\n\n<p>\u00bf Qu\u00e9 d\u00eda tienes que limpiar la casa?&nbsp;<\/p>\n\n\n\n<p>Tengo que limpiar el dormitorio el domingo&nbsp;<\/p>\n\n\n\n<p><\/p>\n\n\n\n<p class=\"has-text-align-left\">Interview 2&nbsp;:<\/p>\n\n\n\n<p>\u00bfEn qu\u00e9 edificio trabajas?<\/p>\n\n\n\n<p>No, trabajo en mi dormitorio&nbsp;<\/p>\n\n\n\n<p>\u00bfEs tu casa cerca de o lejos de la universiadad?&nbsp;<\/p>\n\n\n\n<p>Mi casa est\u00e1 lejos de la universidad<\/p>\n\n\n\n<p>\u00bf te gusta comer en el centro estudiantil?&nbsp;<\/p>\n\n\n\n<p>S\u00ed, me gusta comer en el centro de estudiantil<\/p>\n\n\n\n<p>\u00bfd\u00f3nde est\u00e1 su oficina en el campus?<\/p>\n\n\n\n<p>\u00bfTe gusta trabajar con cuadernos o computadoras en la clases?<\/p>\n\n\n\n<p>Me gusta trabajar en mi computadors, es m\u00e1s r\u00e1pido&nbsp;<\/p>\n\n\n\n<p><\/p>\n\n\n\n<p class=\"has-text-align-left\">In class activity:<\/p>\n\n\n\n<p>conversation questions and Answers:                                                                                                 <\/p>\n\n\n\n<ul>\n<li>\u00bfC\u00f3mo est\u00e1s? &nbsp;<\/li>\n<\/ul>\n\n\n\n<p>Tengo hambre&nbsp;<\/p>\n\n\n\n<ul>\n<li>\u00bfQu\u00e9 tiempo hace?&nbsp; <\/li>\n<\/ul>\n\n\n\n<p>El tiempo hace&nbsp; frio&nbsp;<\/p>\n\n\n\n<ul>\n<li>\u00bfCuantos&nbsp; a\u00f1os tienes? <\/li>\n<\/ul>\n\n\n\n<p>Tengo Diecinueve a\u00f1os<\/p>\n\n\n\n<ul>\n<li>\u00bfDe donde eres? &nbsp;&nbsp;<\/li>\n<\/ul>\n\n\n\n<p>Soy de Filadelfia<\/p>\n\n\n\n<ul>\n<li>\u00bfC\u00f3mo eres? <\/li>\n<\/ul>\n\n\n\n<p>Yo soy inteligente&nbsp;<\/p>\n\n\n\n<ul>\n<li>Mucho gusto!&nbsp; <\/li>\n<\/ul>\n\n\n\n<p>            <\/p>\n\n\n\n<p class=\"has-text-align-left\"><strong> <\/strong><\/p>\n","protected":false},"excerpt":{"rendered":"<p>&nbsp;For Spanish 101 we used a platform called LingroLearning. Lingro is a website that&nbsp;helps students learn languages and invites them to contribute their own knowledge. Students can learn another language or build on preexisting skills. the platform offers a few different ways to study: Practices and lessons that focus on specific topics and difficulty levels,&#8230; <\/p>\n<div class=\"link-more\"><a href=\"https:\/\/sites.wp.odu.edu\/crspanish\/101-2\/\">Read More<\/a><\/div>\n","protected":false},"author":25974,"featured_media":0,"parent":0,"menu_order":0,"comment_status":"closed","ping_status":"closed","template":"","meta":{"footnotes":""},"_links":{"self":[{"href":"https:\/\/sites.wp.odu.edu\/crspanish\/wp-json\/wp\/v2\/pages\/423"}],"collection":[{"href":"https:\/\/sites.wp.odu.edu\/crspanish\/wp-json\/wp\/v2\/pages"}],"about":[{"href":"https:\/\/sites.wp.odu.edu\/crspanish\/wp-json\/wp\/v2\/types\/page"}],"author":[{"embeddable":true,"href":"https:\/\/sites.wp.odu.edu\/crspanish\/wp-json\/wp\/v2\/users\/25974"}],"replies":[{"embeddable":true,"href":"https:\/\/sites.wp.odu.edu\/crspanish\/wp-json\/wp\/v2\/comments?post=423"}],"version-history":[{"count":3,"href":"https:\/\/sites.wp.odu.edu\/crspanish\/wp-json\/wp\/v2\/pages\/423\/revisions"}],"predecessor-version":[{"id":495,"href":"https:\/\/sites.wp.odu.edu\/crspanish\/wp-json\/wp\/v2\/pages\/423\/revisions\/495"}],"wp:attachment":[{"href":"https:\/\/sites.wp.odu.edu\/crspanish\/wp-json\/wp\/v2\/media?parent=423"}],"curies":[{"name":"wp","href":"https:\/\/api.w.org\/{rel}","templated":true}]}}