{"id":423,"date":"2023-01-23T18:24:52","date_gmt":"2023-01-23T18:24:52","guid":{"rendered":"https:\/\/sites.wp.odu.edu\/basicspanishdraft2\/?page_id=423"},"modified":"2023-04-23T22:02:36","modified_gmt":"2023-04-23T22:02:36","slug":"101-2","status":"publish","type":"page","link":"https:\/\/sites.wp.odu.edu\/dana-brown-spanish-101-f\/101-2\/","title":{"rendered":"SPAN 101"},"content":{"rendered":"\n<p><a href=\"https:\/\/drive.google.com\/file\/d\/1Eemz_Rr-GzU5VS9zA1AZtI1MTbztESIg\/view?usp=sharing\">Interpretive, Interpersonal, and Presentational Modes of Communication<\/a><\/p>\n\n\n\n<p><\/p>\n\n\n\n<h3 class=\"wp-block-heading\"><\/h3>\n\n\n\n<p><strong>Exploring Culture<\/strong><\/p>\n\n\n\n<p>Contase\u00f1a-  our online textbook for this class provides me more insight into Spanish culture. For example, a common activity in most modules is cultural exploration. During the activity, students read about different countries. Furthermore, the cultural exploration activity is where I learned that certain countries don&#8217;t have Internet or dormitories.<\/p>\n\n\n\n<p>The textbook often provided videos to help prepare students for the next lesson. These videos are often beneficial because I am an auditory learner and learn best by listening. Furthermore, I learned different ways of greeting someone in Spanish. For example, kissing someone on the cheek is a formal greeting and a sign of respect. Finally, Spanish challenges my worldview by enabling me to view the World beyond being African-American.  Additionally, I frequently viewed the Hispanic culture as a minority.  <\/p>\n\n\n\n<p><strong>Engaging in Communities<\/strong><\/p>\n\n\n\n<p>Engaging in the glob community is significant because some jobs might seek a bilingual candidate.   Additionally, travel experiences could improve; while vacationing in Costa Rica, I ordered my food in Spanish. <\/p>\n\n\n\n<p><strong>Interpersonal Communication<\/strong><\/p>\n\n\n\n<p>Students completed discussion boards tailored to the five modules&#8217; topics during the semester.  For example, the assignments included cultural exploration, greetings, discussing favorite seasons\/people, and comparing a Spanish university to those in the united states. My favorite assignment was describing my nephew as my favorite person. <\/p>\n\n\n\n<figure class=\"wp-block-image size-full\"><a href=\"https:\/\/sites.wp.odu.edu\/dana-brown-spanish-101-f\/wp-content\/uploads\/sites\/32239\/2023\/04\/Screen-Shot-2023-04-23-at-12.47.20-PM-1.png\"><img loading=\"lazy\" decoding=\"async\" width=\"831\" height=\"319\" src=\"https:\/\/sites.wp.odu.edu\/dana-brown-spanish-101-f\/wp-content\/uploads\/sites\/32239\/2023\/04\/Screen-Shot-2023-04-23-at-12.47.20-PM-1.png\" alt=\"\" class=\"wp-image-533\" srcset=\"https:\/\/sites.wp.odu.edu\/dana-brown-spanish-101-f\/wp-content\/uploads\/sites\/32239\/2023\/04\/Screen-Shot-2023-04-23-at-12.47.20-PM-1.png 831w, https:\/\/sites.wp.odu.edu\/dana-brown-spanish-101-f\/wp-content\/uploads\/sites\/32239\/2023\/04\/Screen-Shot-2023-04-23-at-12.47.20-PM-1-300x115.png 300w, https:\/\/sites.wp.odu.edu\/dana-brown-spanish-101-f\/wp-content\/uploads\/sites\/32239\/2023\/04\/Screen-Shot-2023-04-23-at-12.47.20-PM-1-768x295.png 768w, https:\/\/sites.wp.odu.edu\/dana-brown-spanish-101-f\/wp-content\/uploads\/sites\/32239\/2023\/04\/Screen-Shot-2023-04-23-at-12.47.20-PM-1-600x230.png 600w\" sizes=\"(max-width: 831px) 100vw, 831px\" \/><\/a><\/figure>\n\n\n\n<p> Before enrolling in Spanish 101, I could only tell someone my name, age, and place of birth. I know my major, favorite classes, adjectives, and certain verbs. However, writing in Spanish is still somewhat difficult for me. For example, our class occasionally had activities in contase\u00f1a where we were required to fill in the blank parts of a conversation. Finally, writing in Spanish became a little easier after re-watching videos taking notes, and utilizing the check answer button in the textbook.<\/p>\n\n\n\n<p><strong>Presentational Speak<\/strong>ing<\/p>\n\n\n\n<p> The main form of presidential speaking during the semester was our conversations or flip-grid assignments. Assignments included answering questions regarding emotions and favorite courses in Spanish; students also asked their questions. Conversation three depicts growth as well as challenges. <\/p>\n\n\n\n<figure class=\"wp-block-embed is-type-video is-provider-youtube wp-block-embed-youtube wp-embed-aspect-16-9 wp-has-aspect-ratio\"><div class=\"wp-block-embed__wrapper\">\n<iframe loading=\"lazy\" title=\"Conversation number three Spanish 101\" width=\"1000\" height=\"563\" src=\"https:\/\/www.youtube.com\/embed\/aMdJP6w8SrQ\" frameborder=\"0\" allow=\"accelerometer; autoplay; clipboard-write; encrypted-media; gyroscope; picture-in-picture; web-share\" allowfullscreen><\/iframe>\n<\/div><\/figure>\n\n\n\n<p>I believe speaking in Spanish is slightly easier than in other foreign languages. However, conjugating verbs can be difficult. I frequently reviewed activities in the textbook and online Spanish dictionaries to help with this. Finally, I would ask more questions when they arise to facilitate understanding better. <\/p>\n\n\n\n<p><strong>Presentational Writing<\/strong><\/p>\n\n\n\n<p>Cultural exploration is a common activity in the textbook where students read about different types of people or countries. The exploration activity not only allows students to read but allows them to research as well. My favorite assignment was when students described a typical workday in their foreign country of choice. <\/p>\n\n\n\n<figure class=\"wp-block-image size-large\"><a href=\"https:\/\/sites.wp.odu.edu\/dana-brown-spanish-101-f\/wp-content\/uploads\/sites\/32239\/2023\/04\/Screen-Shot-2023-04-23-at-3.33.48-PM.png\"><img loading=\"lazy\" decoding=\"async\" width=\"1024\" height=\"640\" src=\"https:\/\/sites.wp.odu.edu\/dana-brown-spanish-101-f\/wp-content\/uploads\/sites\/32239\/2023\/04\/Screen-Shot-2023-04-23-at-3.33.48-PM-1024x640.png\" alt=\"\" class=\"wp-image-540\" srcset=\"https:\/\/sites.wp.odu.edu\/dana-brown-spanish-101-f\/wp-content\/uploads\/sites\/32239\/2023\/04\/Screen-Shot-2023-04-23-at-3.33.48-PM-1024x640.png 1024w, https:\/\/sites.wp.odu.edu\/dana-brown-spanish-101-f\/wp-content\/uploads\/sites\/32239\/2023\/04\/Screen-Shot-2023-04-23-at-3.33.48-PM-300x188.png 300w, https:\/\/sites.wp.odu.edu\/dana-brown-spanish-101-f\/wp-content\/uploads\/sites\/32239\/2023\/04\/Screen-Shot-2023-04-23-at-3.33.48-PM-768x480.png 768w, https:\/\/sites.wp.odu.edu\/dana-brown-spanish-101-f\/wp-content\/uploads\/sites\/32239\/2023\/04\/Screen-Shot-2023-04-23-at-3.33.48-PM-480x300.png 480w, https:\/\/sites.wp.odu.edu\/dana-brown-spanish-101-f\/wp-content\/uploads\/sites\/32239\/2023\/04\/Screen-Shot-2023-04-23-at-3.33.48-PM.png 1280w\" sizes=\"(max-width: 1024px) 100vw, 1024px\" \/><\/a><\/figure>\n\n\n\n<p>Researching is generally tedious, especially in Spanish.  I have not yet overcome my dread of researching. However, my research and using different words made it slightly easier to read Spanish. Finally, I plan to do better with time management.<\/p>\n\n\n\n<p><strong>Interpretive Listening<\/strong><\/p>\n\n\n\n<p>This a song by Pablo albor\u00e1n . Most words beyond open weather and hang out with hard for me to understand. However, I learned that any tune could be catchy. <\/p>\n\n\n\n<figure class=\"wp-block-audio\"><audio controls src=\"https:\/\/music.apple.com\/us\/album\/no-vaya-a-ser\/1293733816?i=1293733821\"><\/audio><\/figure>\n\n\n\n<p>Interpretive reading <\/p>\n\n\n\n<p>Reading in Spanish 101 did not go beyond the cultural exploration activity in the textbook. However, students were instructed to find out a typical workday in a Spanish-speaking country of their choice.  I chose to read an article and write about Spain. <\/p>\n\n\n\n<p>Jessica Jones, Los mitos sobre la siesta en Espa\u00f1a y la evidencia que muestra que los espa\u00f1oles en realidad trabajan m\u00e1s que el europeo promedi, BBC News Mundo <a rel=\"noreferrer noopener\" href=\"https:\/\/www.bbc.com\/mundo\/vert-cap-40349274\" target=\"_blank\">https:\/\/www.bbc.com\/mundo\/vert-cap-40349274<\/a><\/p>\n\n\n\n<p>Jessica Jones wrote the article I read, and since the textbook had given students an overview of how to research in Spanish, the whole article was in that language. I was quite challenged but instead of becoming flustered tried using context clues. Finally, I find it interesting that it used to be a law to take a nap during the workday. <\/p>\n\n\n\n<p><\/p>\n","protected":false},"excerpt":{"rendered":"<p>Interpretive, Interpersonal, and Presentational Modes of Communication Exploring Culture Contase\u00f1a- our online textbook for this class provides me more insight into Spanish culture. For example, a common activity in most modules is cultural exploration. During the activity, students read about different countries. Furthermore, the cultural exploration activity is where I learned that certain countries don&#8217;t&#8230; <\/p>\n<div class=\"link-more\"><a href=\"https:\/\/sites.wp.odu.edu\/dana-brown-spanish-101-f\/101-2\/\">Read More<\/a><\/div>\n","protected":false},"author":26012,"featured_media":0,"parent":0,"menu_order":0,"comment_status":"closed","ping_status":"closed","template":"","meta":{"footnotes":""},"_links":{"self":[{"href":"https:\/\/sites.wp.odu.edu\/dana-brown-spanish-101-f\/wp-json\/wp\/v2\/pages\/423"}],"collection":[{"href":"https:\/\/sites.wp.odu.edu\/dana-brown-spanish-101-f\/wp-json\/wp\/v2\/pages"}],"about":[{"href":"https:\/\/sites.wp.odu.edu\/dana-brown-spanish-101-f\/wp-json\/wp\/v2\/types\/page"}],"author":[{"embeddable":true,"href":"https:\/\/sites.wp.odu.edu\/dana-brown-spanish-101-f\/wp-json\/wp\/v2\/users\/26012"}],"replies":[{"embeddable":true,"href":"https:\/\/sites.wp.odu.edu\/dana-brown-spanish-101-f\/wp-json\/wp\/v2\/comments?post=423"}],"version-history":[{"count":5,"href":"https:\/\/sites.wp.odu.edu\/dana-brown-spanish-101-f\/wp-json\/wp\/v2\/pages\/423\/revisions"}],"predecessor-version":[{"id":551,"href":"https:\/\/sites.wp.odu.edu\/dana-brown-spanish-101-f\/wp-json\/wp\/v2\/pages\/423\/revisions\/551"}],"wp:attachment":[{"href":"https:\/\/sites.wp.odu.edu\/dana-brown-spanish-101-f\/wp-json\/wp\/v2\/media?parent=423"}],"curies":[{"name":"wp","href":"https:\/\/api.w.org\/{rel}","templated":true}]}}