{"id":425,"date":"2021-10-23T01:38:36","date_gmt":"2021-10-23T01:38:36","guid":{"rendered":"https:\/\/sites.wp.odu.edu\/basicspanishdraft2\/?page_id=425"},"modified":"2022-04-22T02:54:46","modified_gmt":"2022-04-22T02:54:46","slug":"102-2","status":"publish","type":"page","link":"https:\/\/sites.wp.odu.edu\/daniel-davis-foundation-spanish\/102-2\/","title":{"rendered":"SPAN 102"},"content":{"rendered":"\n<p><strong>Exploring Culture<\/strong><\/p>\n\n\n\n<figure class=\"wp-block-image size-large\"><a href=\"https:\/\/sites.wp.odu.edu\/daniel-davis-foundation-spanish\/wp-content\/uploads\/sites\/26600\/2022\/04\/Screen-Shot-2022-04-21-at-8.25.34-PM.png\"><img loading=\"lazy\" decoding=\"async\" width=\"1024\" height=\"581\" src=\"https:\/\/sites.wp.odu.edu\/daniel-davis-foundation-spanish\/wp-content\/uploads\/sites\/26600\/2022\/04\/Screen-Shot-2022-04-21-at-8.25.34-PM-1024x581.png\" alt=\"\" class=\"wp-image-522\" srcset=\"https:\/\/sites.wp.odu.edu\/daniel-davis-foundation-spanish\/wp-content\/uploads\/sites\/26600\/2022\/04\/Screen-Shot-2022-04-21-at-8.25.34-PM-1024x581.png 1024w, https:\/\/sites.wp.odu.edu\/daniel-davis-foundation-spanish\/wp-content\/uploads\/sites\/26600\/2022\/04\/Screen-Shot-2022-04-21-at-8.25.34-PM-300x170.png 300w, https:\/\/sites.wp.odu.edu\/daniel-davis-foundation-spanish\/wp-content\/uploads\/sites\/26600\/2022\/04\/Screen-Shot-2022-04-21-at-8.25.34-PM-768x436.png 768w, https:\/\/sites.wp.odu.edu\/daniel-davis-foundation-spanish\/wp-content\/uploads\/sites\/26600\/2022\/04\/Screen-Shot-2022-04-21-at-8.25.34-PM-1536x871.png 1536w, https:\/\/sites.wp.odu.edu\/daniel-davis-foundation-spanish\/wp-content\/uploads\/sites\/26600\/2022\/04\/Screen-Shot-2022-04-21-at-8.25.34-PM-2048x1162.png 2048w, https:\/\/sites.wp.odu.edu\/daniel-davis-foundation-spanish\/wp-content\/uploads\/sites\/26600\/2022\/04\/Screen-Shot-2022-04-21-at-8.25.34-PM-529x300.png 529w\" sizes=\"(max-width: 1024px) 100vw, 1024px\" \/><\/a><\/figure>\n\n\n\n<p>Los patos t\u00edpicos de Argentina es Asado, Locro, Empanadas, y Dulce de leche. Las bebidas t\u00edpicos de Argentina es Vino patero, Mate, y Fernet. Festival Nacional de la Mandarina es una ocasi\u00f3n en Argentina celebrar las mandarina granjero.<\/p>\n\n\n\n<p>In the textbook Lingro Learning the section Exploraci\u00f3n cultural on unit 8 goes over different Hispanic countries getting brief information from many people asking about the culture behind food. I think it is effective by seeing many different points of views when it comes to learning about the Hispanic cultures around the world and being asked to do further research to further develop my knowledge when it comes to other cultures.<\/p>\n\n\n\n<p>Being able to search and look up information about Hispanic culture bettered my values and attitudes because I was able to get an insight to what goes on and how they live their life. I don&#8217;t believe that it challenged my worldview, nor any of my other views on other cultures, I am a non bias person when it comes to others cultures, and I am often intrigued on what other cultures do differently, as it truly makes everyone different and stand out rather than everyone being the same. <\/p>\n\n\n\n<p><strong>Engaging in Communities<\/strong><\/p>\n\n\n\n<p>Engaging in communities is important because it gives a sense of connection with everyone, so no one feels left out. Engagement also allows growth on ones attitude and knowledge by understanding the people around them. With the world getting more packed and more people are being born people are getting pushed closer and closer together so people are bound to have to engage with other communities, immediate to global communities.<\/p>\n\n\n\n<p>In the recent semester engaged with a Hispanic lady through a TalkAbroad assignment that will be reviewed under Interpersonal Communication<\/p>\n\n\n\n<p><strong>Interpersonal Communication<\/strong><\/p>\n\n\n\n\n\n<p>The TalkAbroad Conversation between me and my partner went well in my opinion, with there being a language barrier between us I was able to learn more about them during the conversation and understand what they were talking about to a degree. Outside of the TalkAbroad there was a interview with my professor in Spanish, although I did not do as well it was still a learning opportunity for me.<\/p>\n\n\n\n<p>Through each assignment was planned I had not had any spontaneous communication activities, aside from hearing a conversation in Spanish by other people there has not been any where I was personally involved.<\/p>\n\n\n\n<p><strong>Presentational Speaking<\/strong><\/p>\n\n\n\n<p>This semester did not have any presentational speaking activities that I can think of unlike in the previous semester where I had a few activities with presentational speaking. However the one activity that was the closest to a presentational speaking activity was talking about food.<\/p>\n\n\n\n<p>The assignment was on making a recipe for a selected dish, it found it a challenge when making sure to conjugate the words correctly to make them commands. I believe I overcame this challenge by making sure that I had not messed anything up and checking the proper conjugations for each word.<\/p>\n\n\n\n<p>___________________________________________________________________________________________________<\/p>\n\n\n\n<p>Quesadillas Especiales es una Quesadilla pero con ingredientes especiales, T\u00fa puedes comer Quesadillas Especiales en cualquier momento.<\/p>\n\n\n\n<p>Me gustan las Quesadillas Especiales porque cocino mucho y sabe muy bien.<\/p>\n\n\n\n<p>Necesitar\u00e1s 2 tortillas, queso, pollo hervido, sal, pimienta, 5 piezas de tocino, 1 peque\u00f1o ajo, el pimiento rojo en hojuelas, la pimienta de cayena y mermelada.<\/p>\n\n\n\n<p>Primero, Mezclamos la pimienta de Cayena con la pimiento rojo hojuelas, mermelada y ajo en una bolsa ziplock luego Marinar el pollo en la bolsa ziplock mientras preparas el<\/p>\n\n\n\n<p>resto de la comida. Colocar\u00e1s 1 tortilla sobre la mesa y luego poner queso encima de la tortilla y a\u00f1ade m\u00e1s, despu\u00e9s de hacer eso, pondr\u00e1s la otra tortilla encima, y agrega sal,<\/p>\n\n\n\n<p>pimienta y 5 piezas de tocino. Pr\u00f3ximo, hervir el pollo previamente marinado en agua. A\u00f1ade el pollo hervido a tu tortilla. Luego poner la quesadilla en la golfer\u00eda hasta que se enfr\u00ede.<\/p>\n\n\n\n<p>Com\u00ed las Quesadillas Especiales la semana pasada para mi cumplea\u00f1os.<\/p>\n\n\n\n<p>#MuchasQuesadillasEspeciales<\/p>\n\n\n\n<p>___________________________________________________________________________________________________<\/p>\n\n\n\n<p><strong>Presentational Writing<\/strong><\/p>\n\n\n\n<figure class=\"wp-block-image size-large\"><a href=\"https:\/\/sites.wp.odu.edu\/daniel-davis-foundation-spanish\/wp-content\/uploads\/sites\/26600\/2022\/04\/Project-scaled.jpg\"><img loading=\"lazy\" decoding=\"async\" width=\"768\" height=\"1024\" src=\"https:\/\/sites.wp.odu.edu\/daniel-davis-foundation-spanish\/wp-content\/uploads\/sites\/26600\/2022\/04\/Project-768x1024.jpg\" alt=\"\" class=\"wp-image-523\" srcset=\"https:\/\/sites.wp.odu.edu\/daniel-davis-foundation-spanish\/wp-content\/uploads\/sites\/26600\/2022\/04\/Project-768x1024.jpg 768w, https:\/\/sites.wp.odu.edu\/daniel-davis-foundation-spanish\/wp-content\/uploads\/sites\/26600\/2022\/04\/Project-225x300.jpg 225w, https:\/\/sites.wp.odu.edu\/daniel-davis-foundation-spanish\/wp-content\/uploads\/sites\/26600\/2022\/04\/Project-1152x1536.jpg 1152w, https:\/\/sites.wp.odu.edu\/daniel-davis-foundation-spanish\/wp-content\/uploads\/sites\/26600\/2022\/04\/Project-1536x2048.jpg 1536w, https:\/\/sites.wp.odu.edu\/daniel-davis-foundation-spanish\/wp-content\/uploads\/sites\/26600\/2022\/04\/Project-630x840.jpg 630w, https:\/\/sites.wp.odu.edu\/daniel-davis-foundation-spanish\/wp-content\/uploads\/sites\/26600\/2022\/04\/Project-960x1280.jpg 960w, https:\/\/sites.wp.odu.edu\/daniel-davis-foundation-spanish\/wp-content\/uploads\/sites\/26600\/2022\/04\/Project-scaled.jpg 1920w\" sizes=\"(max-width: 768px) 100vw, 768px\" \/><\/a><\/figure>\n\n\n\n<p>In an assignment I had to write about health and make a flyer to help spread awareness about a heath issue. I had grown and learned a lot from this assignment as I used a helpful tactic of searching the internet in Spanish rather than English to get better responses to what I was looking for. I grew from this because without that I wouldn&#8217;t have been able to find the information as easy. I could have been better on the writing portion and working better with preparing however I believe that I had done well.<\/p>\n\n\n\n<p><strong>Interpretive Listening<\/strong><\/p>\n\n\n\n<p>As not something I had done related to class work, but listening to music made by Hispanic communities has helped me get a feel for how the language is, what it sounds like to help me pronounce words and sentences better in Spanish by giving me insight on how the Spanish language is supposed to sound rather than guessing. I felt like I have grown listening to the music some, although I do not fully understand what is being said, there are a few times where I can pick up on a few words that I can make sense of which I could not have before.<\/p>\n\n\n\n<figure class=\"wp-block-embed is-type-video is-provider-youtube wp-block-embed-youtube wp-embed-aspect-4-3 wp-has-aspect-ratio\"><div class=\"wp-block-embed__wrapper\">\n<iframe loading=\"lazy\" title=\"Los \u00c1ngeles Negros - El Rey y Yo\" width=\"1000\" height=\"750\" src=\"https:\/\/www.youtube.com\/embed\/VpAH2VAfs2A?feature=oembed\" frameborder=\"0\" allow=\"accelerometer; autoplay; clipboard-write; encrypted-media; gyroscope; picture-in-picture\" allowfullscreen><\/iframe>\n<\/div><\/figure>\n\n\n\n<p><strong>Interpretive Reading<\/strong><\/p>\n\n\n\n<figure class=\"wp-block-image size-large\"><a href=\"https:\/\/sites.wp.odu.edu\/daniel-davis-foundation-spanish\/wp-content\/uploads\/sites\/26600\/2022\/04\/Screen-Shot-2022-04-21-at-10.48.16-PM.png\"><img loading=\"lazy\" decoding=\"async\" width=\"883\" height=\"1024\" src=\"https:\/\/sites.wp.odu.edu\/daniel-davis-foundation-spanish\/wp-content\/uploads\/sites\/26600\/2022\/04\/Screen-Shot-2022-04-21-at-10.48.16-PM-883x1024.png\" alt=\"\" class=\"wp-image-524\" srcset=\"https:\/\/sites.wp.odu.edu\/daniel-davis-foundation-spanish\/wp-content\/uploads\/sites\/26600\/2022\/04\/Screen-Shot-2022-04-21-at-10.48.16-PM-883x1024.png 883w, https:\/\/sites.wp.odu.edu\/daniel-davis-foundation-spanish\/wp-content\/uploads\/sites\/26600\/2022\/04\/Screen-Shot-2022-04-21-at-10.48.16-PM-259x300.png 259w, https:\/\/sites.wp.odu.edu\/daniel-davis-foundation-spanish\/wp-content\/uploads\/sites\/26600\/2022\/04\/Screen-Shot-2022-04-21-at-10.48.16-PM-768x890.png 768w, https:\/\/sites.wp.odu.edu\/daniel-davis-foundation-spanish\/wp-content\/uploads\/sites\/26600\/2022\/04\/Screen-Shot-2022-04-21-at-10.48.16-PM.png 1256w\" sizes=\"(max-width: 883px) 100vw, 883px\" \/><\/a><\/figure>\n\n\n\n<p>This semester had a lot of reading compared to the previous semester, with lots of assignments involving heavy amounts of Spanish rather than English. Most assignments had questions completely in Spanish and none in English  while others had some Spanish and some English meaning there was a lot of interpretive reading going on. For example the picture provided above was an example flyer involving heath, with lots of words it seems daunting at first but after skimming through to look for words that would be familiar to me then going back to make sense of the overall sentence and paragraph to understanding the entire flyer.<\/p>\n","protected":false},"excerpt":{"rendered":"<p>Exploring Culture Los patos t\u00edpicos de Argentina es Asado, Locro, Empanadas, y Dulce de leche. Las bebidas t\u00edpicos de Argentina es Vino patero, Mate, y Fernet. Festival Nacional de la Mandarina es una ocasi\u00f3n en Argentina celebrar las mandarina granjero. In the textbook Lingro Learning the section Exploraci\u00f3n cultural on unit 8 goes over different&#8230; <\/p>\n<div class=\"link-more\"><a href=\"https:\/\/sites.wp.odu.edu\/daniel-davis-foundation-spanish\/102-2\/\">Read More<\/a><\/div>\n","protected":false},"author":22313,"featured_media":0,"parent":0,"menu_order":0,"comment_status":"closed","ping_status":"closed","template":"","meta":{"footnotes":""},"_links":{"self":[{"href":"https:\/\/sites.wp.odu.edu\/daniel-davis-foundation-spanish\/wp-json\/wp\/v2\/pages\/425"}],"collection":[{"href":"https:\/\/sites.wp.odu.edu\/daniel-davis-foundation-spanish\/wp-json\/wp\/v2\/pages"}],"about":[{"href":"https:\/\/sites.wp.odu.edu\/daniel-davis-foundation-spanish\/wp-json\/wp\/v2\/types\/page"}],"author":[{"embeddable":true,"href":"https:\/\/sites.wp.odu.edu\/daniel-davis-foundation-spanish\/wp-json\/wp\/v2\/users\/22313"}],"replies":[{"embeddable":true,"href":"https:\/\/sites.wp.odu.edu\/daniel-davis-foundation-spanish\/wp-json\/wp\/v2\/comments?post=425"}],"version-history":[{"count":1,"href":"https:\/\/sites.wp.odu.edu\/daniel-davis-foundation-spanish\/wp-json\/wp\/v2\/pages\/425\/revisions"}],"predecessor-version":[{"id":525,"href":"https:\/\/sites.wp.odu.edu\/daniel-davis-foundation-spanish\/wp-json\/wp\/v2\/pages\/425\/revisions\/525"}],"wp:attachment":[{"href":"https:\/\/sites.wp.odu.edu\/daniel-davis-foundation-spanish\/wp-json\/wp\/v2\/media?parent=425"}],"curies":[{"name":"wp","href":"https:\/\/api.w.org\/{rel}","templated":true}]}}