{"id":31,"date":"2023-12-07T16:41:38","date_gmt":"2023-12-07T16:41:38","guid":{"rendered":"http:\/\/totesa.website\/student\/?page_id=31"},"modified":"2023-12-07T18:16:12","modified_gmt":"2023-12-07T18:16:12","slug":"about-me","status":"publish","type":"page","link":"https:\/\/sites.wp.odu.edu\/denaziaspanish\/","title":{"rendered":"Portfolio"},"content":{"rendered":"\n\n\n<p class=\"has-large-font-size\">About Me<\/p>\n\n\n\n<p>Mi nombre es De&#8217;Nazia Hebron (&#8220;duh-neigh-ja,&#8221; &#8220;he-bron&#8221;). Tengo veintitr\u00e9s a\u00f1os. Empec\u00e9 la universidad en 2021. Tengo un reconocimiento de la universidad: me gradu\u00e9 de un colegio comunitario <em>magna cum laude<\/em>. Empec\u00e9 a ir a ODU en 2023. Esta es la primera vez que vivo en los dormitorios de la universidad.<\/p>\n\n\n\n<p>Empec\u00e9 a tomar clases de espa\u00f1ol en 2013, en 7th grado. En 7th grado, quer\u00eda aprender japon\u00e9s, pero mi escuela solo ense\u00f1\u00f3 espa\u00f1ol. Tom\u00e9 clases de espa\u00f1ol para diez a\u00f1os.<\/p>\n\n\n\n<p class=\"has-large-font-size\">Reflection<\/p>\n\n\n\n<p>Example.<\/p>\n\n\n\n<p class=\"has-large-font-size\">Artifact Selection<\/p>\n\n\n\n<p>Example.<\/p>\n\n\n\n<p class=\"has-large-font-size\">Cultural Understanding<\/p>\n\n\n\n<p>Example.<\/p>\n","protected":false},"excerpt":{"rendered":"<p>About Me Mi nombre es De&#8217;Nazia Hebron (&#8220;duh-neigh-ja,&#8221; &#8220;he-bron&#8221;). Tengo veintitr\u00e9s a\u00f1os. Empec\u00e9 la universidad en 2021. Tengo un reconocimiento de la universidad: me gradu\u00e9 de un colegio comunitario magna cum laude. Empec\u00e9 a ir a ODU en 2023. Esta es la primera vez que vivo en los dormitorios de la universidad. Empec\u00e9 a tomar &hellip; <a href=\"https:\/\/sites.wp.odu.edu\/denaziaspanish\/\" class=\"more-link\">Continue reading <span class=\"screen-reader-text\">Portfolio<\/span><\/a><\/p>\n","protected":false},"author":27089,"featured_media":0,"parent":0,"menu_order":0,"comment_status":"closed","ping_status":"closed","template":"full-width.php","meta":{"footnotes":""},"_links":{"self":[{"href":"https:\/\/sites.wp.odu.edu\/denaziaspanish\/wp-json\/wp\/v2\/pages\/31"}],"collection":[{"href":"https:\/\/sites.wp.odu.edu\/denaziaspanish\/wp-json\/wp\/v2\/pages"}],"about":[{"href":"https:\/\/sites.wp.odu.edu\/denaziaspanish\/wp-json\/wp\/v2\/types\/page"}],"author":[{"embeddable":true,"href":"https:\/\/sites.wp.odu.edu\/denaziaspanish\/wp-json\/wp\/v2\/users\/27089"}],"replies":[{"embeddable":true,"href":"https:\/\/sites.wp.odu.edu\/denaziaspanish\/wp-json\/wp\/v2\/comments?post=31"}],"version-history":[{"count":4,"href":"https:\/\/sites.wp.odu.edu\/denaziaspanish\/wp-json\/wp\/v2\/pages\/31\/revisions"}],"predecessor-version":[{"id":586,"href":"https:\/\/sites.wp.odu.edu\/denaziaspanish\/wp-json\/wp\/v2\/pages\/31\/revisions\/586"}],"wp:attachment":[{"href":"https:\/\/sites.wp.odu.edu\/denaziaspanish\/wp-json\/wp\/v2\/media?parent=31"}],"curies":[{"name":"wp","href":"https:\/\/api.w.org\/{rel}","templated":true}]}}