
{"id":441,"date":"2022-11-09T19:17:52","date_gmt":"2022-11-09T19:17:52","guid":{"rendered":"https:\/\/sites.wp.odu.edu\/basicspanishdraft2\/?page_id=441"},"modified":"2022-12-08T22:58:44","modified_gmt":"2022-12-08T22:58:44","slug":"activities-2","status":"publish","type":"page","link":"https:\/\/sites.wp.odu.edu\/douglasspan\/activities-2\/","title":{"rendered":"Activities"},"content":{"rendered":"\n<p><\/p>\n\n\n\n<p><\/p>\n\n\n\n<p>El primer a\u00f1o de espa\u00f1ol de 101f se actualizar\u00e1 con nueva informaci\u00f3n correspondiente cuando obtenga una nueva perspectiva<\/p>\n\n\n\n<div data-wp-interactive=\"\" class=\"wp-block-file\"><object data-wp-bind--hidden=\"!selectors.core.file.hasPdfPreview\" hidden class=\"wp-block-file__embed\" data=\"https:\/\/sites.wp.odu.edu\/douglasspan\/wp-content\/uploads\/sites\/31285\/2022\/12\/Novice-Mid-Can-Do-Statements.docx-1.pdf\" type=\"application\/pdf\" style=\"width:100%;height:600px\" aria-label=\"Embed of Embed of Novice-Mid-Can-Do-Statements.docx-1..\"><\/object><a id=\"wp-block-file--media-44b2216e-69d4-4ecf-b47c-6063051ecbc7\" href=\"https:\/\/sites.wp.odu.edu\/douglasspan\/wp-content\/uploads\/sites\/31285\/2022\/12\/Novice-Mid-Can-Do-Statements.docx-1.pdf\">Novice-Mid-Can-Do-Statements.docx-1<\/a><a href=\"https:\/\/sites.wp.odu.edu\/douglasspan\/wp-content\/uploads\/sites\/31285\/2022\/12\/Novice-Mid-Can-Do-Statements.docx-1.pdf\" class=\"wp-block-file__button\" download aria-describedby=\"wp-block-file--media-44b2216e-69d4-4ecf-b47c-6063051ecbc7\">Download<\/a><\/div>\n\n\n\n<div data-wp-interactive=\"\" class=\"wp-block-file\"><object data-wp-bind--hidden=\"!selectors.core.file.hasPdfPreview\" hidden class=\"wp-block-file__embed\" data=\"https:\/\/sites.wp.odu.edu\/douglasspan\/wp-content\/uploads\/sites\/31285\/2022\/12\/Each-semester_-Intercultural-Communicative-Competence.docx.pdf\" type=\"application\/pdf\" style=\"width:100%;height:600px\" aria-label=\"Embed of Embed of Each-semester_-Intercultural-Communicative-Competence.docx..\"><\/object><a id=\"wp-block-file--media-99dbe400-f796-43c9-af83-b963c90dfec4\" href=\"https:\/\/sites.wp.odu.edu\/douglasspan\/wp-content\/uploads\/sites\/31285\/2022\/12\/Each-semester_-Intercultural-Communicative-Competence.docx.pdf\">Each-semester_-Intercultural-Communicative-Competence.docx<\/a><a href=\"https:\/\/sites.wp.odu.edu\/douglasspan\/wp-content\/uploads\/sites\/31285\/2022\/12\/Each-semester_-Intercultural-Communicative-Competence.docx.pdf\" class=\"wp-block-file__button\" download aria-describedby=\"wp-block-file--media-99dbe400-f796-43c9-af83-b963c90dfec4\">Download<\/a><\/div>\n","protected":false},"excerpt":{"rendered":"<p>El primer a\u00f1o de espa\u00f1ol de 101f se actualizar\u00e1 con nueva informaci\u00f3n correspondiente cuando obtenga una nueva perspectiva<\/p>\n","protected":false},"author":20440,"featured_media":0,"parent":0,"menu_order":0,"comment_status":"closed","ping_status":"closed","template":"","meta":{"footnotes":""},"_links":{"self":[{"href":"https:\/\/sites.wp.odu.edu\/douglasspan\/wp-json\/wp\/v2\/pages\/441"}],"collection":[{"href":"https:\/\/sites.wp.odu.edu\/douglasspan\/wp-json\/wp\/v2\/pages"}],"about":[{"href":"https:\/\/sites.wp.odu.edu\/douglasspan\/wp-json\/wp\/v2\/types\/page"}],"author":[{"embeddable":true,"href":"https:\/\/sites.wp.odu.edu\/douglasspan\/wp-json\/wp\/v2\/users\/20440"}],"replies":[{"embeddable":true,"href":"https:\/\/sites.wp.odu.edu\/douglasspan\/wp-json\/wp\/v2\/comments?post=441"}],"version-history":[{"count":4,"href":"https:\/\/sites.wp.odu.edu\/douglasspan\/wp-json\/wp\/v2\/pages\/441\/revisions"}],"predecessor-version":[{"id":503,"href":"https:\/\/sites.wp.odu.edu\/douglasspan\/wp-json\/wp\/v2\/pages\/441\/revisions\/503"}],"wp:attachment":[{"href":"https:\/\/sites.wp.odu.edu\/douglasspan\/wp-json\/wp\/v2\/media?parent=441"}],"curies":[{"name":"wp","href":"https:\/\/api.w.org\/{rel}","templated":true}]}}