{"id":173,"date":"2022-11-11T00:14:57","date_gmt":"2022-11-11T00:14:57","guid":{"rendered":"https:\/\/wp.odu.edu\/odupresentationtemplate\/?page_id=2"},"modified":"2023-12-06T18:48:17","modified_gmt":"2023-12-06T18:48:17","slug":"sample-page-2","status":"publish","type":"page","link":"https:\/\/sites.wp.odu.edu\/drspan101\/","title":{"rendered":"Home"},"content":{"rendered":"\n<p>Hello, my name is Dailen Richardson and this is my Spanish portfolio. I am going to be showing my work from the semester and how much I have learned. I am a student  at Old dominion university majoring in criminal justice. <\/p>\n\n\n\n<p>Hola, mi nombre es Dailen Richardson y este es mi portafolio en espa\u00f1ol. Mostrar\u00e9 mi trabajo del semestre y cu\u00e1nto he aprendido. Soy estudiante en la universidad Old Dominion con especializaci\u00f3n en justicia penal. <\/p>\n\n\n\n<p><\/p>\n\n\n\n<p>PS. Click Spanish 101 and 102 = Prensa espa\u00f1ol 101 y 102<\/p>\n\n\n\n<p><\/p>\n","protected":false},"excerpt":{"rendered":"<p>Hello, my name is Dailen Richardson and this is my Spanish portfolio. I am going to be showing my work from the semester and how much I have learned. I am a student at Old dominion university majoring in criminal justice. Hola, mi nombre es Dailen Richardson y este es mi portafolio en espa\u00f1ol. Mostrar\u00e9&#8230; <\/p>\n<div class=\"link-more\"><a href=\"https:\/\/sites.wp.odu.edu\/drspan101\/\">Read More<\/a><\/div>\n","protected":false},"author":25444,"featured_media":0,"parent":0,"menu_order":0,"comment_status":"closed","ping_status":"open","template":"","meta":{"footnotes":""},"_links":{"self":[{"href":"https:\/\/sites.wp.odu.edu\/drspan101\/wp-json\/wp\/v2\/pages\/173"}],"collection":[{"href":"https:\/\/sites.wp.odu.edu\/drspan101\/wp-json\/wp\/v2\/pages"}],"about":[{"href":"https:\/\/sites.wp.odu.edu\/drspan101\/wp-json\/wp\/v2\/types\/page"}],"author":[{"embeddable":true,"href":"https:\/\/sites.wp.odu.edu\/drspan101\/wp-json\/wp\/v2\/users\/25444"}],"replies":[{"embeddable":true,"href":"https:\/\/sites.wp.odu.edu\/drspan101\/wp-json\/wp\/v2\/comments?post=173"}],"version-history":[{"count":5,"href":"https:\/\/sites.wp.odu.edu\/drspan101\/wp-json\/wp\/v2\/pages\/173\/revisions"}],"predecessor-version":[{"id":523,"href":"https:\/\/sites.wp.odu.edu\/drspan101\/wp-json\/wp\/v2\/pages\/173\/revisions\/523"}],"wp:attachment":[{"href":"https:\/\/sites.wp.odu.edu\/drspan101\/wp-json\/wp\/v2\/media?parent=173"}],"curies":[{"name":"wp","href":"https:\/\/api.w.org\/{rel}","templated":true}]}}