{"id":347,"date":"2017-12-09T16:16:49","date_gmt":"2017-12-09T16:16:49","guid":{"rendered":"https:\/\/sites.wp.odu.edu\/french2mize\/?page_id=347"},"modified":"2017-12-09T16:16:49","modified_gmt":"2017-12-09T16:16:49","slug":"fiche-devaluation-video","status":"publish","type":"page","link":"https:\/\/sites.wp.odu.edu\/duhart102\/assessment\/fiche-devaluation-video\/","title":{"rendered":"Fiche d\u2019\u00e9valuation (Vid\u00e9o)"},"content":{"rendered":"<p>Cette fiche d\u2019\u00e9valuation vous permet d\u2019\u00eatre inform\u00e9 sur comment vous allez \u00eatre \u00e9valu\u00e9 pour votre projet de vid\u00e9o.<\/p>\n<p><strong>This evaluation sheet allows you to be informed about how you will be evaluated on your video project.<\/strong><\/p>\n<a href=\"https:\/\/sites.wp.odu.edu\/duhart102\/wp-content\/uploads\/sites\/6308\/2017\/11\/Fiche-devaluation-video.pdf\" class=\"pdfemb-viewer\" style=\"\" data-width=\"max\" data-height=\"max\"  data-toolbar=\"bottom\" data-toolbar-fixed=\"off\">Fiche d&#039;evaluation video<br\/><\/a>\n","protected":false},"excerpt":{"rendered":"<p>Cette fiche d\u2019\u00e9valuation vous permet d\u2019\u00eatre inform\u00e9 sur comment vous allez \u00eatre \u00e9valu\u00e9 pour votre projet de vid\u00e9o. This evaluation sheet allows you to be informed about how you will be evaluated on your video project.<\/p>\n","protected":false},"author":8886,"featured_media":0,"parent":94,"menu_order":0,"comment_status":"closed","ping_status":"closed","template":"","meta":{"footnotes":""},"_links":{"self":[{"href":"https:\/\/sites.wp.odu.edu\/duhart102\/wp-json\/wp\/v2\/pages\/347"}],"collection":[{"href":"https:\/\/sites.wp.odu.edu\/duhart102\/wp-json\/wp\/v2\/pages"}],"about":[{"href":"https:\/\/sites.wp.odu.edu\/duhart102\/wp-json\/wp\/v2\/types\/page"}],"author":[{"embeddable":true,"href":"https:\/\/sites.wp.odu.edu\/duhart102\/wp-json\/wp\/v2\/users\/8886"}],"replies":[{"embeddable":true,"href":"https:\/\/sites.wp.odu.edu\/duhart102\/wp-json\/wp\/v2\/comments?post=347"}],"version-history":[{"count":0,"href":"https:\/\/sites.wp.odu.edu\/duhart102\/wp-json\/wp\/v2\/pages\/347\/revisions"}],"up":[{"embeddable":true,"href":"https:\/\/sites.wp.odu.edu\/duhart102\/wp-json\/wp\/v2\/pages\/94"}],"wp:attachment":[{"href":"https:\/\/sites.wp.odu.edu\/duhart102\/wp-json\/wp\/v2\/media?parent=347"}],"curies":[{"name":"wp","href":"https:\/\/api.w.org\/{rel}","templated":true}]}}