{"id":189,"date":"2019-11-13T17:18:32","date_gmt":"2019-11-13T17:18:32","guid":{"rendered":"https:\/\/wp.odu.edu\/odupresentationtemplate\/?page_id=2"},"modified":"2019-12-03T01:51:05","modified_gmt":"2019-12-03T01:51:05","slug":"about-me","status":"publish","type":"page","link":"https:\/\/sites.wp.odu.edu\/eajohnson\/","title":{"rendered":"About Me"},"content":{"rendered":"\n<ul class=\"wp-block-gallery columns-3 is-cropped wp-block-gallery-1 is-layout-flex wp-block-gallery-is-layout-flex\"><li class=\"blocks-gallery-item\"><figure><img loading=\"lazy\" decoding=\"async\" width=\"656\" height=\"639\" src=\"http:\/\/sites.wp.odu.edu\/eajohnson\/wp-content\/uploads\/sites\/17029\/2019\/11\/FB_IMG_1470922404286-2-1.jpg\" alt=\"\" data-id=\"421\" class=\"wp-image-421\" srcset=\"https:\/\/sites.wp.odu.edu\/eajohnson\/wp-content\/uploads\/sites\/17029\/2019\/11\/FB_IMG_1470922404286-2-1.jpg 656w, https:\/\/sites.wp.odu.edu\/eajohnson\/wp-content\/uploads\/sites\/17029\/2019\/11\/FB_IMG_1470922404286-2-1-300x292.jpg 300w, https:\/\/sites.wp.odu.edu\/eajohnson\/wp-content\/uploads\/sites\/17029\/2019\/11\/FB_IMG_1470922404286-2-1-308x300.jpg 308w\" sizes=\"(max-width: 656px) 100vw, 656px\" \/><\/figure><\/li><li class=\"blocks-gallery-item\"><figure><img loading=\"lazy\" decoding=\"async\" width=\"768\" height=\"1024\" src=\"https:\/\/sites.wp.odu.edu\/eajohnson\/wp-content\/uploads\/sites\/17029\/2019\/11\/00100dPORTRAIT_00100_BURST20180727184534721_COVER-768x1024.jpg\" alt=\"\" data-id=\"425\" data-link=\"https:\/\/sites.wp.odu.edu\/eajohnson\/about-me\/00100dportrait_00100_burst20180727184534721_cover\/\" class=\"wp-image-425\" srcset=\"https:\/\/sites.wp.odu.edu\/eajohnson\/wp-content\/uploads\/sites\/17029\/2019\/11\/00100dPORTRAIT_00100_BURST20180727184534721_COVER-768x1024.jpg 768w, https:\/\/sites.wp.odu.edu\/eajohnson\/wp-content\/uploads\/sites\/17029\/2019\/11\/00100dPORTRAIT_00100_BURST20180727184534721_COVER-225x300.jpg 225w, https:\/\/sites.wp.odu.edu\/eajohnson\/wp-content\/uploads\/sites\/17029\/2019\/11\/00100dPORTRAIT_00100_BURST20180727184534721_COVER-630x840.jpg 630w, https:\/\/sites.wp.odu.edu\/eajohnson\/wp-content\/uploads\/sites\/17029\/2019\/11\/00100dPORTRAIT_00100_BURST20180727184534721_COVER.jpg 913w\" sizes=\"(max-width: 768px) 100vw, 768px\" \/><\/figure><\/li><li class=\"blocks-gallery-item\"><figure><img loading=\"lazy\" decoding=\"async\" width=\"768\" height=\"1024\" src=\"https:\/\/sites.wp.odu.edu\/eajohnson\/wp-content\/uploads\/sites\/17029\/2019\/11\/00100dPORTRAIT_00100_BURST20181124192557387_COVER-768x1024.jpg\" alt=\"\" data-id=\"426\" data-link=\"https:\/\/sites.wp.odu.edu\/eajohnson\/about-me\/00100dportrait_00100_burst20181124192557387_cover\/\" class=\"wp-image-426\" srcset=\"https:\/\/sites.wp.odu.edu\/eajohnson\/wp-content\/uploads\/sites\/17029\/2019\/11\/00100dPORTRAIT_00100_BURST20181124192557387_COVER-768x1024.jpg 768w, https:\/\/sites.wp.odu.edu\/eajohnson\/wp-content\/uploads\/sites\/17029\/2019\/11\/00100dPORTRAIT_00100_BURST20181124192557387_COVER-225x300.jpg 225w, https:\/\/sites.wp.odu.edu\/eajohnson\/wp-content\/uploads\/sites\/17029\/2019\/11\/00100dPORTRAIT_00100_BURST20181124192557387_COVER-630x840.jpg 630w, https:\/\/sites.wp.odu.edu\/eajohnson\/wp-content\/uploads\/sites\/17029\/2019\/11\/00100dPORTRAIT_00100_BURST20181124192557387_COVER.jpg 913w\" sizes=\"(max-width: 768px) 100vw, 768px\" \/><\/figure><\/li><\/ul>\n\n\n\n<p><b>Hello! I am Emily Johnson, a current senior at Old Dominion University. I will graduate in Spring 2020 with a Bachelor\u2019s in World Languages and Cultures with a concentration in Spanish. I am from Chesapeake, Virginia and have lived here my whole life; because I have been here my whole life I have been able to make excellent connections. I currently work for Chartway Federal Credit Union and have two internships, one with Operation Smile and the second at Virginia Beach Surf and Rescue Museum. All of which have been useful in practicing and improving my Spanish through helping the community!&nbsp;<\/b><\/p>\n\n\n\n<hr class=\"wp-block-separator\" \/>\n\n\n\n<p>\n\n\u00a1Hola! Soy Emily Johnson, yo estoy en mi \u00faltimo a\u00f1o en la universidad de Old Dominion. Yo voy a graduarme en la primavera de 2020 con un t\u00edtulo en Lenguas y Culturas del Mundo con una concentraci\u00f3n en Espa\u00f1ol. Tengo 21 a\u00f1os y soy de Chesapeake, Virginia. He vivido&nbsp; aqu\u00ed toda mi vida y he hecho excelentes contactos con la comunidad. Actualmente trabajo para la cooperativa de cr\u00e9dito federal Chartway y tengo dos pr\u00e1cticas profesionales, una con Operaci\u00f3n Sonrisa y otra con el Museo de Surf y Rescate de Virginia Beach. Todos son buenos para mi para practicar mi espa\u00f1ol y ayudar a mi comunidad. \n\n<\/p>\n\n\n\n<hr class=\"wp-block-separator\" \/>\n\n\n\n<p><\/p>\n","protected":false},"excerpt":{"rendered":"<p>Hello! I am Emily Johnson, a current senior at Old Dominion University. I will graduate in Spring 2020 with a Bachelor\u2019s in World Languages and Cultures with a concentration in Spanish. I am from Chesapeake, Virginia and have lived here my whole life; because I have been here my whole life I have been able&#8230; <\/p>\n<div class=\"link-more\"><a href=\"https:\/\/sites.wp.odu.edu\/eajohnson\/\">Read More<\/a><\/div>\n","protected":false},"author":14850,"featured_media":420,"parent":0,"menu_order":0,"comment_status":"closed","ping_status":"closed","template":"","meta":{"footnotes":""},"_links":{"self":[{"href":"https:\/\/sites.wp.odu.edu\/eajohnson\/wp-json\/wp\/v2\/pages\/189"}],"collection":[{"href":"https:\/\/sites.wp.odu.edu\/eajohnson\/wp-json\/wp\/v2\/pages"}],"about":[{"href":"https:\/\/sites.wp.odu.edu\/eajohnson\/wp-json\/wp\/v2\/types\/page"}],"author":[{"embeddable":true,"href":"https:\/\/sites.wp.odu.edu\/eajohnson\/wp-json\/wp\/v2\/users\/14850"}],"replies":[{"embeddable":true,"href":"https:\/\/sites.wp.odu.edu\/eajohnson\/wp-json\/wp\/v2\/comments?post=189"}],"version-history":[{"count":5,"href":"https:\/\/sites.wp.odu.edu\/eajohnson\/wp-json\/wp\/v2\/pages\/189\/revisions"}],"predecessor-version":[{"id":537,"href":"https:\/\/sites.wp.odu.edu\/eajohnson\/wp-json\/wp\/v2\/pages\/189\/revisions\/537"}],"wp:featuredmedia":[{"embeddable":true,"href":"https:\/\/sites.wp.odu.edu\/eajohnson\/wp-json\/wp\/v2\/media\/420"}],"wp:attachment":[{"href":"https:\/\/sites.wp.odu.edu\/eajohnson\/wp-json\/wp\/v2\/media?parent=189"}],"curies":[{"name":"wp","href":"https:\/\/api.w.org\/{rel}","templated":true}]}}