{"id":341,"date":"2019-11-20T00:51:36","date_gmt":"2019-11-20T00:51:36","guid":{"rendered":"https:\/\/sites.wp.odu.edu\/eajohnson\/?page_id=341"},"modified":"2019-11-20T00:52:01","modified_gmt":"2019-11-20T00:52:01","slug":"talk-abroad-experience-1","status":"publish","type":"page","link":"https:\/\/sites.wp.odu.edu\/eajohnson\/talk-abroad-experience-1\/","title":{"rendered":"Talk Abroad Experience #1"},"content":{"rendered":"\n<p><strong>Audio<\/strong><\/p>\n\n\n\n<figure class=\"wp-block-audio\"><audio controls src=\"https:\/\/sites.wp.odu.edu\/eajohnson\/wp-content\/uploads\/sites\/17029\/2019\/11\/Emily-Johnson-TalkAbroad-Assignment-1-El-sistema-de-salud-1.mp3\"><\/audio><\/figure>\n\n\n\n<p><strong>Reflection <\/strong><\/p>\n\n\n\n<p>English <\/p>\n\n\n\n<p> My first experience with TalkAbroad was incredible. My partner was from Colombia and he taught me a lot about the medical system in Colombia. He told me there are three parts of the medical system; a part for the poor that is public and two parts for the rich that is private. He also told me that the public part is very bad because it is government funded and it can take a long time to get medical help. The private part can be better because it is faster to get help, but it does cost a lot of money. We also talked about the north American politics and the United States president, Trump. All in all, it was a great experience and we both learned a lot.  <\/p>\n\n\n\n<p>Espa\u00f1ol<\/p>\n\n\n\n<p>\n\nMi primera experiencia de TalkAbroad fue incre\u00edble. Mi pareja era de Colombia y me enseno mucho sobre el sistema medica de Colombia. A \u00e9l me dijo que hay tres partes de este sistema; un parte para los pobres que es p\u00fablico y dos partes para la gente rica y es privada. Tambi\u00e9n, me dijo que el parte p\u00fablico es muy mal porque es del gobierno y puede tomar mucho tiempo para ayudar m\u00e9dica. La parte privada para los ricos es mejor porque es m\u00e1s r\u00e1pido, pero se cuesta mucho. Tambi\u00e9n, nosotros hablamos sobre los pol\u00edticos norteamericanos y el presidente de los Estados Unidos, Trump. En todo, fue una buena conversaci\u00f3n y aprend\u00ed mucho de mi pareja. \n\n<\/p>\n","protected":false},"excerpt":{"rendered":"<p>Audio Reflection English My first experience with TalkAbroad was incredible. My partner was from Colombia and he taught me a lot about the medical system in Colombia. He told me there are three parts of the medical system; a part for the poor that is public and two parts for the rich that is private&#8230;. <\/p>\n<div class=\"link-more\"><a href=\"https:\/\/sites.wp.odu.edu\/eajohnson\/talk-abroad-experience-1\/\">Read More<\/a><\/div>\n","protected":false},"author":14850,"featured_media":0,"parent":0,"menu_order":0,"comment_status":"closed","ping_status":"closed","template":"","meta":{"footnotes":""},"_links":{"self":[{"href":"https:\/\/sites.wp.odu.edu\/eajohnson\/wp-json\/wp\/v2\/pages\/341"}],"collection":[{"href":"https:\/\/sites.wp.odu.edu\/eajohnson\/wp-json\/wp\/v2\/pages"}],"about":[{"href":"https:\/\/sites.wp.odu.edu\/eajohnson\/wp-json\/wp\/v2\/types\/page"}],"author":[{"embeddable":true,"href":"https:\/\/sites.wp.odu.edu\/eajohnson\/wp-json\/wp\/v2\/users\/14850"}],"replies":[{"embeddable":true,"href":"https:\/\/sites.wp.odu.edu\/eajohnson\/wp-json\/wp\/v2\/comments?post=341"}],"version-history":[{"count":2,"href":"https:\/\/sites.wp.odu.edu\/eajohnson\/wp-json\/wp\/v2\/pages\/341\/revisions"}],"predecessor-version":[{"id":344,"href":"https:\/\/sites.wp.odu.edu\/eajohnson\/wp-json\/wp\/v2\/pages\/341\/revisions\/344"}],"wp:attachment":[{"href":"https:\/\/sites.wp.odu.edu\/eajohnson\/wp-json\/wp\/v2\/media?parent=341"}],"curies":[{"name":"wp","href":"https:\/\/api.w.org\/{rel}","templated":true}]}}