{"id":531,"date":"2021-11-23T00:40:31","date_gmt":"2021-11-23T00:40:31","guid":{"rendered":"https:\/\/sites.wp.odu.edu\/edmazzantispanish311\/?page_id=531"},"modified":"2021-11-23T00:46:35","modified_gmt":"2021-11-23T00:46:35","slug":"la-plaza-de-espana-descripcion","status":"publish","type":"page","link":"https:\/\/sites.wp.odu.edu\/edmazzantispanish311\/la-plaza-de-espana-descripcion\/","title":{"rendered":"La Plaza de Espa\u00f1a &#8211; Descripci\u00f3n"},"content":{"rendered":"\n<figure class=\"wp-block-image size-large\"><a href=\"http:\/\/sites.wp.odu.edu\/edmazzantispanish311\/wp-content\/uploads\/sites\/24010\/2021\/03\/Sevilla.jpg\"><img loading=\"lazy\" decoding=\"async\" width=\"960\" height=\"720\" src=\"http:\/\/sites.wp.odu.edu\/edmazzantispanish311\/wp-content\/uploads\/sites\/24010\/2021\/03\/Sevilla.jpg\" alt=\"\" class=\"wp-image-495\" srcset=\"https:\/\/sites.wp.odu.edu\/edmazzantispanish311\/wp-content\/uploads\/sites\/24010\/2021\/03\/Sevilla.jpg 960w, https:\/\/sites.wp.odu.edu\/edmazzantispanish311\/wp-content\/uploads\/sites\/24010\/2021\/03\/Sevilla-300x225.jpg 300w, https:\/\/sites.wp.odu.edu\/edmazzantispanish311\/wp-content\/uploads\/sites\/24010\/2021\/03\/Sevilla-768x576.jpg 768w, https:\/\/sites.wp.odu.edu\/edmazzantispanish311\/wp-content\/uploads\/sites\/24010\/2021\/03\/Sevilla-400x300.jpg 400w\" sizes=\"(max-width: 960px) 100vw, 960px\" \/><\/a><\/figure>\n\n\n\n<p>Lo primero que llama la atenci\u00f3n es el cielo azul intenso con los arcos dorados.&nbsp; Vemos esta escena de un balc\u00f3n de un edifico grande y largo con forma semic\u00edrculo.&nbsp;<\/p>\n\n\n\n<p>En fondo podemos ver una torre qu\u00e9 est\u00e1 alta y tambi\u00e9n dorado de granito.&nbsp; Se ve esta torre tras algunas parejas de columnas doradas.&nbsp; Est\u00e1 una serie de parejas de columnas por el balc\u00f3n.&nbsp; Al base de cada pareja de columnas est\u00e1 un muro bajo.&nbsp; Est\u00e1n muchos balaustres en este muro.&nbsp; Es la tarde porqu\u00e9 se ve lasa sombras de las columnas en el piso, y se ve a luz del sol tras los balaustres.&nbsp;<\/p>\n\n\n\n<p>Arriba se ve un techo de madura marron oscuro.&nbsp; &nbsp;Abajo se ve un pisto de cer\u00e1mica amorrando naranja.<\/p>\n\n\n\n<p>A derecho se ve un bosque verde oscuro y una plaza grande con algunas arboles peque\u00f1os y algunos postes de luz.<\/p>\n\n\n\n<p>A izquierda se ve una pareja joven.&nbsp; La chica lleva puesto pantalones cortes y una camiseta naranja.&nbsp; Ella tiene cabello marrone y largo.&nbsp; El chico tambi\u00e9n usa pantalones cortes.&nbsp; Sus pantalones cortes son azul y \u00e9l lleva puesto una camiseta gris.&nbsp; La pareja esta caminando por el balc\u00f3n.&nbsp; Ellos se alejan de nuestra posici\u00f3n.&nbsp;<\/p>\n\n\n\n<p>Entre nuestra posici\u00f3n y la torre en el fondo, se ve un puente con forma arco en medio.&nbsp; Algunas personas est\u00e1n cruzando el puente.&nbsp;<\/p>\n","protected":false},"excerpt":{"rendered":"<p>Lo primero que llama la atenci\u00f3n es el cielo azul intenso con los arcos dorados.&nbsp; Vemos esta escena de un balc\u00f3n de un edifico grande y largo con forma semic\u00edrculo.&nbsp; En fondo podemos ver una torre qu\u00e9 est\u00e1 alta y tambi\u00e9n dorado de granito.&nbsp; Se ve esta torre tras algunas parejas de columnas doradas.&nbsp; Est\u00e1&#8230; <\/p>\n<div class=\"link-more\"><a href=\"https:\/\/sites.wp.odu.edu\/edmazzantispanish311\/la-plaza-de-espana-descripcion\/\">Read More<\/a><\/div>\n","protected":false},"author":20453,"featured_media":0,"parent":0,"menu_order":0,"comment_status":"closed","ping_status":"closed","template":"","meta":{"footnotes":""},"_links":{"self":[{"href":"https:\/\/sites.wp.odu.edu\/edmazzantispanish311\/wp-json\/wp\/v2\/pages\/531"}],"collection":[{"href":"https:\/\/sites.wp.odu.edu\/edmazzantispanish311\/wp-json\/wp\/v2\/pages"}],"about":[{"href":"https:\/\/sites.wp.odu.edu\/edmazzantispanish311\/wp-json\/wp\/v2\/types\/page"}],"author":[{"embeddable":true,"href":"https:\/\/sites.wp.odu.edu\/edmazzantispanish311\/wp-json\/wp\/v2\/users\/20453"}],"replies":[{"embeddable":true,"href":"https:\/\/sites.wp.odu.edu\/edmazzantispanish311\/wp-json\/wp\/v2\/comments?post=531"}],"version-history":[{"count":3,"href":"https:\/\/sites.wp.odu.edu\/edmazzantispanish311\/wp-json\/wp\/v2\/pages\/531\/revisions"}],"predecessor-version":[{"id":536,"href":"https:\/\/sites.wp.odu.edu\/edmazzantispanish311\/wp-json\/wp\/v2\/pages\/531\/revisions\/536"}],"wp:attachment":[{"href":"https:\/\/sites.wp.odu.edu\/edmazzantispanish311\/wp-json\/wp\/v2\/media?parent=531"}],"curies":[{"name":"wp","href":"https:\/\/api.w.org\/{rel}","templated":true}]}}