{"id":540,"date":"2021-11-23T00:55:13","date_gmt":"2021-11-23T00:55:13","guid":{"rendered":"https:\/\/sites.wp.odu.edu\/edmazzantispanish311\/?page_id=540"},"modified":"2021-11-23T00:55:14","modified_gmt":"2021-11-23T00:55:14","slug":"el-editorial","status":"publish","type":"page","link":"https:\/\/sites.wp.odu.edu\/edmazzantispanish311\/el-editorial\/","title":{"rendered":"El Editorial"},"content":{"rendered":"\n<p><strong>\u00bfSe deber\u00eda repetir la exposici\u00f3n?<\/strong><\/p>\n\n\n\n<p>El COVID 19 ha reducido el turismo en Sevilla y todo de Espa\u00f1a.&nbsp; En los a\u00f1os 2018 y 2019, fueron 125 mill\u00f3n turistas internacionales cada a\u00f1o que han visitado Espa\u00f1a.&nbsp; En 2020, el numero era menos de 40 mill\u00f3n turistas internacionales.<sup>1<\/sup>&nbsp; &nbsp;Normalmente, turismo constituye 12,3% del PIB y 12,7% del empleo en Espa\u00f1a.<sup>2<\/sup> Tambi\u00e9n, por menos turismo, fueron mucho menos hispanohablantes que han visitado Espa\u00f1a desde Sur Am\u00e9rica, Centroam\u00e9rica, y los Estados Unidos.&nbsp; Turismo es importante para continuar relaciones personales entre Espa\u00f1a y hispanohablantes de todo el mundo y para mantener relaciones entre estas naciones.&nbsp; Ahora, con el \u00e9xito de las COVID vacunas, est\u00e1 una gran oportunidad para recrear mucho m\u00e1s turismo.&nbsp; \u00bfQue se puede hacer Sevilla?<\/p>\n\n\n\n<p>La Plaza de Espa\u00f1a puede volver a abrazar los antiguos territorios espa\u00f1oles<sup>3<\/sup> \u2013 hace cien a\u00f1os.&nbsp; Pero, est\u00e1n solo 8 a\u00f1os desde la centenaria de la Exposici\u00f3n Iberoamericana de 1929 -1930.&nbsp; La Plaza de Espa\u00f1a es un buen recuerdo de aquel evento distante, pero podr\u00eda ser mucho m\u00e1s.&nbsp; Como estuvo en 1929, la historia de Espa\u00f1a es muy rica y deber\u00eda ser celebrada.<\/p>\n\n\n\n<p>Sevilla siempre ofrece mucho a los turistas que vienen.&nbsp; Una nueva Exposici\u00f3n ayudar\u00e1 la econom\u00eda de Sevilla y Andaluc\u00eda.&nbsp; Sevilla deber\u00eda ofrece a los pa\u00edses hispanohablantes (y otros como los Filipinas y los Estados Unidos con conexiones o una poblaci\u00f3n significa hisp\u00e1nica) la oportunidad a provecer un pabell\u00f3n.&nbsp; Cada pabell\u00f3n puede mostrar la cultura diversa, los costumbres, la cocina, y la historia de los hisp\u00e1nicos del mundo.<\/p>\n\n\n\n<p>Una nueva exposici\u00f3n no puede ser en el centro.&nbsp; Se podr\u00eda crear un nuevo centro de exposici\u00f3n (y de turismo) afuera del centro con trasporte p\u00fablico y r\u00e1pido de los hoteles nel centro de la ciudad.&nbsp; Cada naci\u00f3n puede pagar para construir su proprio pabell\u00f3n.&nbsp; Pero, la Plaza de Espa\u00f1a podr\u00eda ser el centro honorifico.&nbsp;<\/p>\n\n\n\n<p>El tema central de la exposici\u00f3n ser\u00eda las contribuciones hisp\u00e1nicas de los \u00faltimos 100 a\u00f1os.&nbsp; Se puede usar la exposici\u00f3n para reafirmar los conexiones culturales y econ\u00f3micos entre Espa\u00f1a y los pa\u00edses hisp\u00e1nicos.&nbsp; Se puede usar la exposici\u00f3n para celebrar d\u00edas importante como la Dia de Fiesta Nacional que ya es pasado, y otros temas importantes.&nbsp; De hecho, el a\u00f1o de la exposici\u00f3n puede ser de 12 octubre 2029 fin a 12 octubre 2030.&nbsp;&nbsp;<\/p>\n\n\n\n<p>Podr\u00eda ser pabellones especiales, como un pabell\u00f3n de los ganadores del primo Nobel hisp\u00e1nico y un pabell\u00f3n de los mejores futbolistas hisp\u00e1nicos como los balones de oro, Maradona, Messi, Suarez y Ronaldo.&nbsp; Tambi\u00e9n podr\u00eda mostrar los partidos de f\u00fatbol hisp\u00e1nicos m\u00e1s importantes como los campeonatos mundiales de Espa\u00f1a, Argentina, y Brasil.&nbsp; \u00daltimo, pero muy emocionante y importante, se puede crear un torneo de f\u00fatbol especial por los pa\u00edses hisp\u00e1nicos como parte del a\u00f1o de la exposici\u00f3n.&nbsp; El torneo podr\u00eda empezar inmediatamente despu\u00e9s del torneo UEFA de la \u201cNations League\u201d y despu\u00e9s de que la exposici\u00f3n comienza.&nbsp; Otras ciudades de Espa\u00f1a podr\u00edan albergar partidos del torneo para compartir en el turismo de la exposici\u00f3n.&nbsp;<\/p>\n\n\n\n<p>Son muchas razones para recrear la Exposici\u00f3n Iberoamericana. &nbsp;Ser\u00eda un est\u00edmulo al turismo y la econom\u00eda de Sevilla y Espa\u00f1a.&nbsp; Se podr\u00eda recrear tantas relaciones personales y entre las naciones hispanohablantes.&nbsp; Sevilla puede restablecerse como un gran centro de turismo.&nbsp; De hecho, solo el anuncio que Sevilla repetir\u00e1 la exposici\u00f3n crear\u00eda m\u00e1s inter\u00e9s y visitos a Sevilla en anticipaci\u00f3n de la exposici\u00f3n.&nbsp; La centenaria de la Exposici\u00f3n Iberoamericana podr\u00eda ser una gran oportunidad para Sevilla y todo Espa\u00f1a.&nbsp;<\/p>\n\n\n\n<p><sup>1 <\/sup>https:\/\/www.statista.com\/statistics\/446278\/annual-foreign-visitors-to-spain\/<\/p>\n\n\n\n<p><sup>2 <\/sup>https:\/\/www.caixabankresearch.com\/en\/sector-analysis\/tourism\/loss-tourism-business-major-blow-spanish-economy<\/p>\n\n\n\n<p>&nbsp;<sup>3<\/sup>La frase \u00a8abrazar los antiguos territorios espa\u00f1oles\u201d es de https:\/\/www.google.com\/search?rlz=1C1OKWM_enUS770US770&amp;q=%C2%BFQue+simboliza+la+Plaza+de+Espa%C3%B1a+de+Sevilla%3F&amp;sa=X&amp;ved=2ahUKEwjgmYP-sMTzAhVNxoUKHYPdDy4Qzmd6BAgdEAU&amp;biw=1440&amp;bih=820&amp;dpr=1.5<\/p>\n","protected":false},"excerpt":{"rendered":"<p>\u00bfSe deber\u00eda repetir la exposici\u00f3n? El COVID 19 ha reducido el turismo en Sevilla y todo de Espa\u00f1a.&nbsp; En los a\u00f1os 2018 y 2019, fueron 125 mill\u00f3n turistas internacionales cada a\u00f1o que han visitado Espa\u00f1a.&nbsp; En 2020, el numero era menos de 40 mill\u00f3n turistas internacionales.1&nbsp; &nbsp;Normalmente, turismo constituye 12,3% del PIB y 12,7% del&#8230; <\/p>\n<div class=\"link-more\"><a href=\"https:\/\/sites.wp.odu.edu\/edmazzantispanish311\/el-editorial\/\">Read More<\/a><\/div>\n","protected":false},"author":20453,"featured_media":0,"parent":0,"menu_order":0,"comment_status":"closed","ping_status":"closed","template":"","meta":{"footnotes":""},"_links":{"self":[{"href":"https:\/\/sites.wp.odu.edu\/edmazzantispanish311\/wp-json\/wp\/v2\/pages\/540"}],"collection":[{"href":"https:\/\/sites.wp.odu.edu\/edmazzantispanish311\/wp-json\/wp\/v2\/pages"}],"about":[{"href":"https:\/\/sites.wp.odu.edu\/edmazzantispanish311\/wp-json\/wp\/v2\/types\/page"}],"author":[{"embeddable":true,"href":"https:\/\/sites.wp.odu.edu\/edmazzantispanish311\/wp-json\/wp\/v2\/users\/20453"}],"replies":[{"embeddable":true,"href":"https:\/\/sites.wp.odu.edu\/edmazzantispanish311\/wp-json\/wp\/v2\/comments?post=540"}],"version-history":[{"count":1,"href":"https:\/\/sites.wp.odu.edu\/edmazzantispanish311\/wp-json\/wp\/v2\/pages\/540\/revisions"}],"predecessor-version":[{"id":542,"href":"https:\/\/sites.wp.odu.edu\/edmazzantispanish311\/wp-json\/wp\/v2\/pages\/540\/revisions\/542"}],"wp:attachment":[{"href":"https:\/\/sites.wp.odu.edu\/edmazzantispanish311\/wp-json\/wp\/v2\/media?parent=540"}],"curies":[{"name":"wp","href":"https:\/\/api.w.org\/{rel}","templated":true}]}}