{"id":552,"date":"2021-11-24T01:26:28","date_gmt":"2021-11-24T01:26:28","guid":{"rendered":"https:\/\/sites.wp.odu.edu\/edmazzantispanish311\/?page_id=552"},"modified":"2021-11-24T01:26:29","modified_gmt":"2021-11-24T01:26:29","slug":"el-ensayo-de-refutacion","status":"publish","type":"page","link":"https:\/\/sites.wp.odu.edu\/edmazzantispanish311\/el-ensayo-de-refutacion\/","title":{"rendered":"El Ensayo de Refutaci\u00f3n"},"content":{"rendered":"\n<div class=\"wp-block-image\"><figure class=\"aligncenter size-large is-resized\"><a href=\"http:\/\/sites.wp.odu.edu\/edmazzantispanish311\/wp-content\/uploads\/sites\/24010\/2021\/11\/image.png\"><img loading=\"lazy\" decoding=\"async\" src=\"http:\/\/sites.wp.odu.edu\/edmazzantispanish311\/wp-content\/uploads\/sites\/24010\/2021\/11\/image.png\" alt=\"\" class=\"wp-image-546\" width=\"566\" height=\"331\" srcset=\"https:\/\/sites.wp.odu.edu\/edmazzantispanish311\/wp-content\/uploads\/sites\/24010\/2021\/11\/image.png 957w, https:\/\/sites.wp.odu.edu\/edmazzantispanish311\/wp-content\/uploads\/sites\/24010\/2021\/11\/image-300x175.png 300w, https:\/\/sites.wp.odu.edu\/edmazzantispanish311\/wp-content\/uploads\/sites\/24010\/2021\/11\/image-768x449.png 768w, https:\/\/sites.wp.odu.edu\/edmazzantispanish311\/wp-content\/uploads\/sites\/24010\/2021\/11\/image-514x300.png 514w\" sizes=\"(max-width: 566px) 100vw, 566px\" \/><\/a><\/figure><\/div>\n\n\n\n<p class=\"has-text-align-center\"><strong><span class=\"has-inline-color has-black-color\"><kbd>\u00a1No Cambia El Banco de Le\u00f3n!<\/kbd><\/span><\/strong><\/p>\n\n\n\n<p>En octubre 2021, un joven colg\u00f3 fotos en su perfil de Twitter de un acto vand\u00e1lico del banco de Leon en la Plaza de Espa\u00f1a de Sevilla.&nbsp;&nbsp; La escena del cer\u00e1mico representa la coronaci\u00f3n del Rey Alfonso VII en el a\u00f1o 1135.&nbsp; Debajo de la escena est\u00e1n las palabras, \u201cAlfonso VII de Castilla es Proclamado Emperador\u201d.&nbsp;&nbsp;&nbsp; La palabra \u201cCastilla\u201d est\u00e1 rollado con rayones.&nbsp; Su mensaje de Twitter dice que, &#8220;dar una lecci\u00f3n a los sevillanos.&#8221;<sup>1<\/sup>&nbsp; Seg\u00fan el joven, este vandalismo es justo porque los sevillanos han confundido Le\u00f3n con Castilla.&nbsp; Algunos seguidores de Twitter est\u00e1n de acuerdo con el joven y han contestado que Sevilla debe cambiar la escena del cer\u00e1mico del banco.&nbsp; El punto de contenci\u00f3n est\u00e1 la escena de la coronaci\u00f3n y que, seg\u00fan ellos, el Rey Alfonso no fue el Rey de Castilla pero fue el Rey de Le\u00f3n.<\/p>\n\n\n\n<p>Para empezar, \u00a1este vandalismo es una deshonra, una verg\u00fcenza!&nbsp; El vandalismo nunca est\u00e1 bien, pero este acto de vandalismo es un acto atroz, no solamente contra los ciudadanos de Sevilla, pero contra \u00a1todo el pa\u00eds! &nbsp;&nbsp;El joven no est\u00e1 solamente una desgracia, \u00a1el es est\u00fapido!&nbsp;&nbsp; La coronaci\u00f3n de Alfonso ocurri\u00f3 en Le\u00f3n y as\u00ed es apropiada para el banco de Le\u00f3n.&nbsp; Tambi\u00e9n, Alfonso fue el hijo de Urraca, que era Reina de Le\u00f3n y Castilla.&nbsp; Esta representaci\u00f3n tambi\u00e9n est\u00e1 apropiada para la Plaza de Espa\u00f1a, porque Alfonso es considerado el primero Rey de Espa\u00f1a.&nbsp;<\/p>\n\n\n\n<p>Otra razone: Alfonso VII &nbsp;se llamaba as\u00ed mismo como el \u201cRey de Castilla\u201d.&nbsp;&nbsp; Por lo tanto, la escena y las palabras debajo de la representaci\u00f3n son apropiadas.&nbsp; Si a el joven no le gusta esta representaci\u00f3n para el banco de Le\u00f3n, hay muchos otras maneras para oponerse a esta representaci\u00f3n en lugar de \u00a1este repugnante vandalismo!<\/p>\n\n\n\n<p><sup>1<\/sup>https:\/\/www.ileon.com\/cuceando\/123022\/polemica-por-los-danos-al-banco-de-leon-en-la-plaza-de-espana-de-sevilla-para-tachar-castilla<\/p>\n","protected":false},"excerpt":{"rendered":"<p>\u00a1No Cambia El Banco de Le\u00f3n! En octubre 2021, un joven colg\u00f3 fotos en su perfil de Twitter de un acto vand\u00e1lico del banco de Leon en la Plaza de Espa\u00f1a de Sevilla.&nbsp;&nbsp; La escena del cer\u00e1mico representa la coronaci\u00f3n del Rey Alfonso VII en el a\u00f1o 1135.&nbsp; Debajo de la escena est\u00e1n las palabras,&#8230; <\/p>\n<div class=\"link-more\"><a href=\"https:\/\/sites.wp.odu.edu\/edmazzantispanish311\/el-ensayo-de-refutacion\/\">Read More<\/a><\/div>\n","protected":false},"author":20453,"featured_media":0,"parent":0,"menu_order":0,"comment_status":"closed","ping_status":"closed","template":"","meta":{"footnotes":""},"_links":{"self":[{"href":"https:\/\/sites.wp.odu.edu\/edmazzantispanish311\/wp-json\/wp\/v2\/pages\/552"}],"collection":[{"href":"https:\/\/sites.wp.odu.edu\/edmazzantispanish311\/wp-json\/wp\/v2\/pages"}],"about":[{"href":"https:\/\/sites.wp.odu.edu\/edmazzantispanish311\/wp-json\/wp\/v2\/types\/page"}],"author":[{"embeddable":true,"href":"https:\/\/sites.wp.odu.edu\/edmazzantispanish311\/wp-json\/wp\/v2\/users\/20453"}],"replies":[{"embeddable":true,"href":"https:\/\/sites.wp.odu.edu\/edmazzantispanish311\/wp-json\/wp\/v2\/comments?post=552"}],"version-history":[{"count":1,"href":"https:\/\/sites.wp.odu.edu\/edmazzantispanish311\/wp-json\/wp\/v2\/pages\/552\/revisions"}],"predecessor-version":[{"id":554,"href":"https:\/\/sites.wp.odu.edu\/edmazzantispanish311\/wp-json\/wp\/v2\/pages\/552\/revisions\/554"}],"wp:attachment":[{"href":"https:\/\/sites.wp.odu.edu\/edmazzantispanish311\/wp-json\/wp\/v2\/media?parent=552"}],"curies":[{"name":"wp","href":"https:\/\/api.w.org\/{rel}","templated":true}]}}