{"id":562,"date":"2022-01-22T21:20:36","date_gmt":"2022-01-22T21:20:36","guid":{"rendered":"https:\/\/sites.wp.odu.edu\/edmazzantispanish311\/?page_id=562"},"modified":"2022-04-09T16:04:29","modified_gmt":"2022-04-09T16:04:29","slug":"span-322-artifacts","status":"publish","type":"page","link":"https:\/\/sites.wp.odu.edu\/edmazzantispanish311\/span-322-artifacts\/","title":{"rendered":"SPAN 322 Artifacts"},"content":{"rendered":"\n<figure class=\"wp-block-image size-large\"><a href=\"http:\/\/sites.wp.odu.edu\/edmazzantispanish311\/wp-content\/uploads\/sites\/24010\/2022\/01\/image.png\"><img loading=\"lazy\" decoding=\"async\" width=\"1024\" height=\"683\" src=\"http:\/\/sites.wp.odu.edu\/edmazzantispanish311\/wp-content\/uploads\/sites\/24010\/2022\/01\/image-1024x683.png\" alt=\"\" class=\"wp-image-565\" srcset=\"https:\/\/sites.wp.odu.edu\/edmazzantispanish311\/wp-content\/uploads\/sites\/24010\/2022\/01\/image-1024x683.png 1024w, https:\/\/sites.wp.odu.edu\/edmazzantispanish311\/wp-content\/uploads\/sites\/24010\/2022\/01\/image-300x200.png 300w, https:\/\/sites.wp.odu.edu\/edmazzantispanish311\/wp-content\/uploads\/sites\/24010\/2022\/01\/image-768x512.png 768w, https:\/\/sites.wp.odu.edu\/edmazzantispanish311\/wp-content\/uploads\/sites\/24010\/2022\/01\/image-1536x1024.png 1536w, https:\/\/sites.wp.odu.edu\/edmazzantispanish311\/wp-content\/uploads\/sites\/24010\/2022\/01\/image-2048x1365.png 2048w, https:\/\/sites.wp.odu.edu\/edmazzantispanish311\/wp-content\/uploads\/sites\/24010\/2022\/01\/image-960x640.png 960w, https:\/\/sites.wp.odu.edu\/edmazzantispanish311\/wp-content\/uploads\/sites\/24010\/2022\/01\/image-450x300.png 450w\" sizes=\"(max-width: 1024px) 100vw, 1024px\" \/><\/a><\/figure>\n\n\n\n<figure class=\"wp-block-image size-large\"><a href=\"https:\/\/sites.wp.odu.edu\/edmazzantispanish311\/wp-content\/uploads\/sites\/24010\/2022\/02\/image.png\"><img loading=\"lazy\" decoding=\"async\" width=\"1024\" height=\"683\" src=\"https:\/\/sites.wp.odu.edu\/edmazzantispanish311\/wp-content\/uploads\/sites\/24010\/2022\/02\/image-1024x683.png\" alt=\"\" class=\"wp-image-570\" srcset=\"https:\/\/sites.wp.odu.edu\/edmazzantispanish311\/wp-content\/uploads\/sites\/24010\/2022\/02\/image-1024x683.png 1024w, https:\/\/sites.wp.odu.edu\/edmazzantispanish311\/wp-content\/uploads\/sites\/24010\/2022\/02\/image-300x200.png 300w, https:\/\/sites.wp.odu.edu\/edmazzantispanish311\/wp-content\/uploads\/sites\/24010\/2022\/02\/image-768x512.png 768w, https:\/\/sites.wp.odu.edu\/edmazzantispanish311\/wp-content\/uploads\/sites\/24010\/2022\/02\/image-1536x1024.png 1536w, https:\/\/sites.wp.odu.edu\/edmazzantispanish311\/wp-content\/uploads\/sites\/24010\/2022\/02\/image-2048x1365.png 2048w, https:\/\/sites.wp.odu.edu\/edmazzantispanish311\/wp-content\/uploads\/sites\/24010\/2022\/02\/image-960x640.png 960w, https:\/\/sites.wp.odu.edu\/edmazzantispanish311\/wp-content\/uploads\/sites\/24010\/2022\/02\/image-450x300.png 450w\" sizes=\"(max-width: 1024px) 100vw, 1024px\" \/><\/a><\/figure>\n\n\n\n<figure class=\"wp-block-image size-large\"><a href=\"https:\/\/sites.wp.odu.edu\/edmazzantispanish311\/wp-content\/uploads\/sites\/24010\/2022\/02\/image-1.png\"><img loading=\"lazy\" decoding=\"async\" width=\"1024\" height=\"683\" src=\"https:\/\/sites.wp.odu.edu\/edmazzantispanish311\/wp-content\/uploads\/sites\/24010\/2022\/02\/image-1-1024x683.png\" alt=\"\" class=\"wp-image-572\" srcset=\"https:\/\/sites.wp.odu.edu\/edmazzantispanish311\/wp-content\/uploads\/sites\/24010\/2022\/02\/image-1-1024x683.png 1024w, https:\/\/sites.wp.odu.edu\/edmazzantispanish311\/wp-content\/uploads\/sites\/24010\/2022\/02\/image-1-300x200.png 300w, https:\/\/sites.wp.odu.edu\/edmazzantispanish311\/wp-content\/uploads\/sites\/24010\/2022\/02\/image-1-768x512.png 768w, https:\/\/sites.wp.odu.edu\/edmazzantispanish311\/wp-content\/uploads\/sites\/24010\/2022\/02\/image-1-1536x1024.png 1536w, https:\/\/sites.wp.odu.edu\/edmazzantispanish311\/wp-content\/uploads\/sites\/24010\/2022\/02\/image-1-2048x1365.png 2048w, https:\/\/sites.wp.odu.edu\/edmazzantispanish311\/wp-content\/uploads\/sites\/24010\/2022\/02\/image-1-960x640.png 960w, https:\/\/sites.wp.odu.edu\/edmazzantispanish311\/wp-content\/uploads\/sites\/24010\/2022\/02\/image-1-450x300.png 450w\" sizes=\"(max-width: 1024px) 100vw, 1024px\" \/><\/a><\/figure>\n\n\n\n<p>La relevanc\u00eda de mis artefactos:<\/p>\n\n\n\n<p>Artefacto 1:  La Batalla de Guadalete me relaciona al cap\u00edtulo sobre la historia de Espa\u00f1a. Me encanta mucho aprender la historia de los pa\u00edses. El verano pasado empec\u00e9 leer a la historia de Espa\u00f1a. Me interesa La Batalla de Guadalete porque esta batalla fue el inicio de la era de los Musulmanes en Espa\u00f1a. Es muy interesante que los \u00c1rabes (los mayor\u00edas eran B\u00e9rberos) han llegado caballos con ellos en barcos peque\u00f1os tras del estrecho entre la pen\u00ednsula ib\u00e9rica y \u00c1frica. &nbsp;Tambi\u00e9n es muy interesante que los visigodos ten\u00edan muchos divisiones y durante la batalla, dos l\u00edders de las fuerzas visigodas no vinieron con sus partes del ej\u00e9rcito para ayudar su \u00a8rey\u00a8.&nbsp;&nbsp;<\/p>\n\n\n\n<p>Artefacto 2:  Este artefacto relaciona al cap\u00edtulo sobre el paisaje de Espa\u00f1a.  Me importa porque he tenido la oportunidad visitar muchos de los lugares en mi artefacto excepto para la ruta de Don Qui\u00f3te.   La pr\u00f3xima vez que visitar en Espa\u00f1a, me interesa ver este recorrido.  <\/p>\n\n\n\n<p>Artefacto 3:  Este artefacto es de mi presentaci\u00f3n en clase.  Me interesa much la topograf\u00eda del pa\u00eds.   Es muy interesante porque hay muchos monta\u00f1as pero tambi\u00e9n hay una costa muy larga, selvas del rio Amazonas, desiertos, y noventa microclimas.   Seg\u00fan Wikipeida, Per\u00fa es uno de los pa\u00edses m\u00e1s diverso del mundo para su topograf\u00eda y microclimas.  <\/p>\n\n\n\n<figure class=\"wp-block-image size-large\"><a href=\"https:\/\/sites.wp.odu.edu\/edmazzantispanish311\/wp-content\/uploads\/sites\/24010\/2022\/02\/image-2.png\"><img loading=\"lazy\" decoding=\"async\" width=\"1024\" height=\"683\" src=\"https:\/\/sites.wp.odu.edu\/edmazzantispanish311\/wp-content\/uploads\/sites\/24010\/2022\/02\/image-2-1024x683.png\" alt=\"\" class=\"wp-image-579\" srcset=\"https:\/\/sites.wp.odu.edu\/edmazzantispanish311\/wp-content\/uploads\/sites\/24010\/2022\/02\/image-2-1024x683.png 1024w, https:\/\/sites.wp.odu.edu\/edmazzantispanish311\/wp-content\/uploads\/sites\/24010\/2022\/02\/image-2-300x200.png 300w, https:\/\/sites.wp.odu.edu\/edmazzantispanish311\/wp-content\/uploads\/sites\/24010\/2022\/02\/image-2-768x512.png 768w, https:\/\/sites.wp.odu.edu\/edmazzantispanish311\/wp-content\/uploads\/sites\/24010\/2022\/02\/image-2-1536x1024.png 1536w, https:\/\/sites.wp.odu.edu\/edmazzantispanish311\/wp-content\/uploads\/sites\/24010\/2022\/02\/image-2-2048x1365.png 2048w, https:\/\/sites.wp.odu.edu\/edmazzantispanish311\/wp-content\/uploads\/sites\/24010\/2022\/02\/image-2-960x640.png 960w, https:\/\/sites.wp.odu.edu\/edmazzantispanish311\/wp-content\/uploads\/sites\/24010\/2022\/02\/image-2-450x300.png 450w\" sizes=\"(max-width: 1024px) 100vw, 1024px\" \/><\/a><figcaption>Artefacto \u00b74:  Son muchas aportaciones a espa\u00f1ol:  las lenguas ind\u00edgenas como ibero; las lenguas de los pueblos que han invadido a la pen\u00edsula iberica como los grecos, los celtas, los \u00e1rabes, y especialmente los romos.  La mayor\u00eda de las palabras espanoles son del base rom\u00e1ntico pero m\u00e1s de 4000 palabras son basado de \u00e1rabe.  Tambi\u00e9n otras palabras vengan de los pueblos ind\u00edgenos de Am\u00e9rica.  Espa\u00f1ol es el cuarto lengua m\u00e1s hablado en el mundo.  <\/figcaption><\/figure>\n\n\n\n<figure class=\"wp-block-image size-large\"><a href=\"https:\/\/sites.wp.odu.edu\/edmazzantispanish311\/wp-content\/uploads\/sites\/24010\/2022\/04\/image.png\"><img loading=\"lazy\" decoding=\"async\" width=\"1024\" height=\"683\" src=\"https:\/\/sites.wp.odu.edu\/edmazzantispanish311\/wp-content\/uploads\/sites\/24010\/2022\/04\/image-1024x683.png\" alt=\"\" class=\"wp-image-583\" srcset=\"https:\/\/sites.wp.odu.edu\/edmazzantispanish311\/wp-content\/uploads\/sites\/24010\/2022\/04\/image-1024x683.png 1024w, https:\/\/sites.wp.odu.edu\/edmazzantispanish311\/wp-content\/uploads\/sites\/24010\/2022\/04\/image-300x200.png 300w, https:\/\/sites.wp.odu.edu\/edmazzantispanish311\/wp-content\/uploads\/sites\/24010\/2022\/04\/image-768x512.png 768w, https:\/\/sites.wp.odu.edu\/edmazzantispanish311\/wp-content\/uploads\/sites\/24010\/2022\/04\/image-1536x1024.png 1536w, https:\/\/sites.wp.odu.edu\/edmazzantispanish311\/wp-content\/uploads\/sites\/24010\/2022\/04\/image-2048x1365.png 2048w, https:\/\/sites.wp.odu.edu\/edmazzantispanish311\/wp-content\/uploads\/sites\/24010\/2022\/04\/image-960x640.png 960w, https:\/\/sites.wp.odu.edu\/edmazzantispanish311\/wp-content\/uploads\/sites\/24010\/2022\/04\/image-450x300.png 450w\" sizes=\"(max-width: 1024px) 100vw, 1024px\" \/><\/a><figcaption>Artefacto 5 &#8211;  Este artefacto relaciona al cap\u00edtulo sobre la econom\u00eda.   La producci\u00f3n de veh\u00edculos es el sector industrial m\u00e1s importante de Espa\u00f1a.  Este sector representa 10% del PIB espa\u00f1ol.  La mayor\u00eda de los veh\u00edculos se exportan desde Espa\u00f1a.  En el a\u00f1o 2019, m\u00e1s de 2,8 millones vehiculos fse produjen en Espa\u00f1a.  Hay muchas empresas internacionales que tienen fabricas en Espa\u00f1a, incluyendo Mercedes, Volkswagen, Ford, Renault y Nissan.  IVECO y SEAT son empresas espa\u00f1olas.  Las fabricas tienen muchas maquinas robot\u00edcas.  <\/figcaption><\/figure>\n\n\n\n<p>i<\/p>\n\n\n\n<figure class=\"wp-block-image size-large\"><a href=\"https:\/\/sites.wp.odu.edu\/edmazzantispanish311\/wp-content\/uploads\/sites\/24010\/2022\/04\/image-1.png\"><img loading=\"lazy\" decoding=\"async\" width=\"1024\" height=\"683\" src=\"https:\/\/sites.wp.odu.edu\/edmazzantispanish311\/wp-content\/uploads\/sites\/24010\/2022\/04\/image-1-1024x683.png\" alt=\"\" class=\"wp-image-588\" srcset=\"https:\/\/sites.wp.odu.edu\/edmazzantispanish311\/wp-content\/uploads\/sites\/24010\/2022\/04\/image-1-1024x683.png 1024w, https:\/\/sites.wp.odu.edu\/edmazzantispanish311\/wp-content\/uploads\/sites\/24010\/2022\/04\/image-1-300x200.png 300w, https:\/\/sites.wp.odu.edu\/edmazzantispanish311\/wp-content\/uploads\/sites\/24010\/2022\/04\/image-1-768x512.png 768w, https:\/\/sites.wp.odu.edu\/edmazzantispanish311\/wp-content\/uploads\/sites\/24010\/2022\/04\/image-1-1536x1024.png 1536w, https:\/\/sites.wp.odu.edu\/edmazzantispanish311\/wp-content\/uploads\/sites\/24010\/2022\/04\/image-1-2048x1365.png 2048w, https:\/\/sites.wp.odu.edu\/edmazzantispanish311\/wp-content\/uploads\/sites\/24010\/2022\/04\/image-1-960x640.png 960w, https:\/\/sites.wp.odu.edu\/edmazzantispanish311\/wp-content\/uploads\/sites\/24010\/2022\/04\/image-1-450x300.png 450w\" sizes=\"(max-width: 1024px) 100vw, 1024px\" \/><\/a><figcaption>Artefacto 6 &#8211; Inmigraci\u00f3n en Espa\u00f1a:   Este artefacto relaciona al art\u00edculo sobre Movimientos Migratorios.  Una vez, Espa\u00f1a era el pa\u00eds de donde muchas personas espa\u00f1olas inmigraron en Am\u00e9rica, especialmente en el siglo XIX.  Pero actualmente, Espa\u00f1a se convirtio c\u00f3mo receptor de muchos inmigrantes.   Casi siempre, el motivo es la econom\u00eda&#8230;.donde la gente puede mejorarse.  Un otro motivo es por la causa pol\u00edtica  para escapar de un gobierno authoritario o un dictatura o una guerra.  Es muy interesante que desde el a\u00f1o 1995 fin al a\u00f1o 2010, el porcentaje de inmigrantes respecto la poblaci\u00f3n de Espa\u00f1a se aument\u00f3 desde cerca 1% a cerca 12%.  Tambi\u00e9n, Espa\u00f1a, as\u00ed como los Estados Unidos, tiene un grande problema con inmigraci\u00f3n ilegal.  <\/figcaption><\/figure>\n\n\n\n<figure class=\"wp-block-image size-large\"><a href=\"https:\/\/sites.wp.odu.edu\/edmazzantispanish311\/wp-content\/uploads\/sites\/24010\/2022\/04\/image-2.png\"><img loading=\"lazy\" decoding=\"async\" width=\"1024\" height=\"683\" src=\"https:\/\/sites.wp.odu.edu\/edmazzantispanish311\/wp-content\/uploads\/sites\/24010\/2022\/04\/image-2-1024x683.png\" alt=\"\" class=\"wp-image-591\" srcset=\"https:\/\/sites.wp.odu.edu\/edmazzantispanish311\/wp-content\/uploads\/sites\/24010\/2022\/04\/image-2-1024x683.png 1024w, https:\/\/sites.wp.odu.edu\/edmazzantispanish311\/wp-content\/uploads\/sites\/24010\/2022\/04\/image-2-300x200.png 300w, https:\/\/sites.wp.odu.edu\/edmazzantispanish311\/wp-content\/uploads\/sites\/24010\/2022\/04\/image-2-768x512.png 768w, https:\/\/sites.wp.odu.edu\/edmazzantispanish311\/wp-content\/uploads\/sites\/24010\/2022\/04\/image-2-1536x1024.png 1536w, https:\/\/sites.wp.odu.edu\/edmazzantispanish311\/wp-content\/uploads\/sites\/24010\/2022\/04\/image-2-2048x1365.png 2048w, https:\/\/sites.wp.odu.edu\/edmazzantispanish311\/wp-content\/uploads\/sites\/24010\/2022\/04\/image-2-960x640.png 960w, https:\/\/sites.wp.odu.edu\/edmazzantispanish311\/wp-content\/uploads\/sites\/24010\/2022\/04\/image-2-450x300.png 450w\" sizes=\"(max-width: 1024px) 100vw, 1024px\" \/><\/a><\/figure>\n\n\n\n<p>Artefacto 7 &#8211; La Televisi\u00f3n.   Este artefacto relaciona al cap\u00edtulo sobre La Televisi\u00f3n, Internet y Cine.  En estes d\u00edas, hay muchas fuentes para mirar noticias, pel\u00edculas, y otros programas de televisi\u00f3n.&nbsp; Yo tomo las programas en espa\u00f1ol por Verizon FiOS.&nbsp; Hay 53 canales en espa\u00f1ol.&nbsp;&nbsp; Me gusta mirar las noticias de rtve.es de Espa\u00f1a y de Milenio y Foro de M\u00e9xico.&nbsp;&nbsp;  Ellos presentan una perspectiva alternativa de que se ve de las canales estadounidenses.&nbsp; Tambi\u00e9n me gusta mirar programas de las canales de History en Espa\u00f1ol, National Geographic mundo,&nbsp; y Discovery en Espa\u00f1ol.&nbsp; Hay muchos programas que tienen subt\u00edtulos en espa\u00f1ol que me ayudan mucho para entender.&nbsp; Muchas veces, yo miro los programas y busco las palabras que no s\u00e9 por WordReference.com. &nbsp;Otra fuente muy buena es Netflix.&nbsp;&nbsp; Hay muchas pel\u00edculas en espa\u00f1ol.&nbsp; Algunas de estas pel\u00edculas son de un pa\u00eds hispano.&nbsp; Me gusta que se puede elegir mirar y escuchar la pel\u00edcula o programa en medio tiempo o tres cuartos tiempo, y el sonido del di\u00e1logo no cambia.&nbsp; Algunas veces miro un programa con el sonido en espa\u00f1ol y los subt\u00edtulos en ingles o en espa\u00f1ol.&nbsp;&nbsp; Es muy interesante escuchar un programa que se s\u00e9 en ingl\u00e9s, pero escucharlo en espa\u00f1ol.&nbsp; Tambi\u00e9n es muy interesante mirar un partido de f\u00fatbol con un presentador hisp\u00e1nico.&nbsp; Ellos son muy m\u00e1s emocionados con sus comentarios.&nbsp; Y por supuesto, se puede encontrar mucho contenido por YouTube\u2026\u2026.es casi demasiado, pero en estes d\u00edas, somos muy afortunados tener todas de estas fuentes.&nbsp; &nbsp;&nbsp;<\/p>\n\n\n\n<figure class=\"wp-block-image size-large\"><a href=\"https:\/\/sites.wp.odu.edu\/edmazzantispanish311\/wp-content\/uploads\/sites\/24010\/2022\/04\/image-3.png\"><img loading=\"lazy\" decoding=\"async\" width=\"1024\" height=\"683\" src=\"https:\/\/sites.wp.odu.edu\/edmazzantispanish311\/wp-content\/uploads\/sites\/24010\/2022\/04\/image-3-1024x683.png\" alt=\"\" class=\"wp-image-596\" srcset=\"https:\/\/sites.wp.odu.edu\/edmazzantispanish311\/wp-content\/uploads\/sites\/24010\/2022\/04\/image-3-1024x683.png 1024w, https:\/\/sites.wp.odu.edu\/edmazzantispanish311\/wp-content\/uploads\/sites\/24010\/2022\/04\/image-3-300x200.png 300w, https:\/\/sites.wp.odu.edu\/edmazzantispanish311\/wp-content\/uploads\/sites\/24010\/2022\/04\/image-3-768x512.png 768w, https:\/\/sites.wp.odu.edu\/edmazzantispanish311\/wp-content\/uploads\/sites\/24010\/2022\/04\/image-3-1536x1024.png 1536w, https:\/\/sites.wp.odu.edu\/edmazzantispanish311\/wp-content\/uploads\/sites\/24010\/2022\/04\/image-3-2048x1365.png 2048w, https:\/\/sites.wp.odu.edu\/edmazzantispanish311\/wp-content\/uploads\/sites\/24010\/2022\/04\/image-3-960x640.png 960w, https:\/\/sites.wp.odu.edu\/edmazzantispanish311\/wp-content\/uploads\/sites\/24010\/2022\/04\/image-3-450x300.png 450w\" sizes=\"(max-width: 1024px) 100vw, 1024px\" \/><\/a><\/figure>\n\n\n\n<p> Artefacto 8 &#8211; El Campo y Los Jugadores de F\u00fatbol.   Este artefacto relaciona al cap\u00edtulo sobre los Deportes.  Este diagrama muestra las partes del campo de f\u00fatbol con las letras negras.  Muestra las posiciones de los jugadores del equipo azul con las letras azules.  F\u00fatbol se llama \u00b4el deporte bonito\u00b4 y es cierto.  Todas las personas pueden jugar&#8230;.los jovenes y los ancianos, los ni\u00f1os y los hombres, y las ni\u00f1as y las mujeres, los ricos y los pobres.  No cuesta mucho para el equipamiento.  No es una sorpresa que el f\u00fatbol es el deporte \u00a1m\u00e1s popular del mundo!<\/p>\n\n\n\n<figure class=\"wp-block-image size-large\"><a href=\"https:\/\/sites.wp.odu.edu\/edmazzantispanish311\/wp-content\/uploads\/sites\/24010\/2022\/04\/image-5.png\"><img loading=\"lazy\" decoding=\"async\" width=\"1024\" height=\"683\" src=\"https:\/\/sites.wp.odu.edu\/edmazzantispanish311\/wp-content\/uploads\/sites\/24010\/2022\/04\/image-5-1024x683.png\" alt=\"\" class=\"wp-image-601\" srcset=\"https:\/\/sites.wp.odu.edu\/edmazzantispanish311\/wp-content\/uploads\/sites\/24010\/2022\/04\/image-5-1024x683.png 1024w, https:\/\/sites.wp.odu.edu\/edmazzantispanish311\/wp-content\/uploads\/sites\/24010\/2022\/04\/image-5-300x200.png 300w, https:\/\/sites.wp.odu.edu\/edmazzantispanish311\/wp-content\/uploads\/sites\/24010\/2022\/04\/image-5-768x512.png 768w, https:\/\/sites.wp.odu.edu\/edmazzantispanish311\/wp-content\/uploads\/sites\/24010\/2022\/04\/image-5-1536x1024.png 1536w, https:\/\/sites.wp.odu.edu\/edmazzantispanish311\/wp-content\/uploads\/sites\/24010\/2022\/04\/image-5-2048x1365.png 2048w, https:\/\/sites.wp.odu.edu\/edmazzantispanish311\/wp-content\/uploads\/sites\/24010\/2022\/04\/image-5-960x640.png 960w, https:\/\/sites.wp.odu.edu\/edmazzantispanish311\/wp-content\/uploads\/sites\/24010\/2022\/04\/image-5-450x300.png 450w\" sizes=\"(max-width: 1024px) 100vw, 1024px\" \/><\/a><figcaption>Artefacto 9 &#8211; La Fiesta de La Hispanidad.  Fui muy afortunado para estar en Barcelona el doce de Octobre 2021.  No  supe qu\u00e9 era el d\u00eda de Fiesta Nacional pero mi esposa y yo vemos la grande desfile qu\u00e9 en Barcelona era La Fiesta de La Hispanidad.   He grabado mucho video de las festivas, pero lo de Cris Amaca por YouTube es mucho mejor de mio.  Mira este video por URL por https:\/\/www.youtube.com\/watch?v=i7TpoW3bzKg .  \u00a1Disfrutala!<\/figcaption><\/figure>\n\n\n\n<figure class=\"wp-block-image size-large\"><a href=\"https:\/\/sites.wp.odu.edu\/edmazzantispanish311\/wp-content\/uploads\/sites\/24010\/2022\/04\/image-6.png\"><img loading=\"lazy\" decoding=\"async\" width=\"1024\" height=\"683\" src=\"https:\/\/sites.wp.odu.edu\/edmazzantispanish311\/wp-content\/uploads\/sites\/24010\/2022\/04\/image-6-1024x683.png\" alt=\"\" class=\"wp-image-607\" srcset=\"https:\/\/sites.wp.odu.edu\/edmazzantispanish311\/wp-content\/uploads\/sites\/24010\/2022\/04\/image-6-1024x683.png 1024w, https:\/\/sites.wp.odu.edu\/edmazzantispanish311\/wp-content\/uploads\/sites\/24010\/2022\/04\/image-6-300x200.png 300w, https:\/\/sites.wp.odu.edu\/edmazzantispanish311\/wp-content\/uploads\/sites\/24010\/2022\/04\/image-6-768x512.png 768w, https:\/\/sites.wp.odu.edu\/edmazzantispanish311\/wp-content\/uploads\/sites\/24010\/2022\/04\/image-6-1536x1024.png 1536w, https:\/\/sites.wp.odu.edu\/edmazzantispanish311\/wp-content\/uploads\/sites\/24010\/2022\/04\/image-6-2048x1365.png 2048w, https:\/\/sites.wp.odu.edu\/edmazzantispanish311\/wp-content\/uploads\/sites\/24010\/2022\/04\/image-6-960x640.png 960w, https:\/\/sites.wp.odu.edu\/edmazzantispanish311\/wp-content\/uploads\/sites\/24010\/2022\/04\/image-6-450x300.png 450w\" sizes=\"(max-width: 1024px) 100vw, 1024px\" \/><\/a><figcaption>Artefacto 10 &#8211; Retratos de Goya.   Este artefacto relaciona al cap\u00edtulo sobre las artes y los retratos.  Estes dos retratos de Goya son de los eventos de el segundo y el tercero de Mayo en el a\u00f1o 1808.  Representan la victoria de los madrigados  sobre las fuerzas turcas de Napoleon I, el segundo de Mayo 1808 y la ejecuci\u00f3n de los rebeldes espa\u00f1oles por los soldados franceses en la Puerta de Sol de Madrid.  Ambos retratos se encuentren en el museo de Prado de Madrid.  Cada segundo de mayo, los madrigados celebran su revoluci\u00f3n contra las franc\u00e9s con desfilas militares en Madrid.  <\/figcaption><\/figure>\n\n\n\n<p><\/p>\n","protected":false},"excerpt":{"rendered":"<p>La relevanc\u00eda de mis artefactos: Artefacto 1: La Batalla de Guadalete me relaciona al cap\u00edtulo sobre la historia de Espa\u00f1a. Me encanta mucho aprender la historia de los pa\u00edses. El verano pasado empec\u00e9 leer a la historia de Espa\u00f1a. Me interesa La Batalla de Guadalete porque esta batalla fue el inicio de la era de&#8230; <\/p>\n<div class=\"link-more\"><a href=\"https:\/\/sites.wp.odu.edu\/edmazzantispanish311\/span-322-artifacts\/\">Read More<\/a><\/div>\n","protected":false},"author":20453,"featured_media":0,"parent":0,"menu_order":0,"comment_status":"closed","ping_status":"closed","template":"","meta":{"footnotes":""},"_links":{"self":[{"href":"https:\/\/sites.wp.odu.edu\/edmazzantispanish311\/wp-json\/wp\/v2\/pages\/562"}],"collection":[{"href":"https:\/\/sites.wp.odu.edu\/edmazzantispanish311\/wp-json\/wp\/v2\/pages"}],"about":[{"href":"https:\/\/sites.wp.odu.edu\/edmazzantispanish311\/wp-json\/wp\/v2\/types\/page"}],"author":[{"embeddable":true,"href":"https:\/\/sites.wp.odu.edu\/edmazzantispanish311\/wp-json\/wp\/v2\/users\/20453"}],"replies":[{"embeddable":true,"href":"https:\/\/sites.wp.odu.edu\/edmazzantispanish311\/wp-json\/wp\/v2\/comments?post=562"}],"version-history":[{"count":5,"href":"https:\/\/sites.wp.odu.edu\/edmazzantispanish311\/wp-json\/wp\/v2\/pages\/562\/revisions"}],"predecessor-version":[{"id":610,"href":"https:\/\/sites.wp.odu.edu\/edmazzantispanish311\/wp-json\/wp\/v2\/pages\/562\/revisions\/610"}],"wp:attachment":[{"href":"https:\/\/sites.wp.odu.edu\/edmazzantispanish311\/wp-json\/wp\/v2\/media?parent=562"}],"curies":[{"name":"wp","href":"https:\/\/api.w.org\/{rel}","templated":true}]}}