{"id":91,"date":"2021-03-23T16:45:05","date_gmt":"2021-03-23T16:45:05","guid":{"rendered":"https:\/\/sites.wp.odu.edu\/basicspanishdraft\/?page_id=91"},"modified":"2021-04-26T21:04:07","modified_gmt":"2021-04-26T21:04:07","slug":"resume","status":"publish","type":"page","link":"https:\/\/sites.wp.odu.edu\/edmazzantispanish311\/resume\/","title":{"rendered":"Resume"},"content":{"rendered":"\n<p>Servi 23 a\u00f1os nel ej\u00e9rcito como uficiale de artiler\u00eda de la defensa a\u00e9rea.  Viv\u00eda en Alemania, Italia, y tantos estados en los E.E.U.U. durante mi carera.  Serv\u00ed con unitas de los misiles \u00a8Patriot.\u00a8   Assist\u00ed a la escuela de las lenguas extranjeras d\u00f3nde estudiaba italiano antes del mi servicio en Italia por tres a\u00f1os.  <\/p>\n\n\n\n<p>Tambien serv\u00ed como funcionario civile para el ej\u00e9rcito por 23 a\u00f1os.  As\u00ed escrib\u00ed el concepto inicial para una nuevo tipo de brigada, el Stryker Brigade.  Manej\u00e9 el proyecto que informi\u00f3 la decisi\u00f3n del ej\u00e9rcito para comprar los camenones que protegan nuestros soldados contra las explosiones improvisadas.  Fui el subdirector de la organizacion qu\u00e9 desarrolla requisitos de nuevas capacidades para el ej\u00e9rcito.  <\/p>\n\n\n\n<p>Fui entrenador de f\u00fatbol para jovenes en Virgina Beach por cas\u00ed veinti a\u00f1os.   Fui entrendor del equippo de las muchachas de Catholic High School en Virginia Beach por catorce a\u00f1os.   Tambien fui entrenador para la programa de desarrollo ol\u00edmpia por dos a\u00f1os para los muchachos que tienen 14 a\u00f1os. <\/p>\n\n\n\n<p>Soy Capitan de equipo de f\u00fatbol  en la liga se llama Over Thirty Soccer League en Virginia Beach.  <\/p>\n","protected":false},"excerpt":{"rendered":"<p>Servi 23 a\u00f1os nel ej\u00e9rcito como uficiale de artiler\u00eda de la defensa a\u00e9rea. Viv\u00eda en Alemania, Italia, y tantos estados en los E.E.U.U. durante mi carera. Serv\u00ed con unitas de los misiles \u00a8Patriot.\u00a8 Assist\u00ed a la escuela de las lenguas extranjeras d\u00f3nde estudiaba italiano antes del mi servicio en Italia por tres a\u00f1os. Tambien serv\u00ed&#8230; <\/p>\n<div class=\"link-more\"><a href=\"https:\/\/sites.wp.odu.edu\/edmazzantispanish311\/resume\/\">Read More<\/a><\/div>\n","protected":false},"author":20453,"featured_media":0,"parent":0,"menu_order":0,"comment_status":"closed","ping_status":"closed","template":"","meta":{"footnotes":""},"_links":{"self":[{"href":"https:\/\/sites.wp.odu.edu\/edmazzantispanish311\/wp-json\/wp\/v2\/pages\/91"}],"collection":[{"href":"https:\/\/sites.wp.odu.edu\/edmazzantispanish311\/wp-json\/wp\/v2\/pages"}],"about":[{"href":"https:\/\/sites.wp.odu.edu\/edmazzantispanish311\/wp-json\/wp\/v2\/types\/page"}],"author":[{"embeddable":true,"href":"https:\/\/sites.wp.odu.edu\/edmazzantispanish311\/wp-json\/wp\/v2\/users\/20453"}],"replies":[{"embeddable":true,"href":"https:\/\/sites.wp.odu.edu\/edmazzantispanish311\/wp-json\/wp\/v2\/comments?post=91"}],"version-history":[{"count":4,"href":"https:\/\/sites.wp.odu.edu\/edmazzantispanish311\/wp-json\/wp\/v2\/pages\/91\/revisions"}],"predecessor-version":[{"id":522,"href":"https:\/\/sites.wp.odu.edu\/edmazzantispanish311\/wp-json\/wp\/v2\/pages\/91\/revisions\/522"}],"wp:attachment":[{"href":"https:\/\/sites.wp.odu.edu\/edmazzantispanish311\/wp-json\/wp\/v2\/media?parent=91"}],"curies":[{"name":"wp","href":"https:\/\/api.w.org\/{rel}","templated":true}]}}