{"id":474,"date":"2025-01-29T17:14:50","date_gmt":"2025-01-29T17:14:50","guid":{"rendered":"https:\/\/wp.odu.edu\/spring2017-fr102-template\/?page_id=474"},"modified":"2025-04-26T21:59:30","modified_gmt":"2025-04-26T21:59:30","slug":"bio","status":"publish","type":"page","link":"https:\/\/sites.wp.odu.edu\/elizabeth-french102\/bio\/","title":{"rendered":"Bio"},"content":{"rendered":"<p>Bonjour! Je m&#8217;appelle Elizabeth, et j&#8217;ai 20 ans. Je suis Am\u00e9ricaine mais ma famille est Irelandaise, Anglais, et Italienne. J&#8217;\u00e9tudie l&#8217;Anglais \u00e0 l&#8217;universit\u00e9. Je suis une fille uinque. Je travaille en \u00e9t\u00e9 \u00e0 l&#8217;amphith\u00e9\u00e2tre \u00e0 Virginia Beach. Je suis ambiverti et j&#8217;aime rester \u00e0 la maison ou jouer \u00e0 des jeux vid\u00e9o avec mes amis. Je suis tres int\u00e9ress\u00e9 par Formule 1.<\/p>\n<p>\u00a0<\/p>\n<p>\u00a0<\/p>\n<p><img loading=\"lazy\" decoding=\"async\" class=\"alignnone  wp-image-658\" src=\"http:\/\/sites.wp.odu.edu\/elizabeth-french102\/wp-content\/uploads\/sites\/38317\/2025\/04\/mybaby-170x300.jpeg\" alt=\"\" width=\"329\" height=\"580\" srcset=\"https:\/\/sites.wp.odu.edu\/elizabeth-french102\/wp-content\/uploads\/sites\/38317\/2025\/04\/mybaby-170x300.jpeg 170w, https:\/\/sites.wp.odu.edu\/elizabeth-french102\/wp-content\/uploads\/sites\/38317\/2025\/04\/mybaby-581x1024.jpeg 581w, https:\/\/sites.wp.odu.edu\/elizabeth-french102\/wp-content\/uploads\/sites\/38317\/2025\/04\/mybaby-768x1353.jpeg 768w, https:\/\/sites.wp.odu.edu\/elizabeth-french102\/wp-content\/uploads\/sites\/38317\/2025\/04\/mybaby-872x1536.jpeg 872w, https:\/\/sites.wp.odu.edu\/elizabeth-french102\/wp-content\/uploads\/sites\/38317\/2025\/04\/mybaby-1163x2048.jpeg 1163w, https:\/\/sites.wp.odu.edu\/elizabeth-french102\/wp-content\/uploads\/sites\/38317\/2025\/04\/mybaby-600x1057.jpeg 600w, https:\/\/sites.wp.odu.edu\/elizabeth-french102\/wp-content\/uploads\/sites\/38317\/2025\/04\/mybaby-945x1665.jpeg 945w, https:\/\/sites.wp.odu.edu\/elizabeth-french102\/wp-content\/uploads\/sites\/38317\/2025\/04\/mybaby.jpeg 1170w\" sizes=\"(max-width: 329px) 100vw, 329px\" \/>\u00a0<\/p>\n<p>C&#8217;est mon chien, Renny! Elle a 10 ans.\u00a0<\/p>\n<p>\u00a0<\/p>\n\n\n<figure class=\"wp-block-image size-large is-resized\"><img loading=\"lazy\" decoding=\"async\" width=\"576\" height=\"1024\" src=\"https:\/\/sites.wp.odu.edu\/elizabeth-french102\/wp-content\/uploads\/sites\/38317\/2025\/04\/mybabybaby-576x1024.jpeg\" alt=\"\" class=\"wp-image-660\" style=\"width:340px;height:auto\" srcset=\"https:\/\/sites.wp.odu.edu\/elizabeth-french102\/wp-content\/uploads\/sites\/38317\/2025\/04\/mybabybaby-576x1024.jpeg 576w, https:\/\/sites.wp.odu.edu\/elizabeth-french102\/wp-content\/uploads\/sites\/38317\/2025\/04\/mybabybaby-169x300.jpeg 169w, https:\/\/sites.wp.odu.edu\/elizabeth-french102\/wp-content\/uploads\/sites\/38317\/2025\/04\/mybabybaby-768x1365.jpeg 768w, https:\/\/sites.wp.odu.edu\/elizabeth-french102\/wp-content\/uploads\/sites\/38317\/2025\/04\/mybabybaby-864x1536.jpeg 864w, https:\/\/sites.wp.odu.edu\/elizabeth-french102\/wp-content\/uploads\/sites\/38317\/2025\/04\/mybabybaby-1152x2048.jpeg 1152w, https:\/\/sites.wp.odu.edu\/elizabeth-french102\/wp-content\/uploads\/sites\/38317\/2025\/04\/mybabybaby-600x1067.jpeg 600w, https:\/\/sites.wp.odu.edu\/elizabeth-french102\/wp-content\/uploads\/sites\/38317\/2025\/04\/mybabybaby-945x1680.jpeg 945w, https:\/\/sites.wp.odu.edu\/elizabeth-french102\/wp-content\/uploads\/sites\/38317\/2025\/04\/mybabybaby.jpeg 1170w\" sizes=\"(max-width: 576px) 100vw, 576px\" \/><\/figure>\n\n\n\n<p>C&#8217;est mon chat, Sheldon. Il a 13 ans.<\/p>\n\n\n\n<figure class=\"wp-block-image size-large is-resized\"><img loading=\"lazy\" decoding=\"async\" width=\"576\" height=\"1024\" src=\"https:\/\/sites.wp.odu.edu\/elizabeth-french102\/wp-content\/uploads\/sites\/38317\/2025\/04\/me12-576x1024.jpeg\" alt=\"\" class=\"wp-image-661\" style=\"width:341px;height:auto\" srcset=\"https:\/\/sites.wp.odu.edu\/elizabeth-french102\/wp-content\/uploads\/sites\/38317\/2025\/04\/me12-576x1024.jpeg 576w, https:\/\/sites.wp.odu.edu\/elizabeth-french102\/wp-content\/uploads\/sites\/38317\/2025\/04\/me12-169x300.jpeg 169w, https:\/\/sites.wp.odu.edu\/elizabeth-french102\/wp-content\/uploads\/sites\/38317\/2025\/04\/me12-768x1365.jpeg 768w, https:\/\/sites.wp.odu.edu\/elizabeth-french102\/wp-content\/uploads\/sites\/38317\/2025\/04\/me12-864x1536.jpeg 864w, https:\/\/sites.wp.odu.edu\/elizabeth-french102\/wp-content\/uploads\/sites\/38317\/2025\/04\/me12-1152x2048.jpeg 1152w, https:\/\/sites.wp.odu.edu\/elizabeth-french102\/wp-content\/uploads\/sites\/38317\/2025\/04\/me12-600x1067.jpeg 600w, https:\/\/sites.wp.odu.edu\/elizabeth-french102\/wp-content\/uploads\/sites\/38317\/2025\/04\/me12-945x1680.jpeg 945w, https:\/\/sites.wp.odu.edu\/elizabeth-french102\/wp-content\/uploads\/sites\/38317\/2025\/04\/me12.jpeg 1170w\" sizes=\"(max-width: 576px) 100vw, 576px\" \/><\/figure>\n\n\n\n<p>Et c&#8217;est moi!<\/p>\n","protected":false},"excerpt":{"rendered":"<p>Bonjour! Je m&#8217;appelle Elizabeth, et j&#8217;ai 20 ans. Je suis Am\u00e9ricaine mais ma famille est Irelandaise, Anglais, et Italienne. J&#8217;\u00e9tudie l&#8217;Anglais \u00e0 l&#8217;universit\u00e9. Je suis une fille uinque. Je travaille en \u00e9t\u00e9 \u00e0 l&#8217;amphith\u00e9\u00e2tre \u00e0 Virginia Beach. Je suis ambiverti&#8230; <a class=\"more-link\" href=\"https:\/\/sites.wp.odu.edu\/elizabeth-french102\/bio\/\">Continue Reading &rarr;<\/a><\/p>\n","protected":false},"author":30459,"featured_media":0,"parent":0,"menu_order":0,"comment_status":"closed","ping_status":"closed","template":"","meta":{"footnotes":""},"_links":{"self":[{"href":"https:\/\/sites.wp.odu.edu\/elizabeth-french102\/wp-json\/wp\/v2\/pages\/474"}],"collection":[{"href":"https:\/\/sites.wp.odu.edu\/elizabeth-french102\/wp-json\/wp\/v2\/pages"}],"about":[{"href":"https:\/\/sites.wp.odu.edu\/elizabeth-french102\/wp-json\/wp\/v2\/types\/page"}],"author":[{"embeddable":true,"href":"https:\/\/sites.wp.odu.edu\/elizabeth-french102\/wp-json\/wp\/v2\/users\/30459"}],"replies":[{"embeddable":true,"href":"https:\/\/sites.wp.odu.edu\/elizabeth-french102\/wp-json\/wp\/v2\/comments?post=474"}],"version-history":[{"count":5,"href":"https:\/\/sites.wp.odu.edu\/elizabeth-french102\/wp-json\/wp\/v2\/pages\/474\/revisions"}],"predecessor-version":[{"id":662,"href":"https:\/\/sites.wp.odu.edu\/elizabeth-french102\/wp-json\/wp\/v2\/pages\/474\/revisions\/662"}],"wp:attachment":[{"href":"https:\/\/sites.wp.odu.edu\/elizabeth-french102\/wp-json\/wp\/v2\/media?parent=474"}],"curies":[{"name":"wp","href":"https:\/\/api.w.org\/{rel}","templated":true}]}}