{"id":476,"date":"2025-01-29T17:14:50","date_gmt":"2025-01-29T17:14:50","guid":{"rendered":"https:\/\/wp.odu.edu\/spring2017-fr102-template\/?page_id=476"},"modified":"2025-04-23T16:12:44","modified_gmt":"2025-04-23T16:12:44","slug":"contact","status":"publish","type":"page","link":"https:\/\/sites.wp.odu.edu\/elizabeth-french102\/contact\/","title":{"rendered":"Contact"},"content":{"rendered":"\n<p>Num\u00e9ro de t\u00e9l\u00e9phone: (757)-831-1019<\/p>\n\n\n\n<p>E-mail: mfox013@odu.edu <\/p>\n","protected":false},"excerpt":{"rendered":"<p>Num\u00e9ro de t\u00e9l\u00e9phone: (757)-831-1019 E-mail: mfox013@odu.edu<\/p>\n","protected":false},"author":30459,"featured_media":0,"parent":0,"menu_order":0,"comment_status":"closed","ping_status":"closed","template":"","meta":{"footnotes":""},"_links":{"self":[{"href":"https:\/\/sites.wp.odu.edu\/elizabeth-french102\/wp-json\/wp\/v2\/pages\/476"}],"collection":[{"href":"https:\/\/sites.wp.odu.edu\/elizabeth-french102\/wp-json\/wp\/v2\/pages"}],"about":[{"href":"https:\/\/sites.wp.odu.edu\/elizabeth-french102\/wp-json\/wp\/v2\/types\/page"}],"author":[{"embeddable":true,"href":"https:\/\/sites.wp.odu.edu\/elizabeth-french102\/wp-json\/wp\/v2\/users\/30459"}],"replies":[{"embeddable":true,"href":"https:\/\/sites.wp.odu.edu\/elizabeth-french102\/wp-json\/wp\/v2\/comments?post=476"}],"version-history":[{"count":5,"href":"https:\/\/sites.wp.odu.edu\/elizabeth-french102\/wp-json\/wp\/v2\/pages\/476\/revisions"}],"predecessor-version":[{"id":626,"href":"https:\/\/sites.wp.odu.edu\/elizabeth-french102\/wp-json\/wp\/v2\/pages\/476\/revisions\/626"}],"wp:attachment":[{"href":"https:\/\/sites.wp.odu.edu\/elizabeth-french102\/wp-json\/wp\/v2\/media?parent=476"}],"curies":[{"name":"wp","href":"https:\/\/api.w.org\/{rel}","templated":true}]}}