{"id":486,"date":"2025-01-29T17:14:50","date_gmt":"2025-01-29T17:14:50","guid":{"rendered":"https:\/\/wp.odu.edu\/spring2017-fr102-template\/?page_id=486"},"modified":"2025-04-27T21:55:35","modified_gmt":"2025-04-27T21:55:35","slug":"profil","status":"publish","type":"page","link":"https:\/\/sites.wp.odu.edu\/elizabeth-french102\/profil\/","title":{"rendered":"Profil"},"content":{"rendered":"\n<p>Moi nom de famille es Fox, moi pr\u00e9nom es Elizabeth. Moi courriel: mfox013@odu.edu . Je suis n\u00e9 \u00e0 Portsmouth en Virginie aux \u00c9tats-Unis. J&#8217;ai 20 ans et je suis une \u00e9tudiante d&#8217;Anglais. Moi activit\u00e9s pr\u00e9f\u00e9r\u00e9es sont dormir, chanter, marcher, visiter le mus\u00e9e, jouer des jeux vid\u00e9o, et cuisiner.<\/p>\n\n\n\n<p><\/p>\n\n\n\n<p>Il faut \u00e9tudier langue parce que c&#8217;est bon pour votre intellect.<\/p>\n\n\n\n<p>Je suis \u00e9tudie le fran\u00e7ais parce que c&#8217;est faut pour moi diplome. <\/p>\n","protected":false},"excerpt":{"rendered":"<p>Moi nom de famille es Fox, moi pr\u00e9nom es Elizabeth. Moi courriel: mfox013@odu.edu . Je suis n\u00e9 \u00e0 Portsmouth en Virginie aux \u00c9tats-Unis. J&#8217;ai 20 ans et je suis une \u00e9tudiante d&#8217;Anglais. Moi activit\u00e9s pr\u00e9f\u00e9r\u00e9es sont dormir, chanter, marcher, visiter&#8230; <a class=\"more-link\" href=\"https:\/\/sites.wp.odu.edu\/elizabeth-french102\/profil\/\">Continue Reading &rarr;<\/a><\/p>\n","protected":false},"author":30459,"featured_media":0,"parent":0,"menu_order":0,"comment_status":"closed","ping_status":"closed","template":"","meta":{"footnotes":""},"_links":{"self":[{"href":"https:\/\/sites.wp.odu.edu\/elizabeth-french102\/wp-json\/wp\/v2\/pages\/486"}],"collection":[{"href":"https:\/\/sites.wp.odu.edu\/elizabeth-french102\/wp-json\/wp\/v2\/pages"}],"about":[{"href":"https:\/\/sites.wp.odu.edu\/elizabeth-french102\/wp-json\/wp\/v2\/types\/page"}],"author":[{"embeddable":true,"href":"https:\/\/sites.wp.odu.edu\/elizabeth-french102\/wp-json\/wp\/v2\/users\/30459"}],"replies":[{"embeddable":true,"href":"https:\/\/sites.wp.odu.edu\/elizabeth-french102\/wp-json\/wp\/v2\/comments?post=486"}],"version-history":[{"count":5,"href":"https:\/\/sites.wp.odu.edu\/elizabeth-french102\/wp-json\/wp\/v2\/pages\/486\/revisions"}],"predecessor-version":[{"id":677,"href":"https:\/\/sites.wp.odu.edu\/elizabeth-french102\/wp-json\/wp\/v2\/pages\/486\/revisions\/677"}],"wp:attachment":[{"href":"https:\/\/sites.wp.odu.edu\/elizabeth-french102\/wp-json\/wp\/v2\/media?parent=486"}],"curies":[{"name":"wp","href":"https:\/\/api.w.org\/{rel}","templated":true}]}}