{"id":234,"date":"2018-11-13T15:33:46","date_gmt":"2018-11-13T15:33:46","guid":{"rendered":"https:\/\/sites.wp.odu.edu\/french101-102\/?page_id=234"},"modified":"2018-12-04T03:14:15","modified_gmt":"2018-12-04T03:14:15","slug":"profil","status":"publish","type":"page","link":"https:\/\/sites.wp.odu.edu\/eportfolio-astann\/profil\/","title":{"rendered":"Profile"},"content":{"rendered":"<ol>\n<li><span style=\"font-weight: 400\">Apellido: Stanley<\/span><\/li>\n<li><span style=\"font-weight: 400\">Nombre: Abby<\/span><\/li>\n<li><span style=\"font-weight: 400\">Correo electr\u00f3nico: astan011@odu.edu<\/span><\/li>\n<li><span style=\"font-weight: 400\">Ciudad \/ estado \/ pa\u00eds de nacimiento: Goochland virginia<\/span><\/li>\n<li><span style=\"font-weight: 400\">Edad: 19<\/span><\/li>\n<li><span style=\"font-weight: 400\">Educaci\u00f3n: univeristy<\/span><\/li>\n<li><span style=\"font-weight: 400\">Especializaci\u00f3n: ingles<\/span><\/li>\n<li><span style=\"font-weight: 400\"> \u00a0\u00a0\u00a0<\/span><span style=\"font-weight: 400\">Ocio (actividades favoritas):<\/span> <span style=\"font-weight: 400\">dormir, reuirse con perros, griatr<\/span><\/li>\n<li><span style=\"font-weight: 400\">Why is it important to study world languages?<\/span><\/li>\n<\/ol>\n<p><span style=\"font-weight: 400\">So you aren\u2019t ignorant and able to speak to others in more than one language in the us or traveling<\/span><\/p>\n<ol start=\"10\">\n<li><span style=\"font-weight: 400\"> \u00a0Why are you studying Spanish? I studied in highschool and liked it so I wanted to continue<\/span><\/li>\n<\/ol>\n","protected":false},"excerpt":{"rendered":"<p>Apellido: Stanley Nombre: Abby Correo electr\u00f3nico: astan011@odu.edu Ciudad \/ estado \/ pa\u00eds de nacimiento: Goochland virginia Edad: 19 Educaci\u00f3n: univeristy Especializaci\u00f3n: ingles \u00a0\u00a0\u00a0Ocio (actividades favoritas): dormir, reuirse con perros, griatr Why is it important to study world languages? So you aren\u2019t ignorant and able to speak to others in more than one language in the &hellip; <a href=\"https:\/\/sites.wp.odu.edu\/eportfolio-astann\/profil\/\" class=\"more-link\">Continue reading <span class=\"screen-reader-text\">Profile<\/span><\/a><\/p>\n","protected":false},"author":12201,"featured_media":0,"parent":0,"menu_order":0,"comment_status":"closed","ping_status":"closed","template":"full-width.php","meta":{"footnotes":""},"_links":{"self":[{"href":"https:\/\/sites.wp.odu.edu\/eportfolio-astann\/wp-json\/wp\/v2\/pages\/234"}],"collection":[{"href":"https:\/\/sites.wp.odu.edu\/eportfolio-astann\/wp-json\/wp\/v2\/pages"}],"about":[{"href":"https:\/\/sites.wp.odu.edu\/eportfolio-astann\/wp-json\/wp\/v2\/types\/page"}],"author":[{"embeddable":true,"href":"https:\/\/sites.wp.odu.edu\/eportfolio-astann\/wp-json\/wp\/v2\/users\/12201"}],"replies":[{"embeddable":true,"href":"https:\/\/sites.wp.odu.edu\/eportfolio-astann\/wp-json\/wp\/v2\/comments?post=234"}],"version-history":[{"count":2,"href":"https:\/\/sites.wp.odu.edu\/eportfolio-astann\/wp-json\/wp\/v2\/pages\/234\/revisions"}],"predecessor-version":[{"id":566,"href":"https:\/\/sites.wp.odu.edu\/eportfolio-astann\/wp-json\/wp\/v2\/pages\/234\/revisions\/566"}],"wp:attachment":[{"href":"https:\/\/sites.wp.odu.edu\/eportfolio-astann\/wp-json\/wp\/v2\/media?parent=234"}],"curies":[{"name":"wp","href":"https:\/\/api.w.org\/{rel}","templated":true}]}}