{"id":97,"date":"2022-11-19T16:35:14","date_gmt":"2022-11-19T16:35:14","guid":{"rendered":"https:\/\/sites.wp.odu.edu\/fre366draft\/?page_id=97"},"modified":"2022-12-15T01:00:08","modified_gmt":"2022-12-15T01:00:08","slug":"decouvrir-lentreprise-francaise","status":"publish","type":"page","link":"https:\/\/sites.wp.odu.edu\/fr366\/decouvrir-lentreprise-francaise\/","title":{"rendered":"D\u00e9couvrir l&#8217;entreprise francophone"},"content":{"rendered":"\n<p>This is where you will insert a brief paragraph describing the structures and legal identities of several types of French companies.<\/p>\n\n\n\n<div class=\"wp-block-columns is-layout-flex wp-container-core-columns-layout-1 wp-block-columns-is-layout-flex\">\n<div class=\"wp-block-column is-layout-flow wp-block-column-is-layout-flow\" style=\"flex-basis:100%\">\n<div class=\"wp-block-group is-layout-flow wp-block-group-is-layout-flow\"><div class=\"wp-block-group__inner-container\">\n<figure class=\"wp-block-gallery has-nested-images columns-default is-cropped wp-block-gallery-1 is-layout-flex wp-block-gallery-is-layout-flex\">\n<figure class=\"wp-block-image size-large is-style-default\"><a href=\"https:\/\/sites.wp.odu.edu\/fr366\/wp-content\/uploads\/sites\/31465\/2022\/12\/IMG_66661.jpeg\"><img loading=\"lazy\" decoding=\"async\" width=\"986\" height=\"1024\" src=\"https:\/\/sites.wp.odu.edu\/fr366\/wp-content\/uploads\/sites\/31465\/2022\/12\/IMG_66661-986x1024.jpeg\" alt=\"\" class=\"wp-image-280\" srcset=\"https:\/\/sites.wp.odu.edu\/fr366\/wp-content\/uploads\/sites\/31465\/2022\/12\/IMG_66661-986x1024.jpeg 986w, https:\/\/sites.wp.odu.edu\/fr366\/wp-content\/uploads\/sites\/31465\/2022\/12\/IMG_66661-289x300.jpeg 289w, https:\/\/sites.wp.odu.edu\/fr366\/wp-content\/uploads\/sites\/31465\/2022\/12\/IMG_66661-768x797.jpeg 768w, https:\/\/sites.wp.odu.edu\/fr366\/wp-content\/uploads\/sites\/31465\/2022\/12\/IMG_66661-1480x1536.jpeg 1480w, https:\/\/sites.wp.odu.edu\/fr366\/wp-content\/uploads\/sites\/31465\/2022\/12\/IMG_66661-1973x2048.jpeg 1973w\" sizes=\"(max-width: 986px) 100vw, 986px\" \/><\/a><figcaption>Berg, R. -j. \u201cTypologie Des Entreprises.\u201d Essay. In <em>Parlons Affaires! &#8211; Initiation Au Francais Economique Et Commercial<\/em>, 77\u201378. Cengage Learning, Inc, 2012.<br><\/figcaption><\/figure>\n<\/figure>\n<\/div><\/div>\n\n\n\n<figure class=\"wp-block-image size-large\"><a href=\"https:\/\/sites.wp.odu.edu\/fr366\/wp-content\/uploads\/sites\/31465\/2022\/12\/IMG_66651.jpeg\"><img loading=\"lazy\" decoding=\"async\" width=\"1024\" height=\"794\" src=\"https:\/\/sites.wp.odu.edu\/fr366\/wp-content\/uploads\/sites\/31465\/2022\/12\/IMG_66651-1024x794.jpeg\" alt=\"\" class=\"wp-image-282\" srcset=\"https:\/\/sites.wp.odu.edu\/fr366\/wp-content\/uploads\/sites\/31465\/2022\/12\/IMG_66651-1024x794.jpeg 1024w, https:\/\/sites.wp.odu.edu\/fr366\/wp-content\/uploads\/sites\/31465\/2022\/12\/IMG_66651-300x232.jpeg 300w, https:\/\/sites.wp.odu.edu\/fr366\/wp-content\/uploads\/sites\/31465\/2022\/12\/IMG_66651-768x595.jpeg 768w, https:\/\/sites.wp.odu.edu\/fr366\/wp-content\/uploads\/sites\/31465\/2022\/12\/IMG_66651-1536x1190.jpeg 1536w, https:\/\/sites.wp.odu.edu\/fr366\/wp-content\/uploads\/sites\/31465\/2022\/12\/IMG_66651-2048x1587.jpeg 2048w, https:\/\/sites.wp.odu.edu\/fr366\/wp-content\/uploads\/sites\/31465\/2022\/12\/IMG_66651-387x300.jpeg 387w\" sizes=\"(max-width: 1024px) 100vw, 1024px\" \/><\/a><figcaption>Berg, R. -j. \u201cTypologie Des Entreprises.\u201d Essay. In <em>Parlons Affaires! &#8211; Initiation Au Francais Economique Et Commercial<\/em>, 77\u201378. Cengage Learning, Inc, 2012.<br><\/figcaption><\/figure>\n<\/div>\n<\/div>\n\n\n\n<p><strong>SA <\/strong>: soci\u00e9t\u00e9 anonyme<br>In an SA there is a minimum of 7 partners who can either  be individuals or other businesses. The initial shared capital is 37,000 EUR which is divided between the partners who have limited liability in contribution.<\/p>\n\n\n\n<p>\u00a0<strong>SNC : <\/strong>soci\u00e9t\u00e9 en nom collectif<br>In an SNC there are 2 or more partners in the business who have equal partnership and say with what goes on within the business. No minimum capital is required.<\/p>\n\n\n\n<p><strong>SARL : <\/strong>soci\u00e9t\u00e9 \u00e0 responsabilit\u00e9 limit\u00e9e<br>Most common in France there needs to be at minimum 2 partners and no more than 100 for a traditional SARL. The amount of shared capital is decided between the partners. No minimum capital is required, which is the same in an EURL.<\/p>\n\n\n\n<p><\/p>\n","protected":false},"excerpt":{"rendered":"<p>This is where you will insert a brief paragraph describing the structures and legal identities of several types of French companies. SA : soci\u00e9t\u00e9 anonymeIn an SA there is a minimum of 7 partners who can either be individuals or other businesses. The initial shared capital is 37,000 EUR which is divided between the partners&#8230; <\/p>\n<div class=\"link-more\"><a href=\"https:\/\/sites.wp.odu.edu\/fr366\/decouvrir-lentreprise-francaise\/\">Read More<\/a><\/div>\n","protected":false},"author":17732,"featured_media":0,"parent":0,"menu_order":0,"comment_status":"closed","ping_status":"closed","template":"","meta":{"footnotes":""},"_links":{"self":[{"href":"https:\/\/sites.wp.odu.edu\/fr366\/wp-json\/wp\/v2\/pages\/97"}],"collection":[{"href":"https:\/\/sites.wp.odu.edu\/fr366\/wp-json\/wp\/v2\/pages"}],"about":[{"href":"https:\/\/sites.wp.odu.edu\/fr366\/wp-json\/wp\/v2\/types\/page"}],"author":[{"embeddable":true,"href":"https:\/\/sites.wp.odu.edu\/fr366\/wp-json\/wp\/v2\/users\/17732"}],"replies":[{"embeddable":true,"href":"https:\/\/sites.wp.odu.edu\/fr366\/wp-json\/wp\/v2\/comments?post=97"}],"version-history":[{"count":1,"href":"https:\/\/sites.wp.odu.edu\/fr366\/wp-json\/wp\/v2\/pages\/97\/revisions"}],"predecessor-version":[{"id":283,"href":"https:\/\/sites.wp.odu.edu\/fr366\/wp-json\/wp\/v2\/pages\/97\/revisions\/283"}],"wp:attachment":[{"href":"https:\/\/sites.wp.odu.edu\/fr366\/wp-json\/wp\/v2\/media?parent=97"}],"curies":[{"name":"wp","href":"https:\/\/api.w.org\/{rel}","templated":true}]}}