{"id":478,"date":"2023-01-23T17:08:43","date_gmt":"2023-01-23T17:08:43","guid":{"rendered":"https:\/\/wp.odu.edu\/spring2017-fr102-template\/?page_id=478"},"modified":"2023-05-01T02:44:20","modified_gmt":"2023-05-01T02:44:20","slug":"resume","status":"publish","type":"page","link":"https:\/\/sites.wp.odu.edu\/freli\/resume\/","title":{"rendered":"R\u00e9sum\u00e9"},"content":{"rendered":"<p><b>Resume<\/b><\/p>\n<p><span style=\"font-weight: 400\">Elizjah Eddy<\/span><\/p>\n<p><span style=\"font-weight: 400\">4603 Elkhorn Ave\u00a0<\/span><\/p>\n<p><span style=\"font-weight: 400\">Norfolk, Virginia\u00a0<\/span><\/p>\n<p><span style=\"font-weight: 400\">23508 USA<\/span><\/p>\n<p><span style=\"font-weight: 400\">elizjaheddy@gmail.com<\/span><\/p>\n<p><span style=\"font-weight: 400\">Americain 18 ans<\/span><\/p>\n<p><span style=\"font-weight: 400\">Seul<\/span><\/p>\n<p><b>Cuisinier \u00e0 la cha\u00eene\u00a0<\/b><\/p>\n<p><span style=\"font-weight: 400\">J\u2019ai cuisin\u00e9 pour un long temps et J\u2019ai \u00e0 \u00e9t\u00e9 Un Cuisinier \u00e0 la cha\u00eene<\/span><\/p>\n<p><b>Experience<\/b><\/p>\n<p><span style=\"font-weight: 400\">\u00a0Avril 2023-Cadeau-Cuisinier \u00e0 la cha\u00eene \u00e0 Texas Roadhouse<\/span><\/p>\n<p><b>Langues-\u00a0<\/b><\/p>\n<p><span style=\"font-weight: 400\">Anglais- Langue Maternelle\u00a0<\/span><\/p>\n<p><span style=\"font-weight: 400\">Fran\u00e7ais- Courant\u00a0<\/span><\/p>\n","protected":false},"excerpt":{"rendered":"<p>Resume Elizjah Eddy 4603 Elkhorn Ave\u00a0 Norfolk, Virginia\u00a0 23508 USA elizjaheddy@gmail.com Americain 18 ans Seul Cuisinier \u00e0 la cha\u00eene\u00a0 J\u2019ai cuisin\u00e9 pour un long temps et J\u2019ai \u00e0 \u00e9t\u00e9 Un Cuisinier \u00e0 la cha\u00eene Experience \u00a0Avril 2023-Cadeau-Cuisinier \u00e0 la cha\u00eene&#8230; <a class=\"more-link\" href=\"https:\/\/sites.wp.odu.edu\/freli\/resume\/\">Continue Reading &rarr;<\/a><\/p>\n","protected":false},"author":26007,"featured_media":0,"parent":0,"menu_order":0,"comment_status":"closed","ping_status":"closed","template":"","meta":{"footnotes":""},"_links":{"self":[{"href":"https:\/\/sites.wp.odu.edu\/freli\/wp-json\/wp\/v2\/pages\/478"}],"collection":[{"href":"https:\/\/sites.wp.odu.edu\/freli\/wp-json\/wp\/v2\/pages"}],"about":[{"href":"https:\/\/sites.wp.odu.edu\/freli\/wp-json\/wp\/v2\/types\/page"}],"author":[{"embeddable":true,"href":"https:\/\/sites.wp.odu.edu\/freli\/wp-json\/wp\/v2\/users\/26007"}],"replies":[{"embeddable":true,"href":"https:\/\/sites.wp.odu.edu\/freli\/wp-json\/wp\/v2\/comments?post=478"}],"version-history":[{"count":4,"href":"https:\/\/sites.wp.odu.edu\/freli\/wp-json\/wp\/v2\/pages\/478\/revisions"}],"predecessor-version":[{"id":632,"href":"https:\/\/sites.wp.odu.edu\/freli\/wp-json\/wp\/v2\/pages\/478\/revisions\/632"}],"wp:attachment":[{"href":"https:\/\/sites.wp.odu.edu\/freli\/wp-json\/wp\/v2\/media?parent=478"}],"curies":[{"name":"wp","href":"https:\/\/api.w.org\/{rel}","templated":true}]}}