{"id":505,"date":"2023-01-23T17:08:43","date_gmt":"2023-01-23T17:08:43","guid":{"rendered":"https:\/\/wp.odu.edu\/spring2017-fr102-template\/?page_id=505"},"modified":"2023-05-01T02:04:19","modified_gmt":"2023-05-01T02:04:19","slug":"forum-de-discussion","status":"publish","type":"page","link":"https:\/\/sites.wp.odu.edu\/freli\/forum-de-discussion\/","title":{"rendered":"Forum de Discussion"},"content":{"rendered":"<p>Le\u00e7on 3, Restaurants: Je connais bon restaurant, Grace O&#8217;Malleys. C&#8217;est irlandais cusiner. Je ne vais pas a le restaurant souvent. Je mange avec mes amis souvent et aussi mon pere. J&#8217;aime aller le week-end. Je prefere restaurant c&#8217;est relaxe. J&#8217;aime etre calm.<\/p>\n<p>Le\u00e7on 7 Les corps: Je sente bien. Je fais du musculation souvent, et je joue au basket aussi. Je me dorm \u00e0 22h ou 23h. Je joue sports apr\u00e8s midi. Je n&#8217;ai pas maux. J&#8217;esp\u00e8re manger plus souvent.<\/p>\n<p>Le\u00e7on 9: Les jeunes et le stress: Il faut manger souvent. Il faut sortir pour lumi\u00e8re du soleil. Il faut manger dans mod\u00e9ration. Il faut \u00e9viter souvent temps. Il faut trouver amis. Il est importante faire de la musculation souvent.<\/p>\n","protected":false},"excerpt":{"rendered":"<p>Le\u00e7on 3, Restaurants: Je connais bon restaurant, Grace O&#8217;Malleys. C&#8217;est irlandais cusiner. Je ne vais pas a le restaurant souvent. Je mange avec mes amis souvent et aussi mon pere. J&#8217;aime aller le week-end. Je prefere restaurant c&#8217;est relaxe. J&#8217;aime&#8230; <a class=\"more-link\" href=\"https:\/\/sites.wp.odu.edu\/freli\/forum-de-discussion\/\">Continue Reading &rarr;<\/a><\/p>\n","protected":false},"author":26007,"featured_media":0,"parent":0,"menu_order":0,"comment_status":"closed","ping_status":"closed","template":"","meta":{"footnotes":""},"_links":{"self":[{"href":"https:\/\/sites.wp.odu.edu\/freli\/wp-json\/wp\/v2\/pages\/505"}],"collection":[{"href":"https:\/\/sites.wp.odu.edu\/freli\/wp-json\/wp\/v2\/pages"}],"about":[{"href":"https:\/\/sites.wp.odu.edu\/freli\/wp-json\/wp\/v2\/types\/page"}],"author":[{"embeddable":true,"href":"https:\/\/sites.wp.odu.edu\/freli\/wp-json\/wp\/v2\/users\/26007"}],"replies":[{"embeddable":true,"href":"https:\/\/sites.wp.odu.edu\/freli\/wp-json\/wp\/v2\/comments?post=505"}],"version-history":[{"count":4,"href":"https:\/\/sites.wp.odu.edu\/freli\/wp-json\/wp\/v2\/pages\/505\/revisions"}],"predecessor-version":[{"id":629,"href":"https:\/\/sites.wp.odu.edu\/freli\/wp-json\/wp\/v2\/pages\/505\/revisions\/629"}],"wp:attachment":[{"href":"https:\/\/sites.wp.odu.edu\/freli\/wp-json\/wp\/v2\/media?parent=505"}],"curies":[{"name":"wp","href":"https:\/\/api.w.org\/{rel}","templated":true}]}}