{"id":507,"date":"2023-01-23T17:08:43","date_gmt":"2023-01-23T17:08:43","guid":{"rendered":"https:\/\/wp.odu.edu\/spring2017-fr102-template\/?page_id=507"},"modified":"2023-05-01T02:26:35","modified_gmt":"2023-05-01T02:26:35","slug":"redaction","status":"publish","type":"page","link":"https:\/\/sites.wp.odu.edu\/freli\/redaction\/","title":{"rendered":"R\u00e9daction"},"content":{"rendered":"<p>Redaction le\u00e7on 6<\/p>\n<p><span style=\"font-weight: 400\">J&#8217;\u00e9tudie la science de l&#8217;environnement \u00e0 ODU.<\/span><\/p>\n<p><span style=\"font-weight: 400\">Apr\u00e8s avoir obtenu mon dipl\u00f4me, je voudrais aller \u00e0 facult\u00e9 de droit.<\/span><\/p>\n<p><span style=\"font-weight: 400\">J\u2019aimerais devenir avocat quand j\u2019ai 25 ans.\u00a0<\/span><\/p>\n<p><span style=\"font-weight: 400\">Je n\u2019ai pas tout professionnelle exp\u00e9rience, mais Il faut est n\u00e9cessaire que j\u2019ai plus exp\u00e9rience.<\/span><\/p>\n","protected":false},"excerpt":{"rendered":"<p>Redaction le\u00e7on 6 J&#8217;\u00e9tudie la science de l&#8217;environnement \u00e0 ODU. Apr\u00e8s avoir obtenu mon dipl\u00f4me, je voudrais aller \u00e0 facult\u00e9 de droit. J\u2019aimerais devenir avocat quand j\u2019ai 25 ans.\u00a0 Je n\u2019ai pas tout professionnelle exp\u00e9rience, mais Il faut est n\u00e9cessaire&#8230; <a class=\"more-link\" href=\"https:\/\/sites.wp.odu.edu\/freli\/redaction\/\">Continue Reading &rarr;<\/a><\/p>\n","protected":false},"author":26007,"featured_media":0,"parent":0,"menu_order":0,"comment_status":"closed","ping_status":"closed","template":"","meta":{"footnotes":""},"_links":{"self":[{"href":"https:\/\/sites.wp.odu.edu\/freli\/wp-json\/wp\/v2\/pages\/507"}],"collection":[{"href":"https:\/\/sites.wp.odu.edu\/freli\/wp-json\/wp\/v2\/pages"}],"about":[{"href":"https:\/\/sites.wp.odu.edu\/freli\/wp-json\/wp\/v2\/types\/page"}],"author":[{"embeddable":true,"href":"https:\/\/sites.wp.odu.edu\/freli\/wp-json\/wp\/v2\/users\/26007"}],"replies":[{"embeddable":true,"href":"https:\/\/sites.wp.odu.edu\/freli\/wp-json\/wp\/v2\/comments?post=507"}],"version-history":[{"count":4,"href":"https:\/\/sites.wp.odu.edu\/freli\/wp-json\/wp\/v2\/pages\/507\/revisions"}],"predecessor-version":[{"id":631,"href":"https:\/\/sites.wp.odu.edu\/freli\/wp-json\/wp\/v2\/pages\/507\/revisions\/631"}],"wp:attachment":[{"href":"https:\/\/sites.wp.odu.edu\/freli\/wp-json\/wp\/v2\/media?parent=507"}],"curies":[{"name":"wp","href":"https:\/\/api.w.org\/{rel}","templated":true}]}}